{"id":32226,"date":"2024-05-24T15:00:44","date_gmt":"2024-05-24T13:00:44","guid":{"rendered":"https:\/\/www.chiavariturismo.it\/festa-dello-sport\/"},"modified":"2024-05-24T15:05:37","modified_gmt":"2024-05-24T13:05:37","slug":"festa-dello-sport","status":"publish","type":"page","link":"https:\/\/www.chiavariturismo.it\/en\/festa-dello-sport\/","title":{"rendered":"Festa dello Sport"},"content":{"rendered":"<div class=\"wpb-content-wrapper\"><p>[vc_row][vc_column css_animation=&#8221;none&#8221;][vc_empty_space height=&#8221;20px&#8221; el_class=&#8221;none&#8221;][vc_row_inner][vc_column_inner width=&#8221;1\/4&#8243;][\/vc_column_inner][vc_column_inner width=&#8221;1\/2&#8243;][vc_single_image image=&#8221;32222&#8243; img_size=&#8221;full&#8221; alignment=&#8221;center&#8221; css=&#8221;&#8221;][\/vc_column_inner][vc_column_inner width=&#8221;1\/4&#8243;][\/vc_column_inner][\/vc_row_inner][vc_column_text css=&#8221;&#8221; css_animation=&#8221;none&#8221;]<\/p>\n<div>La <strong>Festa dello Sport<\/strong>, giunta alla sua 6\u00b0 edizione, inaugura, come ogni anno, la stagione autunnale con un open day in cui le associazioni sportive della citt\u00e0 diventano protagoniste. Un evento nato con lo scopo di promuovere lo sport e trasmettere i valori della solidariet\u00e0, della lealt\u00e0 e del rispetto delle regole, valori fondanti della pratica sportiva.<\/div>\n<div>Ad animare la citt\u00e0 diverse esibizioni di atleti, lezioni di prova, un convegno e tanto divertimento.<\/div>\n<p>[\/vc_column_text][vc_empty_space height=&#8221;20px&#8221; el_class=&#8221;none&#8221;][\/vc_column][\/vc_row]<\/p>\n<\/div>","protected":false},"excerpt":{"rendered":"<p>[vc_row][vc_column css_animation=&#8221;none&#8221;][vc_empty_space height=&#8221;20px&#8221; el_class=&#8221;none&#8221;][vc_row_inner][vc_column_inner width=&#8221;1\/4&#8243;][\/vc_column_inner][vc_column_inner width=&#8221;1\/2&#8243;][vc_single_image image=&#8221;32222&#8243; img_size=&#8221;full&#8221; alignment=&#8221;center&#8221; css=&#8221;&#8221;][\/vc_column_inner][vc_column_inner width=&#8221;1\/4&#8243;][\/vc_column_inner][\/vc_row_inner][vc_column_text css=&#8221;&#8221; css_animation=&#8221;none&#8221;] La Festa dello Sport, giunta alla sua&#8230;<\/p>\n","protected":false},"author":2,"featured_media":0,"parent":0,"menu_order":0,"comment_status":"closed","ping_status":"closed","template":"","meta":{"footnotes":""},"class_list":["post-32226","page","type-page","status-publish"],"yoast_head":"<!-- This site is optimized with the Yoast SEO plugin v25.6 - https:\/\/yoast.com\/wordpress\/plugins\/seo\/ -->\n<title>Festa dello Sport | Portale Ufficiale del Turismo Comune di Chiavari<\/title>\n<meta name=\"description\" content=\"Giunta alla sua 6\u00b0 edizione, inaugura la stagione autunnale con un open day in cui le associazioni sportive della citt\u00e0 diventano protagoniste.\" \/>\n<meta name=\"robots\" content=\"index, follow, max-snippet:-1, max-image-preview:large, max-video-preview:-1\" \/>\n<link rel=\"canonical\" href=\"https:\/\/www.chiavariturismo.it\/en\/festa-dello-sport\/\" \/>\n<meta property=\"og:locale\" content=\"en_US\" \/>\n<meta property=\"og:type\" content=\"article\" \/>\n<meta property=\"og:title\" content=\"Festa dello Sport | Portale Ufficiale del Turismo Comune di Chiavari\" \/>\n<meta property=\"og:description\" content=\"Giunta alla sua 6\u00b0 edizione, inaugura la stagione autunnale con un open day in cui le associazioni sportive della citt\u00e0 diventano protagoniste.\" \/>\n<meta property=\"og:url\" content=\"https:\/\/www.chiavariturismo.it\/en\/festa-dello-sport\/\" \/>\n<meta property=\"og:site_name\" content=\"Portale Ufficiale del Turismo Comune di Chiavari\" \/>\n<meta property=\"article:publisher\" content=\"https:\/\/www.facebook.com\/comune.chiavari\/\" \/>\n<meta property=\"article:modified_time\" content=\"2024-05-24T13:05:37+00:00\" \/>\n<meta name=\"twitter:card\" content=\"summary_large_image\" \/>\n<meta name=\"twitter:label1\" content=\"Est. reading time\" \/>\n\t<meta name=\"twitter:data1\" content=\"1 minute\" \/>\n<script type=\"application\/ld+json\" class=\"yoast-schema-graph\">{\"@context\":\"https:\/\/schema.org\",\"@graph\":[{\"@type\":\"WebPage\",\"@id\":\"https:\/\/www.chiavariturismo.it\/en\/festa-dello-sport\/\",\"url\":\"https:\/\/www.chiavariturismo.it\/en\/festa-dello-sport\/\",\"name\":\"Festa dello Sport | Portale Ufficiale del Turismo Comune di Chiavari\",\"isPartOf\":{\"@id\":\"https:\/\/www.chiavariturismo.it\/en\/#website\"},\"datePublished\":\"2024-05-24T13:00:44+00:00\",\"dateModified\":\"2024-05-24T13:05:37+00:00\",\"description\":\"Giunta alla sua 6\u00b0 edizione, inaugura la stagione autunnale con un open day in cui le associazioni sportive della citt\u00e0 diventano protagoniste.\",\"breadcrumb\":{\"@id\":\"https:\/\/www.chiavariturismo.it\/en\/festa-dello-sport\/#breadcrumb\"},\"inLanguage\":\"en-US\",\"potentialAction\":[{\"@type\":\"ReadAction\",\"target\":[\"https:\/\/www.chiavariturismo.it\/en\/festa-dello-sport\/\"]}]},{\"@type\":\"BreadcrumbList\",\"@id\":\"https:\/\/www.chiavariturismo.it\/en\/festa-dello-sport\/#breadcrumb\",\"itemListElement\":[{\"@type\":\"ListItem\",\"position\":1,\"name\":\"Home\",\"item\":\"https:\/\/www.chiavariturismo.it\/en\/\"},{\"@type\":\"ListItem\",\"position\":2,\"name\":\"Festa dello Sport\"}]},{\"@type\":\"WebSite\",\"@id\":\"https:\/\/www.chiavariturismo.it\/en\/#website\",\"url\":\"https:\/\/www.chiavariturismo.it\/en\/\",\"name\":\"Portale Ufficiale del Turismo Comune di Chiavari\",\"description\":\"Chiavari Turismo: scopri la nostra citt\u00e0\",\"publisher\":{\"@id\":\"https:\/\/www.chiavariturismo.it\/en\/#organization\"},\"potentialAction\":[{\"@type\":\"SearchAction\",\"target\":{\"@type\":\"EntryPoint\",\"urlTemplate\":\"https:\/\/www.chiavariturismo.it\/en\/?s={search_term_string}\"},\"query-input\":{\"@type\":\"PropertyValueSpecification\",\"valueRequired\":true,\"valueName\":\"search_term_string\"}}],\"inLanguage\":\"en-US\"},{\"@type\":\"Organization\",\"@id\":\"https:\/\/www.chiavariturismo.it\/en\/#organization\",\"name\":\"Comune di Chiavari\",\"url\":\"https:\/\/www.chiavariturismo.it\/en\/\",\"logo\":{\"@type\":\"ImageObject\",\"inLanguage\":\"en-US\",\"@id\":\"https:\/\/www.chiavariturismo.it\/en\/#\/schema\/logo\/image\/\",\"url\":\"https:\/\/www.chiavariturismo.it\/wp-content\/uploads\/2018\/10\/Chiavari-Stemma-logo.jpg\",\"contentUrl\":\"https:\/\/www.chiavariturismo.it\/wp-content\/uploads\/2018\/10\/Chiavari-Stemma-logo.jpg\",\"width\":100,\"height\":96,\"caption\":\"Comune di Chiavari\"},\"image\":{\"@id\":\"https:\/\/www.chiavariturismo.it\/en\/#\/schema\/logo\/image\/\"},\"sameAs\":[\"https:\/\/www.facebook.com\/comune.chiavari\/\"]}]}<\/script>\n<!-- \/ Yoast SEO plugin. -->","yoast_head_json":{"title":"Festa dello Sport | Portale Ufficiale del Turismo Comune di Chiavari","description":"Giunta alla sua 6\u00b0 edizione, inaugura la stagione autunnale con un open day in cui le associazioni sportive della citt\u00e0 diventano protagoniste.","robots":{"index":"index","follow":"follow","max-snippet":"max-snippet:-1","max-image-preview":"max-image-preview:large","max-video-preview":"max-video-preview:-1"},"canonical":"https:\/\/www.chiavariturismo.it\/en\/festa-dello-sport\/","og_locale":"en_US","og_type":"article","og_title":"Festa dello Sport | Portale Ufficiale del Turismo Comune di Chiavari","og_description":"Giunta alla sua 6\u00b0 edizione, inaugura la stagione autunnale con un open day in cui le associazioni sportive della citt\u00e0 diventano protagoniste.","og_url":"https:\/\/www.chiavariturismo.it\/en\/festa-dello-sport\/","og_site_name":"Portale Ufficiale del Turismo Comune di Chiavari","article_publisher":"https:\/\/www.facebook.com\/comune.chiavari\/","article_modified_time":"2024-05-24T13:05:37+00:00","twitter_card":"summary_large_image","twitter_misc":{"Est. reading time":"1 minute"},"schema":{"@context":"https:\/\/schema.org","@graph":[{"@type":"WebPage","@id":"https:\/\/www.chiavariturismo.it\/en\/festa-dello-sport\/","url":"https:\/\/www.chiavariturismo.it\/en\/festa-dello-sport\/","name":"Festa dello Sport | Portale Ufficiale del Turismo Comune di Chiavari","isPartOf":{"@id":"https:\/\/www.chiavariturismo.it\/en\/#website"},"datePublished":"2024-05-24T13:00:44+00:00","dateModified":"2024-05-24T13:05:37+00:00","description":"Giunta alla sua 6\u00b0 edizione, inaugura la stagione autunnale con un open day in cui le associazioni sportive della citt\u00e0 diventano protagoniste.","breadcrumb":{"@id":"https:\/\/www.chiavariturismo.it\/en\/festa-dello-sport\/#breadcrumb"},"inLanguage":"en-US","potentialAction":[{"@type":"ReadAction","target":["https:\/\/www.chiavariturismo.it\/en\/festa-dello-sport\/"]}]},{"@type":"BreadcrumbList","@id":"https:\/\/www.chiavariturismo.it\/en\/festa-dello-sport\/#breadcrumb","itemListElement":[{"@type":"ListItem","position":1,"name":"Home","item":"https:\/\/www.chiavariturismo.it\/en\/"},{"@type":"ListItem","position":2,"name":"Festa dello Sport"}]},{"@type":"WebSite","@id":"https:\/\/www.chiavariturismo.it\/en\/#website","url":"https:\/\/www.chiavariturismo.it\/en\/","name":"Portale Ufficiale del Turismo Comune di Chiavari","description":"Chiavari Turismo: scopri la nostra citt\u00e0","publisher":{"@id":"https:\/\/www.chiavariturismo.it\/en\/#organization"},"potentialAction":[{"@type":"SearchAction","target":{"@type":"EntryPoint","urlTemplate":"https:\/\/www.chiavariturismo.it\/en\/?s={search_term_string}"},"query-input":{"@type":"PropertyValueSpecification","valueRequired":true,"valueName":"search_term_string"}}],"inLanguage":"en-US"},{"@type":"Organization","@id":"https:\/\/www.chiavariturismo.it\/en\/#organization","name":"Comune di Chiavari","url":"https:\/\/www.chiavariturismo.it\/en\/","logo":{"@type":"ImageObject","inLanguage":"en-US","@id":"https:\/\/www.chiavariturismo.it\/en\/#\/schema\/logo\/image\/","url":"https:\/\/www.chiavariturismo.it\/wp-content\/uploads\/2018\/10\/Chiavari-Stemma-logo.jpg","contentUrl":"https:\/\/www.chiavariturismo.it\/wp-content\/uploads\/2018\/10\/Chiavari-Stemma-logo.jpg","width":100,"height":96,"caption":"Comune di Chiavari"},"image":{"@id":"https:\/\/www.chiavariturismo.it\/en\/#\/schema\/logo\/image\/"},"sameAs":["https:\/\/www.facebook.com\/comune.chiavari\/"]}]}},"_links":{"self":[{"href":"https:\/\/www.chiavariturismo.it\/en\/wp-json\/wp\/v2\/pages\/32226","targetHints":{"allow":["GET"]}}],"collection":[{"href":"https:\/\/www.chiavariturismo.it\/en\/wp-json\/wp\/v2\/pages"}],"about":[{"href":"https:\/\/www.chiavariturismo.it\/en\/wp-json\/wp\/v2\/types\/page"}],"author":[{"embeddable":true,"href":"https:\/\/www.chiavariturismo.it\/en\/wp-json\/wp\/v2\/users\/2"}],"replies":[{"embeddable":true,"href":"https:\/\/www.chiavariturismo.it\/en\/wp-json\/wp\/v2\/comments?post=32226"}],"version-history":[{"count":2,"href":"https:\/\/www.chiavariturismo.it\/en\/wp-json\/wp\/v2\/pages\/32226\/revisions"}],"predecessor-version":[{"id":32243,"href":"https:\/\/www.chiavariturismo.it\/en\/wp-json\/wp\/v2\/pages\/32226\/revisions\/32243"}],"wp:attachment":[{"href":"https:\/\/www.chiavariturismo.it\/en\/wp-json\/wp\/v2\/media?parent=32226"}],"curies":[{"name":"wp","href":"https:\/\/api.w.org\/{rel}","templated":true}]}}