{"id":28647,"date":"2019-07-03T16:23:51","date_gmt":"2019-07-03T14:23:51","guid":{"rendered":"https:\/\/www.chiavariturismo.it\/?page_id=28647"},"modified":"2025-05-13T11:49:31","modified_gmt":"2025-05-13T09:49:31","slug":"a-deux-pas-de","status":"publish","type":"page","link":"https:\/\/www.chiavariturismo.it\/fr\/a-deux-pas-de\/","title":{"rendered":"A deux pas de\u2026"},"content":{"rendered":"<div class=\"wpb-content-wrapper\"><p>[vc_row full_width=&#8221;stretch_row_content_no_spaces&#8221;][vc_column]\n\t\t\t<!-- START come arrivare REVOLUTION SLIDER 6.7.35 --><p class=\"rs-p-wp-fix\"><\/p>\n\t\t\t<rs-module-wrap id=\"rev_slider_58_1_wrapper\" data-source=\"gallery\" style=\"visibility:hidden;background:#ffffff;padding:0;margin:0px auto;margin-top:0;margin-bottom:0;\">\n\t\t\t\t<rs-module id=\"rev_slider_58_1\" style=\"\" data-version=\"6.7.35\">\n\t\t\t\t\t<rs-slides style=\"overflow: hidden; position: absolute;\">\n\t\t\t\t\t\t<rs-slide style=\"position: absolute;\" data-key=\"rs-96\" data-title=\"Slide\" data-duration=\"9000\" data-anim=\"ms:10;\" data-in=\"o:1;\" data-out=\"a:false;\" data-hal=\"500\">\n\t\t\t\t\t\t\t<img src=\"\/\/www.chiavariturismo.it\/wp-content\/plugins\/revslider\/sr6\/assets\/assets\/dummy.png\" alt=\"come raggiungere\" title=\"come raggiungere\" width=\"2200\" height=\"1103\" class=\"rev-slidebg tp-rs-img rs-lazyload\" data-lazyload=\"\/\/www.chiavariturismo.it\/wp-content\/uploads\/2024\/11\/come-raggiungere.jpg\" data-bg=\"p:center bottom;\" data-parallax=\"15\" data-no-retina>\n<!--\n\t\t\t\t\t\t\t--><h1\n\t\t\t\t\t\t\t\tid=\"slider-58-slide-96-layer-1\" \n\t\t\t\t\t\t\t\tclass=\"rs-layer text-shadow\"\n\t\t\t\t\t\t\t\tdata-type=\"text\"\n\t\t\t\t\t\t\t\tdata-rsp_ch=\"on\"\n\t\t\t\t\t\t\t\ttitle=\"Eventi e Manifestazioni\"\n\t\t\t\t\t\t\t\tdata-xy=\"x:c;y:m;\"\n\t\t\t\t\t\t\t\tdata-text=\"s:80,66,51,32;l:85,64,42,32;a:center;\"\n\t\t\t\t\t\t\t\tdata-frame_1=\"x:0,0px,0px,0px;y:0,0px,0px,0px;\"\n\t\t\t\t\t\t\t\tdata-frame_999=\"o:0;st:w;sR:8700;\"\n\t\t\t\t\t\t\t\tstyle=\"z-index:5;font-family:'Georgia', 'serif';\"\n\t\t\t\t\t\t\t>COMMENT S\u2019Y RENDRE  \n\t\t\t\t\t\t\t<\/h1><!--\n-->\t\t\t\t\t<\/rs-slide>\n\t\t\t\t\t<\/rs-slides>\n\t\t\t\t<\/rs-module>\n\t\t\t\t<script>\n\t\t\t\t\tsetREVStartSize({c: 'rev_slider_58_1',rl:[1240,1024,778,480],el:[950,767,960,720],gw:[1920,1024,778,480],gh:[950,768,960,720],type:'hero',justify:'',layout:'fullwidth',mh:\"0\"});if (window.RS_MODULES!==undefined && window.RS_MODULES.modules!==undefined && window.RS_MODULES.modules[\"revslider581\"]!==undefined) {window.RS_MODULES.modules[\"revslider581\"].once = false;window.revapi58 = undefined;if (window.RS_MODULES.checkMinimal!==undefined) window.RS_MODULES.checkMinimal()}\n\t\t\t\t<\/script>\n\t\t\t<\/rs-module-wrap>\n\t\t\t<!-- END REVOLUTION SLIDER -->\n[vc_empty_space][\/vc_column][\/vc_row][vc_row][vc_column css_animation=&#8221;slideInLeft&#8221;][vc_column_text css=&#8221;&#8221; css_animation=&#8221;fadeIn&#8221;]Chiavari, perle du Tigullio, est situ\u00e9 au centre d\u2019une grande baie o\u00f9 l\u2019on trouve le fameux <a style=\"text-decoration: underline;\" href=\"http:\/\/www.comune.portofino.genova.it\/il-turista\" target=\"_blank\" rel=\"noopener noreferrer\"><strong>Portofino<\/strong><\/a>, <a style=\"text-decoration: underline;\" href=\"http:\/\/www.smlturismo.it\/\" target=\"_blank\" rel=\"noopener noreferrer\"><strong>Santa Margherita Ligure<\/strong><\/a>, chic et caract\u00e9ristique, <a style=\"text-decoration: underline;\" href=\"https:\/\/www.comune.rapallo.ge.it\/pagina487_canale-turismo.html\" target=\"_blank\" rel=\"noopener noreferrer\"><strong>Rapallo<\/strong><\/a>, tr\u00e8s renomm\u00e9, et plus \u00e0 est <a style=\"text-decoration: underline;\" href=\"http:\/\/www.sestri-levante.net\/\" target=\"_blank\" rel=\"noopener noreferrer\"><strong>Sestri Levante<\/strong><\/a>, haut lieu de tourisme.<\/p>\n<p>Chiavari est nich\u00e9 entre Portofino et les Cinque Terre, bourgs de p\u00eacheurs caract\u00e9ristiques connus dans le monde entier. Monterosso, Vernazza, Corniglia, Manarola et Riomaggiore attirent des milliers de visiteurs chaque ann\u00e9e.<\/p>\n<p>On peut facilement rejoindre les Cinque Terre, dans la province de La Spezia, par mer et terre, c\u2019est-\u00e0-dire en utilisant les trains r\u00e9gionaux sp\u00e9cialement programm\u00e9s.\u00a0En outre, ces villages font partie du <strong><a style=\"text-decoration: underline;\" href=\"http:\/\/www.parconazionale5terre.it\/\" target=\"_blank\" rel=\"noopener noreferrer\">Parc National des 5 Terres<\/a><\/strong> qui offre un merveilleux r\u00e9seau de sentiers pour les randonneurs ainsi que des activit\u00e9s dans l\u2019Aire Marine Prot\u00e9g\u00e9e.<\/p>\n<p>Chiavari fait partie de la <strong><a style=\"text-decoration: underline;\" href=\"http:\/\/www.cittametropolitana.genova.it\/\" target=\"_blank\" rel=\"noopener noreferrer\">&#8220;Citt\u00e0 Metropolitana di Genova&#8221;<\/a><\/strong>, ancienne &#8220;Provincia di Genova&#8221;.<\/p>\n<p>La c\u00f4te est riche en baies et criques o\u00f9 l\u2019on peut accoster par la mer ou que l\u2019on peut rejoindre \u00e0 pied, \u00e0 travers des sentiers quelques parfois escarp\u00e9s qui alternent avec de longues plages sableuses ou pierreuses du littoral.<\/p>\n<p>En plus de la mer qui, par sa transparence et sa richesse, rappelle celle d\u2019une \u00eele, il existe un arri\u00e8re-pays o\u00f9 l\u2019on peut d\u00e9couvrir de petits bourgs restaur\u00e9s, des cultures en terrasses naturelles, des vignobles, et des produits typiques issus de l\u2019agriculture ou de l\u2019\u00e9levage locaux.<\/p>\n<p>Il vaut la peine de visiter le <a style=\"text-decoration: underline;\" href=\"http:\/\/www.parcoaveto.it\/\" target=\"_blank\" rel=\"noopener noreferrer\"><strong>Parc Naturel Regionale dell\u2019Aveto <\/strong><\/a>avec ses sommets et ses refuges situ\u00e9s \u00e0 plus de 1.000 m\u00e8tres d\u2019altitude. \u00c0 l\u2019int\u00e9rieur du parc, et \u00e0 environ 1h15 de Chiavari, on peut rejoindre Santo Stefano d\u2019Aveto, qui se transforme en hiver en station de ski.[\/vc_column_text][vc_empty_space height=&#8221;50px&#8221;][\/vc_column][\/vc_row]<\/p>\n<\/div>","protected":false},"excerpt":{"rendered":"<p>[vc_row full_width=&#8221;stretch_row_content_no_spaces&#8221;][vc_column][vc_empty_space][\/vc_column][\/vc_row][vc_row][vc_column css_animation=&#8221;slideInLeft&#8221;][vc_column_text css=&#8221;&#8221; css_animation=&#8221;fadeIn&#8221;]Chiavari, perle du Tigullio, est situ\u00e9 au centre d\u2019une grande baie o\u00f9 l\u2019on trouve le fameux&#8230;<\/p>\n","protected":false},"author":2,"featured_media":0,"parent":0,"menu_order":0,"comment_status":"closed","ping_status":"closed","template":"","meta":{"footnotes":""},"class_list":["post-28647","page","type-page","status-publish"],"yoast_head":"<!-- This site is optimized with the Yoast SEO plugin v25.6 - https:\/\/yoast.com\/wordpress\/plugins\/seo\/ -->\n<title>A deux pas de\u2026 | Portale Ufficiale del Turismo Comune di Chiavari<\/title>\n<meta name=\"robots\" content=\"index, follow, max-snippet:-1, max-image-preview:large, max-video-preview:-1\" \/>\n<link rel=\"canonical\" href=\"https:\/\/www.chiavariturismo.it\/fr\/a-deux-pas-de\/\" \/>\n<meta property=\"og:locale\" content=\"fr_FR\" \/>\n<meta property=\"og:type\" content=\"article\" \/>\n<meta property=\"og:title\" content=\"A deux pas de\u2026 | Portale Ufficiale del Turismo Comune di Chiavari\" \/>\n<meta property=\"og:description\" content=\"[vc_row full_width=&#8221;stretch_row_content_no_spaces&#8221;][vc_column][vc_empty_space][\/vc_column][\/vc_row][vc_row][vc_column css_animation=&#8221;slideInLeft&#8221;][vc_column_text css=&#8221;&#8221; css_animation=&#8221;fadeIn&#8221;]Chiavari, perle du Tigullio, est situ\u00e9 au centre d\u2019une grande baie o\u00f9 l\u2019on trouve le fameux...\" \/>\n<meta property=\"og:url\" content=\"https:\/\/www.chiavariturismo.it\/fr\/a-deux-pas-de\/\" \/>\n<meta property=\"og:site_name\" content=\"Portale Ufficiale del Turismo Comune di Chiavari\" \/>\n<meta property=\"article:publisher\" content=\"https:\/\/www.facebook.com\/comune.chiavari\/\" \/>\n<meta property=\"article:modified_time\" content=\"2025-05-13T09:49:31+00:00\" \/>\n<meta name=\"twitter:card\" content=\"summary_large_image\" \/>\n<meta name=\"twitter:label1\" content=\"Dur\u00e9e de lecture estim\u00e9e\" \/>\n\t<meta name=\"twitter:data1\" content=\"2 minutes\" \/>\n<script type=\"application\/ld+json\" class=\"yoast-schema-graph\">{\"@context\":\"https:\/\/schema.org\",\"@graph\":[{\"@type\":\"WebPage\",\"@id\":\"https:\/\/www.chiavariturismo.it\/fr\/a-deux-pas-de\/\",\"url\":\"https:\/\/www.chiavariturismo.it\/fr\/a-deux-pas-de\/\",\"name\":\"A deux pas de\u2026 | Portale Ufficiale del Turismo Comune di Chiavari\",\"isPartOf\":{\"@id\":\"https:\/\/www.chiavariturismo.it\/fr\/#website\"},\"datePublished\":\"2019-07-03T14:23:51+00:00\",\"dateModified\":\"2025-05-13T09:49:31+00:00\",\"breadcrumb\":{\"@id\":\"https:\/\/www.chiavariturismo.it\/fr\/a-deux-pas-de\/#breadcrumb\"},\"inLanguage\":\"fr-FR\",\"potentialAction\":[{\"@type\":\"ReadAction\",\"target\":[\"https:\/\/www.chiavariturismo.it\/fr\/a-deux-pas-de\/\"]}]},{\"@type\":\"BreadcrumbList\",\"@id\":\"https:\/\/www.chiavariturismo.it\/fr\/a-deux-pas-de\/#breadcrumb\",\"itemListElement\":[{\"@type\":\"ListItem\",\"position\":1,\"name\":\"Home\",\"item\":\"https:\/\/www.chiavariturismo.it\/fr\/\"},{\"@type\":\"ListItem\",\"position\":2,\"name\":\"A deux pas de\u2026\"}]},{\"@type\":\"WebSite\",\"@id\":\"https:\/\/www.chiavariturismo.it\/fr\/#website\",\"url\":\"https:\/\/www.chiavariturismo.it\/fr\/\",\"name\":\"Portale Ufficiale del Turismo Comune di Chiavari\",\"description\":\"Chiavari Turismo: scopri la nostra citt\u00e0\",\"publisher\":{\"@id\":\"https:\/\/www.chiavariturismo.it\/fr\/#organization\"},\"potentialAction\":[{\"@type\":\"SearchAction\",\"target\":{\"@type\":\"EntryPoint\",\"urlTemplate\":\"https:\/\/www.chiavariturismo.it\/fr\/?s={search_term_string}\"},\"query-input\":{\"@type\":\"PropertyValueSpecification\",\"valueRequired\":true,\"valueName\":\"search_term_string\"}}],\"inLanguage\":\"fr-FR\"},{\"@type\":\"Organization\",\"@id\":\"https:\/\/www.chiavariturismo.it\/fr\/#organization\",\"name\":\"Comune di Chiavari\",\"url\":\"https:\/\/www.chiavariturismo.it\/fr\/\",\"logo\":{\"@type\":\"ImageObject\",\"inLanguage\":\"fr-FR\",\"@id\":\"https:\/\/www.chiavariturismo.it\/fr\/#\/schema\/logo\/image\/\",\"url\":\"https:\/\/www.chiavariturismo.it\/wp-content\/uploads\/2018\/10\/Chiavari-Stemma-logo.jpg\",\"contentUrl\":\"https:\/\/www.chiavariturismo.it\/wp-content\/uploads\/2018\/10\/Chiavari-Stemma-logo.jpg\",\"width\":100,\"height\":96,\"caption\":\"Comune di Chiavari\"},\"image\":{\"@id\":\"https:\/\/www.chiavariturismo.it\/fr\/#\/schema\/logo\/image\/\"},\"sameAs\":[\"https:\/\/www.facebook.com\/comune.chiavari\/\"]}]}<\/script>\n<!-- \/ Yoast SEO plugin. -->","yoast_head_json":{"title":"A deux pas de\u2026 | Portale Ufficiale del Turismo Comune di Chiavari","robots":{"index":"index","follow":"follow","max-snippet":"max-snippet:-1","max-image-preview":"max-image-preview:large","max-video-preview":"max-video-preview:-1"},"canonical":"https:\/\/www.chiavariturismo.it\/fr\/a-deux-pas-de\/","og_locale":"fr_FR","og_type":"article","og_title":"A deux pas de\u2026 | Portale Ufficiale del Turismo Comune di Chiavari","og_description":"[vc_row full_width=&#8221;stretch_row_content_no_spaces&#8221;][vc_column][vc_empty_space][\/vc_column][\/vc_row][vc_row][vc_column css_animation=&#8221;slideInLeft&#8221;][vc_column_text css=&#8221;&#8221; css_animation=&#8221;fadeIn&#8221;]Chiavari, perle du Tigullio, est situ\u00e9 au centre d\u2019une grande baie o\u00f9 l\u2019on trouve le fameux...","og_url":"https:\/\/www.chiavariturismo.it\/fr\/a-deux-pas-de\/","og_site_name":"Portale Ufficiale del Turismo Comune di Chiavari","article_publisher":"https:\/\/www.facebook.com\/comune.chiavari\/","article_modified_time":"2025-05-13T09:49:31+00:00","twitter_card":"summary_large_image","twitter_misc":{"Dur\u00e9e de lecture estim\u00e9e":"2 minutes"},"schema":{"@context":"https:\/\/schema.org","@graph":[{"@type":"WebPage","@id":"https:\/\/www.chiavariturismo.it\/fr\/a-deux-pas-de\/","url":"https:\/\/www.chiavariturismo.it\/fr\/a-deux-pas-de\/","name":"A deux pas de\u2026 | Portale Ufficiale del Turismo Comune di Chiavari","isPartOf":{"@id":"https:\/\/www.chiavariturismo.it\/fr\/#website"},"datePublished":"2019-07-03T14:23:51+00:00","dateModified":"2025-05-13T09:49:31+00:00","breadcrumb":{"@id":"https:\/\/www.chiavariturismo.it\/fr\/a-deux-pas-de\/#breadcrumb"},"inLanguage":"fr-FR","potentialAction":[{"@type":"ReadAction","target":["https:\/\/www.chiavariturismo.it\/fr\/a-deux-pas-de\/"]}]},{"@type":"BreadcrumbList","@id":"https:\/\/www.chiavariturismo.it\/fr\/a-deux-pas-de\/#breadcrumb","itemListElement":[{"@type":"ListItem","position":1,"name":"Home","item":"https:\/\/www.chiavariturismo.it\/fr\/"},{"@type":"ListItem","position":2,"name":"A deux pas de\u2026"}]},{"@type":"WebSite","@id":"https:\/\/www.chiavariturismo.it\/fr\/#website","url":"https:\/\/www.chiavariturismo.it\/fr\/","name":"Portale Ufficiale del Turismo Comune di Chiavari","description":"Chiavari Turismo: scopri la nostra citt\u00e0","publisher":{"@id":"https:\/\/www.chiavariturismo.it\/fr\/#organization"},"potentialAction":[{"@type":"SearchAction","target":{"@type":"EntryPoint","urlTemplate":"https:\/\/www.chiavariturismo.it\/fr\/?s={search_term_string}"},"query-input":{"@type":"PropertyValueSpecification","valueRequired":true,"valueName":"search_term_string"}}],"inLanguage":"fr-FR"},{"@type":"Organization","@id":"https:\/\/www.chiavariturismo.it\/fr\/#organization","name":"Comune di Chiavari","url":"https:\/\/www.chiavariturismo.it\/fr\/","logo":{"@type":"ImageObject","inLanguage":"fr-FR","@id":"https:\/\/www.chiavariturismo.it\/fr\/#\/schema\/logo\/image\/","url":"https:\/\/www.chiavariturismo.it\/wp-content\/uploads\/2018\/10\/Chiavari-Stemma-logo.jpg","contentUrl":"https:\/\/www.chiavariturismo.it\/wp-content\/uploads\/2018\/10\/Chiavari-Stemma-logo.jpg","width":100,"height":96,"caption":"Comune di Chiavari"},"image":{"@id":"https:\/\/www.chiavariturismo.it\/fr\/#\/schema\/logo\/image\/"},"sameAs":["https:\/\/www.facebook.com\/comune.chiavari\/"]}]}},"_links":{"self":[{"href":"https:\/\/www.chiavariturismo.it\/fr\/wp-json\/wp\/v2\/pages\/28647","targetHints":{"allow":["GET"]}}],"collection":[{"href":"https:\/\/www.chiavariturismo.it\/fr\/wp-json\/wp\/v2\/pages"}],"about":[{"href":"https:\/\/www.chiavariturismo.it\/fr\/wp-json\/wp\/v2\/types\/page"}],"author":[{"embeddable":true,"href":"https:\/\/www.chiavariturismo.it\/fr\/wp-json\/wp\/v2\/users\/2"}],"replies":[{"embeddable":true,"href":"https:\/\/www.chiavariturismo.it\/fr\/wp-json\/wp\/v2\/comments?post=28647"}],"version-history":[{"count":12,"href":"https:\/\/www.chiavariturismo.it\/fr\/wp-json\/wp\/v2\/pages\/28647\/revisions"}],"predecessor-version":[{"id":35177,"href":"https:\/\/www.chiavariturismo.it\/fr\/wp-json\/wp\/v2\/pages\/28647\/revisions\/35177"}],"wp:attachment":[{"href":"https:\/\/www.chiavariturismo.it\/fr\/wp-json\/wp\/v2\/media?parent=28647"}],"curies":[{"name":"wp","href":"https:\/\/api.w.org\/{rel}","templated":true}]}}