{"id":28687,"date":"2019-07-04T11:11:50","date_gmt":"2019-07-04T09:11:50","guid":{"rendered":"https:\/\/www.chiavariturismo.it\/?page_id=28687"},"modified":"2024-11-27T14:54:11","modified_gmt":"2024-11-27T13:54:11","slug":"evenements-et-manifestations","status":"publish","type":"page","link":"https:\/\/www.chiavariturismo.it\/fr\/evenements-et-manifestations\/","title":{"rendered":"\u00c9v\u00e8nements et Manifestations"},"content":{"rendered":"<div class=\"wpb-content-wrapper\">[vc_row][vc_column]\n\t\t\t<!-- START eventi REVOLUTION SLIDER 6.7.35 --><p class=\"rs-p-wp-fix\"><\/p>\n\t\t\t<rs-module-wrap id=\"rev_slider_56_1_wrapper\" data-source=\"gallery\" style=\"visibility:hidden;background:#ffffff;padding:0;margin:0px auto;margin-top:0;margin-bottom:0;\">\n\t\t\t\t<rs-module id=\"rev_slider_56_1\" style=\"\" data-version=\"6.7.35\">\n\t\t\t\t\t<rs-slides style=\"overflow: hidden; position: absolute;\">\n\t\t\t\t\t\t<rs-slide style=\"position: absolute;\" data-key=\"rs-90\" data-title=\"Slide\" data-duration=\"9000\" data-anim=\"ms:10;\" data-in=\"o:1;\" data-out=\"a:false;\" data-hal=\"500\">\n\t\t\t\t\t\t\t<img src=\"\/\/www.chiavariturismo.it\/wp-content\/plugins\/revslider\/sr6\/assets\/assets\/dummy.png\" alt=\"EVENTS AND FESTIVALS\" title=\"EVENTS AND FESTIVALS\" width=\"2200\" height=\"1103\" class=\"rev-slidebg tp-rs-img rs-lazyload\" data-lazyload=\"\/\/www.chiavariturismo.it\/wp-content\/uploads\/2024\/11\/eventi-img.jpg\" data-bg=\"p:center bottom;\" data-parallax=\"15\" data-no-retina>\n<!--\n\t\t\t\t\t\t\t--><h1\n\t\t\t\t\t\t\t\tid=\"slider-56-slide-90-layer-1\" \n\t\t\t\t\t\t\t\tclass=\"rs-layer text-shadow\"\n\t\t\t\t\t\t\t\tdata-type=\"text\"\n\t\t\t\t\t\t\t\tdata-rsp_ch=\"on\"\n\t\t\t\t\t\t\t\ttitle=\"Eventi e Manifestazioni\"\n\t\t\t\t\t\t\t\tdata-xy=\"x:c;y:m;\"\n\t\t\t\t\t\t\t\tdata-text=\"s:80,53,39,24;l:85,64,42,32;a:center;\"\n\t\t\t\t\t\t\t\tdata-frame_1=\"x:0,0px,0px,0px;y:0,0px,0px,0px;\"\n\t\t\t\t\t\t\t\tdata-frame_999=\"o:0;st:w;sR:8700;\"\n\t\t\t\t\t\t\t\tstyle=\"z-index:5;font-family:'Georgia', 'serif';\"\n\t\t\t\t\t\t\t>\u00c9V\u00c8NEMENTS ET MANIFESTATIONS \n\t\t\t\t\t\t\t<\/h1><!--\n-->\t\t\t\t\t<\/rs-slide>\n\t\t\t\t\t<\/rs-slides>\n\t\t\t\t<\/rs-module>\n\t\t\t\t<script>\n\t\t\t\t\tsetREVStartSize({c: 'rev_slider_56_1',rl:[1240,1024,778,480],el:[950,767.986,960,720],gw:[1920,1024,778,480],gh:[950,768,960,720],type:'hero',justify:'',layout:'fullwidth',mh:\"0\"});if (window.RS_MODULES!==undefined && window.RS_MODULES.modules!==undefined && window.RS_MODULES.modules[\"revslider561\"]!==undefined) {window.RS_MODULES.modules[\"revslider561\"].once = false;window.revapi56 = undefined;if (window.RS_MODULES.checkMinimal!==undefined) window.RS_MODULES.checkMinimal()}\n\t\t\t\t<\/script>\n\t\t\t<\/rs-module-wrap>\n\t\t\t<!-- END REVOLUTION SLIDER -->\n[vc_empty_space][vc_row_inner][vc_column_inner width=&#8221;1\/3&#8243;][vc_single_image image=&#8221;31781&#8243; img_size=&#8221;full&#8221; alignment=&#8221;center&#8221; css=&#8221;&#8221;][\/vc_column_inner][vc_column_inner width=&#8221;1\/3&#8243;][vc_single_image image=&#8221;31771&#8243; img_size=&#8221;full&#8221; alignment=&#8221;center&#8221; css=&#8221;&#8221;][\/vc_column_inner][vc_column_inner width=&#8221;1\/3&#8243;][vc_single_image image=&#8221;31799&#8243; img_size=&#8221;full&#8221; alignment=&#8221;center&#8221; css=&#8221;&#8221;][\/vc_column_inner][\/vc_row_inner][vc_row_inner][vc_column_inner width=&#8221;1\/3&#8243;][vc_single_image image=&#8221;31786&#8243; img_size=&#8221;full&#8221; alignment=&#8221;center&#8221; css=&#8221;&#8221;][\/vc_column_inner][vc_column_inner width=&#8221;1\/3&#8243;][vc_single_image image=&#8221;31804&#8243; img_size=&#8221;full&#8221; alignment=&#8221;center&#8221; css=&#8221;&#8221;][\/vc_column_inner][vc_column_inner width=&#8221;1\/3&#8243;][vc_single_image image=&#8221;31817&#8243; img_size=&#8221;full&#8221; alignment=&#8221;center&#8221; css=&#8221;&#8221;][\/vc_column_inner][\/vc_row_inner][vc_column_text]Ces derni\u00e8res ann\u00e9es Chiavari est devenu un endroit riche en \u00e9v\u00e8nements et manifestations, certaines \u00e0 cadence r\u00e9guli\u00e8re, mensuelle ou annuelle, d\u2019autres occasionnelles, li\u00e9es \u00e0 la saison touristique estivale.\r\n\r\nLes manifestations suivantes attirent les visiteurs qui viennent de loin:\r\n\r\n<span class=\"focus\">Chiavari en Fleur:<\/span> pendant deux jours le centre historique est litt\u00e9ralement submerg\u00e9 de plantes et de fleurs.\r\n\r\n<span class=\"focus\">Festival de la Parole:<\/span> pendant quatre jours le centre historique de la ville s\u2019anime avec des manifestations li\u00e9es \u00e0 la po\u00e9sie et \u00e0 la litt\u00e9rature, avec des t\u00e9moignages de personnages illustres.\r\n\r\n<span class=\"focus\">March\u00e9 des Antiquaires<\/span><span class=\"focus\">:<\/span> des exposants provenant du centre et du nord de l\u2019Italie, mais aussi de France et d\u2019Allemagne. Il s\u2019agit l\u00e0, dans son secteur, d\u2019une des principales manifestations en Ligurie.\r\n\r\n<span class=\"focus\">March\u00e9 des Saveurs et des Traditions:<\/span> il est possible de d\u00e9guster et d\u2019acheter des produits typiques provenant de diff\u00e9rentes r\u00e9gions italiennes.[\/vc_column_text][vc_empty_space][vc_column_text css=&#8221;&#8221;]<div id=\"eventful_pro_wrapper-32118\" class=\"ta-eventful-pro-section ta-container eventful-pro-wrapper-32118 eventful-pro-even eventful_pro_same_height \"  data-pagination=ajax_load_more data-pagination_mobile=infinite_scroll data-sid=32118 data-lang=\"\">\n\n\t\t\t<div class=\"eventful\">\n\t\t<div class=\"ta-row\">\n\t\t\t\t\t<\/div>\n\t<\/div>\n\t\t<span class=\"ta-eventful-pro-pagination-data\" style=\"display:none;\" data-loadmoretext=\"Scopri di pi\u00f9\" data-endingtext=\"Non ci sono al momento eventi programmati\"><\/span>\n\n\t<nav class=\"eventful-pro-post-pagination eventful-pro-on-desktop ajax_load_more\">\n\t\t\t<\/nav>\n\t\t\t<nav class=\"eventful-pro-post-pagination eventful-pro-on-mobile infinite_scroll\">\n\t\t\t\t\t<\/nav>\n\t<\/div>[\/vc_column_text][\/vc_column][\/vc_row][vc_row full_width=&#8221;stretch_row&#8221; css=&#8221;.vc_custom_1732710693526{margin-bottom: 0px !important;background-color: #F4F4F4 !important;}&#8221;][vc_column width=&#8221;1\/3&#8243;][vc_empty_space height=&#8221;20px&#8221;][vc_single_image image=&#8221;33656&#8243; img_size=&#8221;full&#8221; alignment=&#8221;center&#8221; onclick=&#8221;custom_link&#8221; css=&#8221;&#8221; link=&#8221;https:\/\/www.chiavariturismo.it\/fr\/gallery\/&#8221;][vc_column_text css=&#8221;&#8221;]\r\n<h2 style=\"text-align: center; color: #0c4858; text-transform: none; letter-spacing: -0.5px;\"><a href=\"https:\/\/www.chiavariturismo.it\/fr\/gallery\/\"><strong><em>Gallery<\/em><\/strong><\/a><\/h2>\r\n[\/vc_column_text][vc_empty_space height=&#8221;20px&#8221;][\/vc_column][vc_column width=&#8221;1\/3&#8243;][vc_empty_space height=&#8221;20px&#8221;][vc_single_image image=&#8221;33659&#8243; img_size=&#8221;full&#8221; alignment=&#8221;center&#8221; onclick=&#8221;custom_link&#8221; css=&#8221;&#8221; link=&#8221;https:\/\/www.chiavariturismo.it\/fr\/services\/&#8221;][vc_column_text css=&#8221;&#8221;]\r\n<h2 style=\"text-align: center; color: #0c4858; text-transform: none; letter-spacing: -0.5px;\"><a href=\"https:\/\/www.chiavariturismo.it\/fr\/services\/\"><strong><em>Services<\/em><\/strong><\/a><\/h2>\r\n[\/vc_column_text][vc_empty_space height=&#8221;20px&#8221;][\/vc_column][vc_column width=&#8221;1\/3&#8243;][vc_empty_space height=&#8221;20px&#8221;][vc_single_image image=&#8221;33653&#8243; img_size=&#8221;full&#8221; alignment=&#8221;center&#8221; onclick=&#8221;custom_link&#8221; css=&#8221;&#8221; link=&#8221;https:\/\/www.chiavariturismo.it\/fr\/a-deux-pas-de\/&#8221;][vc_column_text css=&#8221;&#8221;]\r\n<h2 style=\"text-align: center; color: #0c4858; text-transform: none; letter-spacing: -0.5px;\"><a href=\"https:\/\/www.chiavariturismo.it\/fr\/a-deux-pas-de\/\"><strong><em>Comment s\u2019y rendre<\/em><\/strong><\/a><\/h2>\r\n[\/vc_column_text][vc_empty_space height=&#8221;20px&#8221;][\/vc_column][\/vc_row]<\/div>","protected":false},"excerpt":{"rendered":"<p>[vc_row][vc_column][vc_empty_space][vc_row_inner][vc_column_inner width=&#8221;1\/3&#8243;][vc_single_image image=&#8221;31781&#8243; img_size=&#8221;full&#8221; alignment=&#8221;center&#8221; css=&#8221;&#8221;][\/vc_column_inner][vc_column_inner width=&#8221;1\/3&#8243;][vc_single_image image=&#8221;31771&#8243; img_size=&#8221;full&#8221; alignment=&#8221;center&#8221; css=&#8221;&#8221;][\/vc_column_inner][vc_column_inner width=&#8221;1\/3&#8243;][vc_single_image image=&#8221;31799&#8243; img_size=&#8221;full&#8221; alignment=&#8221;center&#8221; css=&#8221;&#8221;][\/vc_column_inner][\/vc_row_inner][vc_row_inner][vc_column_inner width=&#8221;1\/3&#8243;][vc_single_image image=&#8221;31786&#8243; img_size=&#8221;full&#8221; alignment=&#8221;center&#8221;&#8230;<\/p>\n","protected":false},"author":2,"featured_media":0,"parent":0,"menu_order":0,"comment_status":"closed","ping_status":"closed","template":"","meta":{"footnotes":""},"class_list":["post-28687","page","type-page","status-publish"],"yoast_head":"<!-- This site is optimized with the Yoast SEO plugin v25.6 - https:\/\/yoast.com\/wordpress\/plugins\/seo\/ -->\n<title>\u00c9v\u00e8nements et Manifestations | Portale Ufficiale del Turismo Comune di Chiavari<\/title>\n<meta name=\"description\" content=\"Chiavari est un endroit riche en \u00e9v\u00e9nements et manifestations, certains sont fixes d\u2019autres li\u00e9s \u00e0 la saison touristique estivale. D\u00e9couvrez le calendrier complet\u2026\" \/>\n<meta name=\"robots\" content=\"index, follow, max-snippet:-1, max-image-preview:large, max-video-preview:-1\" \/>\n<link rel=\"canonical\" href=\"https:\/\/www.chiavariturismo.it\/fr\/evenements-et-manifestations\/\" \/>\n<meta property=\"og:locale\" content=\"fr_FR\" \/>\n<meta property=\"og:type\" content=\"article\" \/>\n<meta property=\"og:title\" content=\"\u00c9v\u00e8nements et Manifestations | Portale Ufficiale del Turismo Comune di Chiavari\" \/>\n<meta property=\"og:description\" content=\"Chiavari est un endroit riche en \u00e9v\u00e9nements et manifestations, certains sont fixes d\u2019autres li\u00e9s \u00e0 la saison touristique estivale. D\u00e9couvrez le calendrier complet\u2026\" \/>\n<meta property=\"og:url\" content=\"https:\/\/www.chiavariturismo.it\/fr\/evenements-et-manifestations\/\" \/>\n<meta property=\"og:site_name\" content=\"Portale Ufficiale del Turismo Comune di Chiavari\" \/>\n<meta property=\"article:publisher\" content=\"https:\/\/www.facebook.com\/comune.chiavari\/\" \/>\n<meta property=\"article:modified_time\" content=\"2024-11-27T13:54:11+00:00\" \/>\n<meta name=\"twitter:card\" content=\"summary_large_image\" \/>\n<meta name=\"twitter:label1\" content=\"Dur\u00e9e de lecture estim\u00e9e\" \/>\n\t<meta name=\"twitter:data1\" content=\"2 minutes\" \/>\n<script type=\"application\/ld+json\" class=\"yoast-schema-graph\">{\"@context\":\"https:\/\/schema.org\",\"@graph\":[{\"@type\":\"WebPage\",\"@id\":\"https:\/\/www.chiavariturismo.it\/fr\/evenements-et-manifestations\/\",\"url\":\"https:\/\/www.chiavariturismo.it\/fr\/evenements-et-manifestations\/\",\"name\":\"\u00c9v\u00e8nements et Manifestations | Portale Ufficiale del Turismo Comune di Chiavari\",\"isPartOf\":{\"@id\":\"https:\/\/www.chiavariturismo.it\/fr\/#website\"},\"datePublished\":\"2019-07-04T09:11:50+00:00\",\"dateModified\":\"2024-11-27T13:54:11+00:00\",\"description\":\"Chiavari est un endroit riche en \u00e9v\u00e9nements et manifestations, certains sont fixes d\u2019autres li\u00e9s \u00e0 la saison touristique estivale. D\u00e9couvrez le calendrier complet\u2026\",\"breadcrumb\":{\"@id\":\"https:\/\/www.chiavariturismo.it\/fr\/evenements-et-manifestations\/#breadcrumb\"},\"inLanguage\":\"fr-FR\",\"potentialAction\":[{\"@type\":\"ReadAction\",\"target\":[\"https:\/\/www.chiavariturismo.it\/fr\/evenements-et-manifestations\/\"]}]},{\"@type\":\"BreadcrumbList\",\"@id\":\"https:\/\/www.chiavariturismo.it\/fr\/evenements-et-manifestations\/#breadcrumb\",\"itemListElement\":[{\"@type\":\"ListItem\",\"position\":1,\"name\":\"Home\",\"item\":\"https:\/\/www.chiavariturismo.it\/fr\/\"},{\"@type\":\"ListItem\",\"position\":2,\"name\":\"\u00c9v\u00e8nements et Manifestations\"}]},{\"@type\":\"WebSite\",\"@id\":\"https:\/\/www.chiavariturismo.it\/fr\/#website\",\"url\":\"https:\/\/www.chiavariturismo.it\/fr\/\",\"name\":\"Portale Ufficiale del Turismo Comune di Chiavari\",\"description\":\"Chiavari Turismo: scopri la nostra citt\u00e0\",\"publisher\":{\"@id\":\"https:\/\/www.chiavariturismo.it\/fr\/#organization\"},\"potentialAction\":[{\"@type\":\"SearchAction\",\"target\":{\"@type\":\"EntryPoint\",\"urlTemplate\":\"https:\/\/www.chiavariturismo.it\/fr\/?s={search_term_string}\"},\"query-input\":{\"@type\":\"PropertyValueSpecification\",\"valueRequired\":true,\"valueName\":\"search_term_string\"}}],\"inLanguage\":\"fr-FR\"},{\"@type\":\"Organization\",\"@id\":\"https:\/\/www.chiavariturismo.it\/fr\/#organization\",\"name\":\"Comune di Chiavari\",\"url\":\"https:\/\/www.chiavariturismo.it\/fr\/\",\"logo\":{\"@type\":\"ImageObject\",\"inLanguage\":\"fr-FR\",\"@id\":\"https:\/\/www.chiavariturismo.it\/fr\/#\/schema\/logo\/image\/\",\"url\":\"https:\/\/www.chiavariturismo.it\/wp-content\/uploads\/2018\/10\/Chiavari-Stemma-logo.jpg\",\"contentUrl\":\"https:\/\/www.chiavariturismo.it\/wp-content\/uploads\/2018\/10\/Chiavari-Stemma-logo.jpg\",\"width\":100,\"height\":96,\"caption\":\"Comune di Chiavari\"},\"image\":{\"@id\":\"https:\/\/www.chiavariturismo.it\/fr\/#\/schema\/logo\/image\/\"},\"sameAs\":[\"https:\/\/www.facebook.com\/comune.chiavari\/\"]}]}<\/script>\n<!-- \/ Yoast SEO plugin. -->","yoast_head_json":{"title":"\u00c9v\u00e8nements et Manifestations | Portale Ufficiale del Turismo Comune di Chiavari","description":"Chiavari est un endroit riche en \u00e9v\u00e9nements et manifestations, certains sont fixes d\u2019autres li\u00e9s \u00e0 la saison touristique estivale. D\u00e9couvrez le calendrier complet\u2026","robots":{"index":"index","follow":"follow","max-snippet":"max-snippet:-1","max-image-preview":"max-image-preview:large","max-video-preview":"max-video-preview:-1"},"canonical":"https:\/\/www.chiavariturismo.it\/fr\/evenements-et-manifestations\/","og_locale":"fr_FR","og_type":"article","og_title":"\u00c9v\u00e8nements et Manifestations | Portale Ufficiale del Turismo Comune di Chiavari","og_description":"Chiavari est un endroit riche en \u00e9v\u00e9nements et manifestations, certains sont fixes d\u2019autres li\u00e9s \u00e0 la saison touristique estivale. D\u00e9couvrez le calendrier complet\u2026","og_url":"https:\/\/www.chiavariturismo.it\/fr\/evenements-et-manifestations\/","og_site_name":"Portale Ufficiale del Turismo Comune di Chiavari","article_publisher":"https:\/\/www.facebook.com\/comune.chiavari\/","article_modified_time":"2024-11-27T13:54:11+00:00","twitter_card":"summary_large_image","twitter_misc":{"Dur\u00e9e de lecture estim\u00e9e":"2 minutes"},"schema":{"@context":"https:\/\/schema.org","@graph":[{"@type":"WebPage","@id":"https:\/\/www.chiavariturismo.it\/fr\/evenements-et-manifestations\/","url":"https:\/\/www.chiavariturismo.it\/fr\/evenements-et-manifestations\/","name":"\u00c9v\u00e8nements et Manifestations | Portale Ufficiale del Turismo Comune di Chiavari","isPartOf":{"@id":"https:\/\/www.chiavariturismo.it\/fr\/#website"},"datePublished":"2019-07-04T09:11:50+00:00","dateModified":"2024-11-27T13:54:11+00:00","description":"Chiavari est un endroit riche en \u00e9v\u00e9nements et manifestations, certains sont fixes d\u2019autres li\u00e9s \u00e0 la saison touristique estivale. D\u00e9couvrez le calendrier complet\u2026","breadcrumb":{"@id":"https:\/\/www.chiavariturismo.it\/fr\/evenements-et-manifestations\/#breadcrumb"},"inLanguage":"fr-FR","potentialAction":[{"@type":"ReadAction","target":["https:\/\/www.chiavariturismo.it\/fr\/evenements-et-manifestations\/"]}]},{"@type":"BreadcrumbList","@id":"https:\/\/www.chiavariturismo.it\/fr\/evenements-et-manifestations\/#breadcrumb","itemListElement":[{"@type":"ListItem","position":1,"name":"Home","item":"https:\/\/www.chiavariturismo.it\/fr\/"},{"@type":"ListItem","position":2,"name":"\u00c9v\u00e8nements et Manifestations"}]},{"@type":"WebSite","@id":"https:\/\/www.chiavariturismo.it\/fr\/#website","url":"https:\/\/www.chiavariturismo.it\/fr\/","name":"Portale Ufficiale del Turismo Comune di Chiavari","description":"Chiavari Turismo: scopri la nostra citt\u00e0","publisher":{"@id":"https:\/\/www.chiavariturismo.it\/fr\/#organization"},"potentialAction":[{"@type":"SearchAction","target":{"@type":"EntryPoint","urlTemplate":"https:\/\/www.chiavariturismo.it\/fr\/?s={search_term_string}"},"query-input":{"@type":"PropertyValueSpecification","valueRequired":true,"valueName":"search_term_string"}}],"inLanguage":"fr-FR"},{"@type":"Organization","@id":"https:\/\/www.chiavariturismo.it\/fr\/#organization","name":"Comune di Chiavari","url":"https:\/\/www.chiavariturismo.it\/fr\/","logo":{"@type":"ImageObject","inLanguage":"fr-FR","@id":"https:\/\/www.chiavariturismo.it\/fr\/#\/schema\/logo\/image\/","url":"https:\/\/www.chiavariturismo.it\/wp-content\/uploads\/2018\/10\/Chiavari-Stemma-logo.jpg","contentUrl":"https:\/\/www.chiavariturismo.it\/wp-content\/uploads\/2018\/10\/Chiavari-Stemma-logo.jpg","width":100,"height":96,"caption":"Comune di Chiavari"},"image":{"@id":"https:\/\/www.chiavariturismo.it\/fr\/#\/schema\/logo\/image\/"},"sameAs":["https:\/\/www.facebook.com\/comune.chiavari\/"]}]}},"_links":{"self":[{"href":"https:\/\/www.chiavariturismo.it\/fr\/wp-json\/wp\/v2\/pages\/28687","targetHints":{"allow":["GET"]}}],"collection":[{"href":"https:\/\/www.chiavariturismo.it\/fr\/wp-json\/wp\/v2\/pages"}],"about":[{"href":"https:\/\/www.chiavariturismo.it\/fr\/wp-json\/wp\/v2\/types\/page"}],"author":[{"embeddable":true,"href":"https:\/\/www.chiavariturismo.it\/fr\/wp-json\/wp\/v2\/users\/2"}],"replies":[{"embeddable":true,"href":"https:\/\/www.chiavariturismo.it\/fr\/wp-json\/wp\/v2\/comments?post=28687"}],"version-history":[{"count":10,"href":"https:\/\/www.chiavariturismo.it\/fr\/wp-json\/wp\/v2\/pages\/28687\/revisions"}],"predecessor-version":[{"id":33973,"href":"https:\/\/www.chiavariturismo.it\/fr\/wp-json\/wp\/v2\/pages\/28687\/revisions\/33973"}],"wp:attachment":[{"href":"https:\/\/www.chiavariturismo.it\/fr\/wp-json\/wp\/v2\/media?parent=28687"}],"curies":[{"name":"wp","href":"https:\/\/api.w.org\/{rel}","templated":true}]}}