{"id":29035,"date":"2019-08-07T11:22:25","date_gmt":"2019-08-07T09:22:25","guid":{"rendered":"https:\/\/www.chiavariturismo.it\/?page_id=29035"},"modified":"2019-08-07T11:28:48","modified_gmt":"2019-08-07T09:28:48","slug":"privacy","status":"publish","type":"page","link":"https:\/\/www.chiavariturismo.it\/fr\/privacy\/","title":{"rendered":"Privacy"},"content":{"rendered":"<div class=\"wpb-content-wrapper\">[vc_row][vc_column][vc_empty_space][vc_column_text]\r\n<h5><\/h5>\r\n<h5>La Municipalit\u00e9 de Chiavari est responsable du traitement des donne dans la personne de son Maire pro-tempore.<\/h5>\r\nLa Municipalit\u00e9 garantit que le traitement des donn\u00e9es qui parviendraient par courrier \u00e9lectronique ou par le biais de formulaires \u00e9lectroniques d\u2019enregistrement ou pour simple consultation du site est conforme \u00e0 ce qui est pr\u00e9vu par les normes sur la loi de la vie priv\u00e9e selon le D\u00e9cret loi 2003, n. 196 \u201cCodice in materia di protezione dei dati personali\u201d et la \u2018Raccomandazione 17 mai 2001 n. 2\u2019 pour la collecte des donn\u00e9es en ligne dans l\u2019Union europ\u00e9enne au soins du Groupe de travail ex Article 29 Directive 95\/46\/CE.\r\nLa Municipalit\u00e9 de Chiavari, responsable du traitement des donn\u00e9es, fournit aux utilisateurs qui se connectent aux pages web du site, les informations suivantes. La personne int\u00e9ress\u00e9e, apr\u00e8s avoir lu la notification g\u00e9n\u00e9rale qui se trouve en bas de la page, int\u00e9gr\u00e9e par ce qui suit, accepte express\u00e9ment l\u2019enregistrement et le traitement de ses propres donn\u00e9es selon les modalit\u00e9s qui sont indiqu\u00e9es ci-dessous.\r\n\r\n<b>Donn\u00e9es de navigation \u00e0 des fins statistiques<\/b>\r\nQuelques donn\u00e9es relatives \u00e0 l\u2019acc\u00e8s au site, comme l\u2019adresse de protocole internet (IP), le syst\u00e8me op\u00e9rationnel utilis\u00e9 par l\u2019ordinateur de l\u2019utilisateur, la sorte de browser etc. sont enregistr\u00e9es.\r\nCes donn\u00e9es sont utilis\u00e9es sous forme d\u2019informations statistiques anonymes sur l\u2019utilisation du site et utilis\u00e9es pour v\u00e9rifier le bon fonctionnement du site m\u00eame. Ces donn\u00e9es sont ensuite effac\u00e9es apr\u00e8s l\u2019\u00e9laboration. De plus, aux fins de l\u2019accessibilit\u00e9, des cookies sont employ\u00e9s pour enregistrer les pr\u00e9f\u00e9rences de l\u2019utilisateur: la modification du fond de l\u2019\u00e9cran, la dimension du fond, etc. La d\u00e9sactivation \u00e9ventuelle des cookies sur le poste de l\u2019utilisateur provoque uniquement la perte des param\u00e9trages de visualisation du site. On n\u2019utilise pas de cookies pour transmettre des informations de caract\u00e8re personnel ni pour tracer les utilisateurs.\r\n\r\n<b>Donn\u00e9es fournies volontairement par l\u2019utilisateur<\/b>\r\nLa saisie des donn\u00e9es personnelles individuelles (nom, courrier \u00e9lectronique, adresse etc.) par le biais du pr\u00e9sent site a comme but de fournir un service, se rapporte \u00e0 l\u2019informative g\u00e9n\u00e9rale et, si n\u00e9cessaire, est accompagn\u00e9e au fur et \u00e0 mesure d\u2019informatives sp\u00e9cifiques de synth\u00e8se (disclaimer) qui contiennent les informations pr\u00e9vues par la loi (responsable du traitement, finalit\u00e9s, caract\u00e8re obligatoire ou facultatif de la donn\u00e9e, destinataires des donn\u00e9es saisies, droit d\u2019acc\u00e8s et de modification, p\u00e9riode de conservation des donn\u00e9es, possibilit\u00e9 d\u2019effacer l\u2019inscription) dans le contexte du service auquel elles se rapportent. La non inclusion des donn\u00e9es obligatoires demand\u00e9es \u00e0 l\u2019utilisateur comporte l\u2019impossibilit\u00e9 de fournir le service requis. Les donn\u00e9es enregistr\u00e9es pourront \u00eatre utilis\u00e9es aussi pour des rapports statistiques sur l\u2019activit\u00e9 de l\u2019Organisme.\r\n\r\n<b>Modalit\u00e9 du traitement<\/b>\r\nLes donn\u00e9es sont trait\u00e9es principalement avec des instruments \u00e9lectroniques et informatiques m\u00e9moris\u00e9es sur des supports informatiques aussi bien que sur papier, dans le respect des normes de s\u00e9curit\u00e9. La Municipalit\u00e9 de Chiavari adopte des mesures de s\u00e9curit\u00e9 technique et d\u2019organisation dans le but de garantir la s\u00e9curit\u00e9 des donn\u00e9es, comme l\u2019utilisation de firewall, installations de servers surs, cryptage, une s\u00e9lection pr\u00e9cise des sujets charg\u00e9s du traitement et d\u2019autres mesures techniques afin de garantir une protection ad\u00e9quate des donn\u00e9es personnelles de l\u2019utilisateur contre l\u2019utilisation ou la divulgation non autoris\u00e9e des donn\u00e9es m\u00eames.\r\n\r\n<b>Droits de l\u2019int\u00e9ress\u00e9<\/b>\r\nPar rapport au traitement pr\u00e9sent des donn\u00e9es personnelles, selon l\u2019art. 7 \u2013 Droits d\u2019acc\u00e8s aux donn\u00e9es personnelles et autres droits, D\u00e9cret loi 2003, n. 196:\r\n\r\n<strong>1. L\u2019int\u00e9ress\u00e9 a le droit d\u2019obtenir la confirmation de l\u2019existence ou non des donn\u00e9es personnelles qui le concernent et leur communication de fa\u00e7on compr\u00e9hensible. <\/strong>\r\n\r\n<strong>2. L\u2019int\u00e9ress\u00e9 a le droit d\u2019obtenir l\u2019indication:<\/strong>\r\n\r\na) de l\u2019origine des donn\u00e9es personnelles;\r\nb) des finalit\u00e9s et des modalit\u00e9s du traitement;\r\nc) de la logique appliqu\u00e9e en cas de traitement effectu\u00e9 par des instruments \u00e9lectroniques;\r\nd) des donn\u00e9es d\u2019identification du titulaire, des responsables, du repr\u00e9sentant choisi selon ce qui est pr\u00e9vu \u00e0 l\u2019article 5, alin\u00e9a 2;\r\ne) des sujets ou des cat\u00e9gories de sujets auxquels les donn\u00e9es peuvent \u00eatre communiqu\u00e9es ou qui peuvent les conna\u00eetre en tant que repr\u00e9sentant d\u00e9sign\u00e9 sur le territoire du Pays, de responsables ou de personnes impliqu\u00e9es.\r\n\r\n<strong>3. L\u2019int\u00e9ress\u00e9 a le droit d\u2019obtenir:<\/strong>\r\n\r\na) la mise \u00e0 jour, la rectification ou, lorsque cela int\u00e9resse, l\u2019int\u00e9gration des donn\u00e9es;\r\nb) l\u2019effacement, la transformation sous forme anonyme ou le blocage des donn\u00e9es trait\u00e9es en violation de la loi, y compris celles dont la conservation n\u2019est pas n\u00e9cessaire en relation aux buts pour lesquels elles ont \u00e9t\u00e9 saisies et ensuite trait\u00e9es;\r\nc) l\u2019attestation que les op\u00e9rations dont aux points a) et b) ont \u00e9t\u00e9 communiqu\u00e9es, en ce qui concerne le contenu, \u00e0 ceux qui ont re\u00e7u les donn\u00e9es m\u00eames, sauf le cas o\u00f9 cet accomplissement soit impossible ou qu\u2019il implique l\u2019application de moyens exag\u00e9r\u00e9s par rapport au droit d\u00e9fendu.\r\n\r\n<strong>4. L\u2019int\u00e9ress\u00e9 a le droit de s\u2019opposer, totalement ou en partie:<\/strong>\r\n\r\na) pour des raisons l\u00e9gitimes au traitement des donn\u00e9es personnelles qui le concernent, quoique pertinentes au but de la saisie;\r\nb) au traitement des donn\u00e9es personnelles qui le concernent dans le but d\u2019envoi de mat\u00e9riel publicitaire ou de vente directe ou pour l\u2019accomplissement de recherches de march\u00e9 ou de communication commerciale.\r\n\r\n<strong>Donn\u00e9es du Responsable de la protection des donn\u00e9es<\/strong>\r\n\r\nD\u00e9nomination : STUDIO PACI &amp; C. SRL\r\nCode Fiscal\/N. de TVA : 04358350405\r\nEtat: ITALIE\r\nAdresse: VIA EDELWEISS RODRIGUEZ SENIOR 13\r\nVille : RIMINI\r\nCode Postal : 47924 Province : RN\r\nT\u00e9l\u00e9phone : 054117954531\r\nE-mail : info@studiopaciecsrl.it\r\nPEC : studiopaciecsrl@pec.it\r\n\r\nSujet choisi comme r\u00e9f\u00e9rent pour le titulaire\/responsable\r\nNom : DI LEO\r\nPr\u00e9nom : LUCA\r\nDonn\u00e9es du contact :\r\nT\u00e9l\u00e9phone : 05411795431\r\nPortable : 3931019939\r\nE-mail : dpo@studiopaciecsrl.it\r\nPEC : studiopaciecsrl@pec.it\r\n<div class=\"clear\"><\/div>\r\n<div class=\"contentAllegati\"><\/div>\r\n[\/vc_column_text][\/vc_column][\/vc_row]<\/div>","protected":false},"excerpt":{"rendered":"<p>[vc_row][vc_column][vc_empty_space][vc_column_text] La Municipalit\u00e9 de Chiavari est responsable du traitement des donne dans la personne de son Maire pro-tempore. La Municipalit\u00e9&#8230;<\/p>\n","protected":false},"author":2,"featured_media":0,"parent":0,"menu_order":0,"comment_status":"closed","ping_status":"closed","template":"","meta":{"footnotes":""},"class_list":["post-29035","page","type-page","status-publish"],"yoast_head":"<!-- This site is optimized with the Yoast SEO plugin v25.6 - https:\/\/yoast.com\/wordpress\/plugins\/seo\/ -->\n<title>Privacy | Portale Ufficiale del Turismo Comune di Chiavari<\/title>\n<meta name=\"robots\" content=\"index, follow, max-snippet:-1, max-image-preview:large, max-video-preview:-1\" \/>\n<link rel=\"canonical\" href=\"https:\/\/www.chiavariturismo.it\/fr\/privacy\/\" \/>\n<meta property=\"og:locale\" content=\"fr_FR\" \/>\n<meta property=\"og:type\" content=\"article\" \/>\n<meta property=\"og:title\" content=\"Privacy | Portale Ufficiale del Turismo Comune di Chiavari\" \/>\n<meta property=\"og:description\" content=\"[vc_row][vc_column][vc_empty_space][vc_column_text] La Municipalit\u00e9 de Chiavari est responsable du traitement des donne dans la personne de son Maire pro-tempore. La Municipalit\u00e9...\" \/>\n<meta property=\"og:url\" content=\"https:\/\/www.chiavariturismo.it\/fr\/privacy\/\" \/>\n<meta property=\"og:site_name\" content=\"Portale Ufficiale del Turismo Comune di Chiavari\" \/>\n<meta property=\"article:publisher\" content=\"https:\/\/www.facebook.com\/comune.chiavari\/\" \/>\n<meta property=\"article:modified_time\" content=\"2019-08-07T09:28:48+00:00\" \/>\n<meta name=\"twitter:card\" content=\"summary_large_image\" \/>\n<meta name=\"twitter:label1\" content=\"Dur\u00e9e de lecture estim\u00e9e\" \/>\n\t<meta name=\"twitter:data1\" content=\"5 minutes\" \/>\n<script type=\"application\/ld+json\" class=\"yoast-schema-graph\">{\"@context\":\"https:\/\/schema.org\",\"@graph\":[{\"@type\":\"WebPage\",\"@id\":\"https:\/\/www.chiavariturismo.it\/fr\/privacy\/\",\"url\":\"https:\/\/www.chiavariturismo.it\/fr\/privacy\/\",\"name\":\"Privacy | Portale Ufficiale del Turismo Comune di Chiavari\",\"isPartOf\":{\"@id\":\"https:\/\/www.chiavariturismo.it\/fr\/#website\"},\"datePublished\":\"2019-08-07T09:22:25+00:00\",\"dateModified\":\"2019-08-07T09:28:48+00:00\",\"breadcrumb\":{\"@id\":\"https:\/\/www.chiavariturismo.it\/fr\/privacy\/#breadcrumb\"},\"inLanguage\":\"fr-FR\",\"potentialAction\":[{\"@type\":\"ReadAction\",\"target\":[\"https:\/\/www.chiavariturismo.it\/fr\/privacy\/\"]}]},{\"@type\":\"BreadcrumbList\",\"@id\":\"https:\/\/www.chiavariturismo.it\/fr\/privacy\/#breadcrumb\",\"itemListElement\":[{\"@type\":\"ListItem\",\"position\":1,\"name\":\"Home\",\"item\":\"https:\/\/www.chiavariturismo.it\/fr\/\"},{\"@type\":\"ListItem\",\"position\":2,\"name\":\"Privacy\"}]},{\"@type\":\"WebSite\",\"@id\":\"https:\/\/www.chiavariturismo.it\/fr\/#website\",\"url\":\"https:\/\/www.chiavariturismo.it\/fr\/\",\"name\":\"Portale Ufficiale del Turismo Comune di Chiavari\",\"description\":\"Chiavari Turismo: scopri la nostra citt\u00e0\",\"publisher\":{\"@id\":\"https:\/\/www.chiavariturismo.it\/fr\/#organization\"},\"potentialAction\":[{\"@type\":\"SearchAction\",\"target\":{\"@type\":\"EntryPoint\",\"urlTemplate\":\"https:\/\/www.chiavariturismo.it\/fr\/?s={search_term_string}\"},\"query-input\":{\"@type\":\"PropertyValueSpecification\",\"valueRequired\":true,\"valueName\":\"search_term_string\"}}],\"inLanguage\":\"fr-FR\"},{\"@type\":\"Organization\",\"@id\":\"https:\/\/www.chiavariturismo.it\/fr\/#organization\",\"name\":\"Comune di Chiavari\",\"url\":\"https:\/\/www.chiavariturismo.it\/fr\/\",\"logo\":{\"@type\":\"ImageObject\",\"inLanguage\":\"fr-FR\",\"@id\":\"https:\/\/www.chiavariturismo.it\/fr\/#\/schema\/logo\/image\/\",\"url\":\"https:\/\/www.chiavariturismo.it\/wp-content\/uploads\/2018\/10\/Chiavari-Stemma-logo.jpg\",\"contentUrl\":\"https:\/\/www.chiavariturismo.it\/wp-content\/uploads\/2018\/10\/Chiavari-Stemma-logo.jpg\",\"width\":100,\"height\":96,\"caption\":\"Comune di Chiavari\"},\"image\":{\"@id\":\"https:\/\/www.chiavariturismo.it\/fr\/#\/schema\/logo\/image\/\"},\"sameAs\":[\"https:\/\/www.facebook.com\/comune.chiavari\/\"]}]}<\/script>\n<!-- \/ Yoast SEO plugin. -->","yoast_head_json":{"title":"Privacy | Portale Ufficiale del Turismo Comune di Chiavari","robots":{"index":"index","follow":"follow","max-snippet":"max-snippet:-1","max-image-preview":"max-image-preview:large","max-video-preview":"max-video-preview:-1"},"canonical":"https:\/\/www.chiavariturismo.it\/fr\/privacy\/","og_locale":"fr_FR","og_type":"article","og_title":"Privacy | Portale Ufficiale del Turismo Comune di Chiavari","og_description":"[vc_row][vc_column][vc_empty_space][vc_column_text] La Municipalit\u00e9 de Chiavari est responsable du traitement des donne dans la personne de son Maire pro-tempore. La Municipalit\u00e9...","og_url":"https:\/\/www.chiavariturismo.it\/fr\/privacy\/","og_site_name":"Portale Ufficiale del Turismo Comune di Chiavari","article_publisher":"https:\/\/www.facebook.com\/comune.chiavari\/","article_modified_time":"2019-08-07T09:28:48+00:00","twitter_card":"summary_large_image","twitter_misc":{"Dur\u00e9e de lecture estim\u00e9e":"5 minutes"},"schema":{"@context":"https:\/\/schema.org","@graph":[{"@type":"WebPage","@id":"https:\/\/www.chiavariturismo.it\/fr\/privacy\/","url":"https:\/\/www.chiavariturismo.it\/fr\/privacy\/","name":"Privacy | Portale Ufficiale del Turismo Comune di Chiavari","isPartOf":{"@id":"https:\/\/www.chiavariturismo.it\/fr\/#website"},"datePublished":"2019-08-07T09:22:25+00:00","dateModified":"2019-08-07T09:28:48+00:00","breadcrumb":{"@id":"https:\/\/www.chiavariturismo.it\/fr\/privacy\/#breadcrumb"},"inLanguage":"fr-FR","potentialAction":[{"@type":"ReadAction","target":["https:\/\/www.chiavariturismo.it\/fr\/privacy\/"]}]},{"@type":"BreadcrumbList","@id":"https:\/\/www.chiavariturismo.it\/fr\/privacy\/#breadcrumb","itemListElement":[{"@type":"ListItem","position":1,"name":"Home","item":"https:\/\/www.chiavariturismo.it\/fr\/"},{"@type":"ListItem","position":2,"name":"Privacy"}]},{"@type":"WebSite","@id":"https:\/\/www.chiavariturismo.it\/fr\/#website","url":"https:\/\/www.chiavariturismo.it\/fr\/","name":"Portale Ufficiale del Turismo Comune di Chiavari","description":"Chiavari Turismo: scopri la nostra citt\u00e0","publisher":{"@id":"https:\/\/www.chiavariturismo.it\/fr\/#organization"},"potentialAction":[{"@type":"SearchAction","target":{"@type":"EntryPoint","urlTemplate":"https:\/\/www.chiavariturismo.it\/fr\/?s={search_term_string}"},"query-input":{"@type":"PropertyValueSpecification","valueRequired":true,"valueName":"search_term_string"}}],"inLanguage":"fr-FR"},{"@type":"Organization","@id":"https:\/\/www.chiavariturismo.it\/fr\/#organization","name":"Comune di Chiavari","url":"https:\/\/www.chiavariturismo.it\/fr\/","logo":{"@type":"ImageObject","inLanguage":"fr-FR","@id":"https:\/\/www.chiavariturismo.it\/fr\/#\/schema\/logo\/image\/","url":"https:\/\/www.chiavariturismo.it\/wp-content\/uploads\/2018\/10\/Chiavari-Stemma-logo.jpg","contentUrl":"https:\/\/www.chiavariturismo.it\/wp-content\/uploads\/2018\/10\/Chiavari-Stemma-logo.jpg","width":100,"height":96,"caption":"Comune di Chiavari"},"image":{"@id":"https:\/\/www.chiavariturismo.it\/fr\/#\/schema\/logo\/image\/"},"sameAs":["https:\/\/www.facebook.com\/comune.chiavari\/"]}]}},"_links":{"self":[{"href":"https:\/\/www.chiavariturismo.it\/fr\/wp-json\/wp\/v2\/pages\/29035","targetHints":{"allow":["GET"]}}],"collection":[{"href":"https:\/\/www.chiavariturismo.it\/fr\/wp-json\/wp\/v2\/pages"}],"about":[{"href":"https:\/\/www.chiavariturismo.it\/fr\/wp-json\/wp\/v2\/types\/page"}],"author":[{"embeddable":true,"href":"https:\/\/www.chiavariturismo.it\/fr\/wp-json\/wp\/v2\/users\/2"}],"replies":[{"embeddable":true,"href":"https:\/\/www.chiavariturismo.it\/fr\/wp-json\/wp\/v2\/comments?post=29035"}],"version-history":[{"count":4,"href":"https:\/\/www.chiavariturismo.it\/fr\/wp-json\/wp\/v2\/pages\/29035\/revisions"}],"predecessor-version":[{"id":29039,"href":"https:\/\/www.chiavariturismo.it\/fr\/wp-json\/wp\/v2\/pages\/29035\/revisions\/29039"}],"wp:attachment":[{"href":"https:\/\/www.chiavariturismo.it\/fr\/wp-json\/wp\/v2\/media?parent=29035"}],"curies":[{"name":"wp","href":"https:\/\/api.w.org\/{rel}","templated":true}]}}