{"id":29040,"date":"2019-08-07T11:31:43","date_gmt":"2019-08-07T09:31:43","guid":{"rendered":"https:\/\/www.chiavariturismo.it\/?page_id=29040"},"modified":"2019-08-07T11:32:16","modified_gmt":"2019-08-07T09:32:16","slug":"notes-legales","status":"publish","type":"page","link":"https:\/\/www.chiavariturismo.it\/fr\/notes-legales\/","title":{"rendered":"Notes l\u00e9gales"},"content":{"rendered":"<div class=\"wpb-content-wrapper\">[vc_row][vc_column][vc_empty_space][vc_column_text]\r\n<h4>Avant-propos<\/h4>\r\nLa Municipalit\u00e9 de Chiavari a r\u00e9alis\u00e9 le site officiel www.chiavariturismo.it pour permettre aux utilisateurs, citoyens et touristes, un acc\u00e8s facile aux services. Les contenus peuvent parfois ne pas \u00eatre exhaustifs, complets ou mis \u00e0 jour, malgr\u00e9 un travail continu de r\u00e9daction. Au cas o\u00f9 des erreurs seraient signal\u00e9es, nous nous activerons pour les corriger dans le plus bref d\u00e9lai. Les informations sont parfois li\u00e9es \u00e0 des sites ext\u00e9rieurs sur lesquels les services de la Municipalit\u00e9 n\u2019ont aucun contr\u00f4le et envers lesquels la Municipalit\u00e9 ne prend aucune responsabilit\u00e9. La Municipalit\u00e9 de Chiavari ne s\u2019assume aucune responsabilit\u00e9 en ce qui concerne les informations contenues dans des sites de Tiers. La Municipalit\u00e9 de Chiavari s\u2019engage \u00e0 r\u00e9duire au minimum les dysfonctions attribuables \u00e0 des probl\u00e8mes techniques. Une partie des donn\u00e9es ou des informations pr\u00e9sentes dans le site pourrait cependant avoir \u00e9t\u00e9 ins\u00e9r\u00e9e ou structur\u00e9e dans des archives de donn\u00e9s n\u2019\u00e9tant pas exempts d\u2019erreurs. Il n\u2019est donc pas possible de garantir que le service ne subisse pas d\u2019interruption ou qu\u2019il ne soit pas influenc\u00e9 de quelque mani\u00e8re par des probl\u00e8mes semblables.\r\n<h4>Clause de responsabilit\u00e9<\/h4>\r\nLa Municipalit\u00e9 de Chiavari n\u2019a aucune responsabilit\u00e9 en ce qui concerne les contenus des sites ext\u00e9rieurs et\/ou h\u00e9berg\u00e9s auxquels ont peut acc\u00e9der par le biais de liens pr\u00e9sents dans le site, fournis comme simple service aux utilisateurs du r\u00e9seau. Les opinions qui y sont contenues n\u2019expriment pas n\u00e9cessairement le point de vue de la Municipalit\u00e9 de Chiavari. La Municipalit\u00e9 de Chiavari s\u2019engage dans l\u2019activation de toutes les mesures n\u00e9cessaires pour garantir la suret\u00e9 du site et des donne de ses surfeurs. Toutefois, \u00e9tant techniquement impossible de garantir avec certitude que les donne ne soient pas viol\u00e9es, la Municipalit\u00e9 de Chiavari ne r\u00e9pond pas d &#8216;\u00e9ventuels probl\u00e8mes d\u00e9coulant de l\u2019utilisation du pr\u00e9sent site ou d\u2019\u00e9ventuels sites qui y seraient li\u00e9s. La clause pr\u00e9sente d\u2019exclusion de responsabilit\u00e9 n\u2019a pas le but de limiter la responsabilit\u00e9 de la Municipalit\u00e9 de Chiavari pour des violations qui seraient attribuables d\u00e9lib\u00e9r\u00e9ment ou par n\u00e9gligence grave, violant des dispositions de la loi nationale applicable, ni de l\u2019exclure dans les cas o\u00f9 elle ne peut pas \u00eatre exclue \u00e0 cause de la loi.\r\n<h4>Droits d\u2019auteurs (copyright)<\/h4>\r\nTous les contenus et les informations pr\u00e9sents dans le site touristiques de la Municipalit\u00e9 de Chiavari sont prot\u00e9g\u00e9s selon les normes sur le droit d\u2019auteur, donc rien, ni m\u00eame la moindre partie, ne pourra \u00eatre copi\u00e9, modifi\u00e9 ou vendu dans un but lucratif. Les dossiers pr\u00e9sents dans ce site pour le t\u00e9l\u00e9chargement comme les formulaires sont disponibles librement et gratuitement. La duplication ou l\u2019utilisation d\u2019informations textuelles et multim\u00e9dia (sons, images, logiciel etc.) sont autoris\u00e9es avec indications de la source et si une autorisation pr\u00e9liminaire est demand\u00e9e, celle-ci indiquera explicitement toute autre restriction.[\/vc_column_text][\/vc_column][\/vc_row]<\/div>","protected":false},"excerpt":{"rendered":"<p>[vc_row][vc_column][vc_empty_space][vc_column_text] Avant-propos La Municipalit\u00e9 de Chiavari a r\u00e9alis\u00e9 le site officiel www.chiavariturismo.it pour permettre aux utilisateurs, citoyens et touristes, un&#8230;<\/p>\n","protected":false},"author":2,"featured_media":0,"parent":0,"menu_order":0,"comment_status":"closed","ping_status":"closed","template":"","meta":{"footnotes":""},"class_list":["post-29040","page","type-page","status-publish"],"yoast_head":"<!-- This site is optimized with the Yoast SEO plugin v25.6 - https:\/\/yoast.com\/wordpress\/plugins\/seo\/ -->\n<title>Notes l\u00e9gales | Portale Ufficiale del Turismo Comune di Chiavari<\/title>\n<meta name=\"robots\" content=\"index, follow, max-snippet:-1, max-image-preview:large, max-video-preview:-1\" \/>\n<link rel=\"canonical\" href=\"https:\/\/www.chiavariturismo.it\/fr\/notes-legales\/\" \/>\n<meta property=\"og:locale\" content=\"fr_FR\" \/>\n<meta property=\"og:type\" content=\"article\" \/>\n<meta property=\"og:title\" content=\"Notes l\u00e9gales | Portale Ufficiale del Turismo Comune di Chiavari\" \/>\n<meta property=\"og:description\" content=\"[vc_row][vc_column][vc_empty_space][vc_column_text] Avant-propos La Municipalit\u00e9 de Chiavari a r\u00e9alis\u00e9 le site officiel www.chiavariturismo.it pour permettre aux utilisateurs, citoyens et touristes, un...\" \/>\n<meta property=\"og:url\" content=\"https:\/\/www.chiavariturismo.it\/fr\/notes-legales\/\" \/>\n<meta property=\"og:site_name\" content=\"Portale Ufficiale del Turismo Comune di Chiavari\" \/>\n<meta property=\"article:publisher\" content=\"https:\/\/www.facebook.com\/comune.chiavari\/\" \/>\n<meta property=\"article:modified_time\" content=\"2019-08-07T09:32:16+00:00\" \/>\n<meta name=\"twitter:card\" content=\"summary_large_image\" \/>\n<meta name=\"twitter:label1\" content=\"Dur\u00e9e de lecture estim\u00e9e\" \/>\n\t<meta name=\"twitter:data1\" content=\"3 minutes\" \/>\n<script type=\"application\/ld+json\" class=\"yoast-schema-graph\">{\"@context\":\"https:\/\/schema.org\",\"@graph\":[{\"@type\":\"WebPage\",\"@id\":\"https:\/\/www.chiavariturismo.it\/fr\/notes-legales\/\",\"url\":\"https:\/\/www.chiavariturismo.it\/fr\/notes-legales\/\",\"name\":\"Notes l\u00e9gales | Portale Ufficiale del Turismo Comune di Chiavari\",\"isPartOf\":{\"@id\":\"https:\/\/www.chiavariturismo.it\/fr\/#website\"},\"datePublished\":\"2019-08-07T09:31:43+00:00\",\"dateModified\":\"2019-08-07T09:32:16+00:00\",\"breadcrumb\":{\"@id\":\"https:\/\/www.chiavariturismo.it\/fr\/notes-legales\/#breadcrumb\"},\"inLanguage\":\"fr-FR\",\"potentialAction\":[{\"@type\":\"ReadAction\",\"target\":[\"https:\/\/www.chiavariturismo.it\/fr\/notes-legales\/\"]}]},{\"@type\":\"BreadcrumbList\",\"@id\":\"https:\/\/www.chiavariturismo.it\/fr\/notes-legales\/#breadcrumb\",\"itemListElement\":[{\"@type\":\"ListItem\",\"position\":1,\"name\":\"Home\",\"item\":\"https:\/\/www.chiavariturismo.it\/fr\/\"},{\"@type\":\"ListItem\",\"position\":2,\"name\":\"Notes l\u00e9gales\"}]},{\"@type\":\"WebSite\",\"@id\":\"https:\/\/www.chiavariturismo.it\/fr\/#website\",\"url\":\"https:\/\/www.chiavariturismo.it\/fr\/\",\"name\":\"Portale Ufficiale del Turismo Comune di Chiavari\",\"description\":\"Chiavari Turismo: scopri la nostra citt\u00e0\",\"publisher\":{\"@id\":\"https:\/\/www.chiavariturismo.it\/fr\/#organization\"},\"potentialAction\":[{\"@type\":\"SearchAction\",\"target\":{\"@type\":\"EntryPoint\",\"urlTemplate\":\"https:\/\/www.chiavariturismo.it\/fr\/?s={search_term_string}\"},\"query-input\":{\"@type\":\"PropertyValueSpecification\",\"valueRequired\":true,\"valueName\":\"search_term_string\"}}],\"inLanguage\":\"fr-FR\"},{\"@type\":\"Organization\",\"@id\":\"https:\/\/www.chiavariturismo.it\/fr\/#organization\",\"name\":\"Comune di Chiavari\",\"url\":\"https:\/\/www.chiavariturismo.it\/fr\/\",\"logo\":{\"@type\":\"ImageObject\",\"inLanguage\":\"fr-FR\",\"@id\":\"https:\/\/www.chiavariturismo.it\/fr\/#\/schema\/logo\/image\/\",\"url\":\"https:\/\/www.chiavariturismo.it\/wp-content\/uploads\/2018\/10\/Chiavari-Stemma-logo.jpg\",\"contentUrl\":\"https:\/\/www.chiavariturismo.it\/wp-content\/uploads\/2018\/10\/Chiavari-Stemma-logo.jpg\",\"width\":100,\"height\":96,\"caption\":\"Comune di Chiavari\"},\"image\":{\"@id\":\"https:\/\/www.chiavariturismo.it\/fr\/#\/schema\/logo\/image\/\"},\"sameAs\":[\"https:\/\/www.facebook.com\/comune.chiavari\/\"]}]}<\/script>\n<!-- \/ Yoast SEO plugin. -->","yoast_head_json":{"title":"Notes l\u00e9gales | Portale Ufficiale del Turismo Comune di Chiavari","robots":{"index":"index","follow":"follow","max-snippet":"max-snippet:-1","max-image-preview":"max-image-preview:large","max-video-preview":"max-video-preview:-1"},"canonical":"https:\/\/www.chiavariturismo.it\/fr\/notes-legales\/","og_locale":"fr_FR","og_type":"article","og_title":"Notes l\u00e9gales | Portale Ufficiale del Turismo Comune di Chiavari","og_description":"[vc_row][vc_column][vc_empty_space][vc_column_text] Avant-propos La Municipalit\u00e9 de Chiavari a r\u00e9alis\u00e9 le site officiel www.chiavariturismo.it pour permettre aux utilisateurs, citoyens et touristes, un...","og_url":"https:\/\/www.chiavariturismo.it\/fr\/notes-legales\/","og_site_name":"Portale Ufficiale del Turismo Comune di Chiavari","article_publisher":"https:\/\/www.facebook.com\/comune.chiavari\/","article_modified_time":"2019-08-07T09:32:16+00:00","twitter_card":"summary_large_image","twitter_misc":{"Dur\u00e9e de lecture estim\u00e9e":"3 minutes"},"schema":{"@context":"https:\/\/schema.org","@graph":[{"@type":"WebPage","@id":"https:\/\/www.chiavariturismo.it\/fr\/notes-legales\/","url":"https:\/\/www.chiavariturismo.it\/fr\/notes-legales\/","name":"Notes l\u00e9gales | Portale Ufficiale del Turismo Comune di Chiavari","isPartOf":{"@id":"https:\/\/www.chiavariturismo.it\/fr\/#website"},"datePublished":"2019-08-07T09:31:43+00:00","dateModified":"2019-08-07T09:32:16+00:00","breadcrumb":{"@id":"https:\/\/www.chiavariturismo.it\/fr\/notes-legales\/#breadcrumb"},"inLanguage":"fr-FR","potentialAction":[{"@type":"ReadAction","target":["https:\/\/www.chiavariturismo.it\/fr\/notes-legales\/"]}]},{"@type":"BreadcrumbList","@id":"https:\/\/www.chiavariturismo.it\/fr\/notes-legales\/#breadcrumb","itemListElement":[{"@type":"ListItem","position":1,"name":"Home","item":"https:\/\/www.chiavariturismo.it\/fr\/"},{"@type":"ListItem","position":2,"name":"Notes l\u00e9gales"}]},{"@type":"WebSite","@id":"https:\/\/www.chiavariturismo.it\/fr\/#website","url":"https:\/\/www.chiavariturismo.it\/fr\/","name":"Portale Ufficiale del Turismo Comune di Chiavari","description":"Chiavari Turismo: scopri la nostra citt\u00e0","publisher":{"@id":"https:\/\/www.chiavariturismo.it\/fr\/#organization"},"potentialAction":[{"@type":"SearchAction","target":{"@type":"EntryPoint","urlTemplate":"https:\/\/www.chiavariturismo.it\/fr\/?s={search_term_string}"},"query-input":{"@type":"PropertyValueSpecification","valueRequired":true,"valueName":"search_term_string"}}],"inLanguage":"fr-FR"},{"@type":"Organization","@id":"https:\/\/www.chiavariturismo.it\/fr\/#organization","name":"Comune di Chiavari","url":"https:\/\/www.chiavariturismo.it\/fr\/","logo":{"@type":"ImageObject","inLanguage":"fr-FR","@id":"https:\/\/www.chiavariturismo.it\/fr\/#\/schema\/logo\/image\/","url":"https:\/\/www.chiavariturismo.it\/wp-content\/uploads\/2018\/10\/Chiavari-Stemma-logo.jpg","contentUrl":"https:\/\/www.chiavariturismo.it\/wp-content\/uploads\/2018\/10\/Chiavari-Stemma-logo.jpg","width":100,"height":96,"caption":"Comune di Chiavari"},"image":{"@id":"https:\/\/www.chiavariturismo.it\/fr\/#\/schema\/logo\/image\/"},"sameAs":["https:\/\/www.facebook.com\/comune.chiavari\/"]}]}},"_links":{"self":[{"href":"https:\/\/www.chiavariturismo.it\/fr\/wp-json\/wp\/v2\/pages\/29040","targetHints":{"allow":["GET"]}}],"collection":[{"href":"https:\/\/www.chiavariturismo.it\/fr\/wp-json\/wp\/v2\/pages"}],"about":[{"href":"https:\/\/www.chiavariturismo.it\/fr\/wp-json\/wp\/v2\/types\/page"}],"author":[{"embeddable":true,"href":"https:\/\/www.chiavariturismo.it\/fr\/wp-json\/wp\/v2\/users\/2"}],"replies":[{"embeddable":true,"href":"https:\/\/www.chiavariturismo.it\/fr\/wp-json\/wp\/v2\/comments?post=29040"}],"version-history":[{"count":3,"href":"https:\/\/www.chiavariturismo.it\/fr\/wp-json\/wp\/v2\/pages\/29040\/revisions"}],"predecessor-version":[{"id":29043,"href":"https:\/\/www.chiavariturismo.it\/fr\/wp-json\/wp\/v2\/pages\/29040\/revisions\/29043"}],"wp:attachment":[{"href":"https:\/\/www.chiavariturismo.it\/fr\/wp-json\/wp\/v2\/media?parent=29040"}],"curies":[{"name":"wp","href":"https:\/\/api.w.org\/{rel}","templated":true}]}}