{"id":31574,"date":"2024-05-22T15:32:11","date_gmt":"2024-05-22T13:32:11","guid":{"rendered":"https:\/\/www.chiavariturismo.it\/?page_id=31574"},"modified":"2024-05-22T15:32:12","modified_gmt":"2024-05-22T13:32:12","slug":"chiavarincosplay","status":"publish","type":"page","link":"https:\/\/www.chiavariturismo.it\/fr\/chiavarincosplay\/","title":{"rendered":"ChiavarInCosplay"},"content":{"rendered":"<div class=\"wpb-content-wrapper\">[vc_row][vc_column css_animation=&#8221;none&#8221;][vc_empty_space height=&#8221;20px&#8221; el_class=&#8221;none&#8221;][vc_single_image image=&#8221;31586&#8243; img_size=&#8221;full&#8221; alignment=&#8221;center&#8221;][vc_column_text css=&#8221;&#8221; css_animation=&#8221;none&#8221;]L\u2019\u00e9t\u00e9 en Chiavari signifie aussi <strong>Chiavarincosplay<\/strong>. Plusieurs jours enti\u00e8rement d\u00e9di\u00e9s au monde de la bande dessin\u00e9e. Pr\u00e9vu pendant le dernier week end de septembre. Comme une v\u00e9ritable Hollywood de cosplay la manifestation devient la protagoniste dans les rues et les places de la ville avec un exclusif tapis rouge qui accueille tous les fans.\r\n\r\nBeaucoup de manifestations parall\u00e8les sont pr\u00e9vues\u00a0: musique, jeux, d\u00e9fil\u00e9s, concours, spectacles et nombreux invit\u00e9s parmi les grands noms du secteur et pas seulement, pour un week end sous le signe du divertissement.\r\n\r\nL\u2019\u00e9v\u00e8nement est organis\u00e9 par l\u2019Assessorat de la Culture.[\/vc_column_text][vc_empty_space height=&#8221;20px&#8221; el_class=&#8221;none&#8221;][vc_empty_space height=&#8221;20px&#8221; el_class=&#8221;none&#8221;][vc_empty_space height=&#8221;20px&#8221; el_class=&#8221;none&#8221;][\/vc_column][\/vc_row]<\/div>","protected":false},"excerpt":{"rendered":"<p>[vc_row][vc_column css_animation=&#8221;none&#8221;][vc_empty_space height=&#8221;20px&#8221; el_class=&#8221;none&#8221;][vc_single_image image=&#8221;31586&#8243; img_size=&#8221;full&#8221; alignment=&#8221;center&#8221;][vc_column_text css=&#8221;&#8221; css_animation=&#8221;none&#8221;]L\u2019\u00e9t\u00e9 en Chiavari signifie aussi Chiavarincosplay. Plusieurs jours enti\u00e8rement d\u00e9di\u00e9s au monde&#8230;<\/p>\n","protected":false},"author":2,"featured_media":0,"parent":0,"menu_order":0,"comment_status":"closed","ping_status":"closed","template":"","meta":{"footnotes":""},"class_list":["post-31574","page","type-page","status-publish"],"yoast_head":"<!-- This site is optimized with the Yoast SEO plugin v25.6 - https:\/\/yoast.com\/wordpress\/plugins\/seo\/ -->\n<title>ChiavarInCosplay | Portale Ufficiale del Turismo Comune di Chiavari<\/title>\n<meta name=\"description\" content=\"L\u2019\u00e9t\u00e9 en Chiavari signifie aussi Chiavarincosplay. Plusieurs jours enti\u00e8rement d\u00e9di\u00e9s au monde de la bande dessin\u00e9e.\" \/>\n<meta name=\"robots\" content=\"index, follow, max-snippet:-1, max-image-preview:large, max-video-preview:-1\" \/>\n<link rel=\"canonical\" href=\"https:\/\/www.chiavariturismo.it\/fr\/chiavarincosplay\/\" \/>\n<meta property=\"og:locale\" content=\"fr_FR\" \/>\n<meta property=\"og:type\" content=\"article\" \/>\n<meta property=\"og:title\" content=\"ChiavarInCosplay | Portale Ufficiale del Turismo Comune di Chiavari\" \/>\n<meta property=\"og:description\" content=\"L\u2019\u00e9t\u00e9 en Chiavari signifie aussi Chiavarincosplay. Plusieurs jours enti\u00e8rement d\u00e9di\u00e9s au monde de la bande dessin\u00e9e.\" \/>\n<meta property=\"og:url\" content=\"https:\/\/www.chiavariturismo.it\/fr\/chiavarincosplay\/\" \/>\n<meta property=\"og:site_name\" content=\"Portale Ufficiale del Turismo Comune di Chiavari\" \/>\n<meta property=\"article:publisher\" content=\"https:\/\/www.facebook.com\/comune.chiavari\/\" \/>\n<meta property=\"article:modified_time\" content=\"2024-05-22T13:32:12+00:00\" \/>\n<meta name=\"twitter:card\" content=\"summary_large_image\" \/>\n<meta name=\"twitter:label1\" content=\"Dur\u00e9e de lecture estim\u00e9e\" \/>\n\t<meta name=\"twitter:data1\" content=\"1 minute\" \/>\n<script type=\"application\/ld+json\" class=\"yoast-schema-graph\">{\"@context\":\"https:\/\/schema.org\",\"@graph\":[{\"@type\":\"WebPage\",\"@id\":\"https:\/\/www.chiavariturismo.it\/fr\/chiavarincosplay\/\",\"url\":\"https:\/\/www.chiavariturismo.it\/fr\/chiavarincosplay\/\",\"name\":\"ChiavarInCosplay | Portale Ufficiale del Turismo Comune di Chiavari\",\"isPartOf\":{\"@id\":\"https:\/\/www.chiavariturismo.it\/fr\/#website\"},\"datePublished\":\"2024-05-22T13:32:11+00:00\",\"dateModified\":\"2024-05-22T13:32:12+00:00\",\"description\":\"L\u2019\u00e9t\u00e9 en Chiavari signifie aussi Chiavarincosplay. Plusieurs jours enti\u00e8rement d\u00e9di\u00e9s au monde de la bande dessin\u00e9e.\",\"breadcrumb\":{\"@id\":\"https:\/\/www.chiavariturismo.it\/fr\/chiavarincosplay\/#breadcrumb\"},\"inLanguage\":\"fr-FR\",\"potentialAction\":[{\"@type\":\"ReadAction\",\"target\":[\"https:\/\/www.chiavariturismo.it\/fr\/chiavarincosplay\/\"]}]},{\"@type\":\"BreadcrumbList\",\"@id\":\"https:\/\/www.chiavariturismo.it\/fr\/chiavarincosplay\/#breadcrumb\",\"itemListElement\":[{\"@type\":\"ListItem\",\"position\":1,\"name\":\"Home\",\"item\":\"https:\/\/www.chiavariturismo.it\/fr\/\"},{\"@type\":\"ListItem\",\"position\":2,\"name\":\"ChiavarInCosplay\"}]},{\"@type\":\"WebSite\",\"@id\":\"https:\/\/www.chiavariturismo.it\/fr\/#website\",\"url\":\"https:\/\/www.chiavariturismo.it\/fr\/\",\"name\":\"Portale Ufficiale del Turismo Comune di Chiavari\",\"description\":\"Chiavari Turismo: scopri la nostra citt\u00e0\",\"publisher\":{\"@id\":\"https:\/\/www.chiavariturismo.it\/fr\/#organization\"},\"potentialAction\":[{\"@type\":\"SearchAction\",\"target\":{\"@type\":\"EntryPoint\",\"urlTemplate\":\"https:\/\/www.chiavariturismo.it\/fr\/?s={search_term_string}\"},\"query-input\":{\"@type\":\"PropertyValueSpecification\",\"valueRequired\":true,\"valueName\":\"search_term_string\"}}],\"inLanguage\":\"fr-FR\"},{\"@type\":\"Organization\",\"@id\":\"https:\/\/www.chiavariturismo.it\/fr\/#organization\",\"name\":\"Comune di Chiavari\",\"url\":\"https:\/\/www.chiavariturismo.it\/fr\/\",\"logo\":{\"@type\":\"ImageObject\",\"inLanguage\":\"fr-FR\",\"@id\":\"https:\/\/www.chiavariturismo.it\/fr\/#\/schema\/logo\/image\/\",\"url\":\"https:\/\/www.chiavariturismo.it\/wp-content\/uploads\/2018\/10\/Chiavari-Stemma-logo.jpg\",\"contentUrl\":\"https:\/\/www.chiavariturismo.it\/wp-content\/uploads\/2018\/10\/Chiavari-Stemma-logo.jpg\",\"width\":100,\"height\":96,\"caption\":\"Comune di Chiavari\"},\"image\":{\"@id\":\"https:\/\/www.chiavariturismo.it\/fr\/#\/schema\/logo\/image\/\"},\"sameAs\":[\"https:\/\/www.facebook.com\/comune.chiavari\/\"]}]}<\/script>\n<!-- \/ Yoast SEO plugin. -->","yoast_head_json":{"title":"ChiavarInCosplay | Portale Ufficiale del Turismo Comune di Chiavari","description":"L\u2019\u00e9t\u00e9 en Chiavari signifie aussi Chiavarincosplay. Plusieurs jours enti\u00e8rement d\u00e9di\u00e9s au monde de la bande dessin\u00e9e.","robots":{"index":"index","follow":"follow","max-snippet":"max-snippet:-1","max-image-preview":"max-image-preview:large","max-video-preview":"max-video-preview:-1"},"canonical":"https:\/\/www.chiavariturismo.it\/fr\/chiavarincosplay\/","og_locale":"fr_FR","og_type":"article","og_title":"ChiavarInCosplay | Portale Ufficiale del Turismo Comune di Chiavari","og_description":"L\u2019\u00e9t\u00e9 en Chiavari signifie aussi Chiavarincosplay. Plusieurs jours enti\u00e8rement d\u00e9di\u00e9s au monde de la bande dessin\u00e9e.","og_url":"https:\/\/www.chiavariturismo.it\/fr\/chiavarincosplay\/","og_site_name":"Portale Ufficiale del Turismo Comune di Chiavari","article_publisher":"https:\/\/www.facebook.com\/comune.chiavari\/","article_modified_time":"2024-05-22T13:32:12+00:00","twitter_card":"summary_large_image","twitter_misc":{"Dur\u00e9e de lecture estim\u00e9e":"1 minute"},"schema":{"@context":"https:\/\/schema.org","@graph":[{"@type":"WebPage","@id":"https:\/\/www.chiavariturismo.it\/fr\/chiavarincosplay\/","url":"https:\/\/www.chiavariturismo.it\/fr\/chiavarincosplay\/","name":"ChiavarInCosplay | Portale Ufficiale del Turismo Comune di Chiavari","isPartOf":{"@id":"https:\/\/www.chiavariturismo.it\/fr\/#website"},"datePublished":"2024-05-22T13:32:11+00:00","dateModified":"2024-05-22T13:32:12+00:00","description":"L\u2019\u00e9t\u00e9 en Chiavari signifie aussi Chiavarincosplay. Plusieurs jours enti\u00e8rement d\u00e9di\u00e9s au monde de la bande dessin\u00e9e.","breadcrumb":{"@id":"https:\/\/www.chiavariturismo.it\/fr\/chiavarincosplay\/#breadcrumb"},"inLanguage":"fr-FR","potentialAction":[{"@type":"ReadAction","target":["https:\/\/www.chiavariturismo.it\/fr\/chiavarincosplay\/"]}]},{"@type":"BreadcrumbList","@id":"https:\/\/www.chiavariturismo.it\/fr\/chiavarincosplay\/#breadcrumb","itemListElement":[{"@type":"ListItem","position":1,"name":"Home","item":"https:\/\/www.chiavariturismo.it\/fr\/"},{"@type":"ListItem","position":2,"name":"ChiavarInCosplay"}]},{"@type":"WebSite","@id":"https:\/\/www.chiavariturismo.it\/fr\/#website","url":"https:\/\/www.chiavariturismo.it\/fr\/","name":"Portale Ufficiale del Turismo Comune di Chiavari","description":"Chiavari Turismo: scopri la nostra citt\u00e0","publisher":{"@id":"https:\/\/www.chiavariturismo.it\/fr\/#organization"},"potentialAction":[{"@type":"SearchAction","target":{"@type":"EntryPoint","urlTemplate":"https:\/\/www.chiavariturismo.it\/fr\/?s={search_term_string}"},"query-input":{"@type":"PropertyValueSpecification","valueRequired":true,"valueName":"search_term_string"}}],"inLanguage":"fr-FR"},{"@type":"Organization","@id":"https:\/\/www.chiavariturismo.it\/fr\/#organization","name":"Comune di Chiavari","url":"https:\/\/www.chiavariturismo.it\/fr\/","logo":{"@type":"ImageObject","inLanguage":"fr-FR","@id":"https:\/\/www.chiavariturismo.it\/fr\/#\/schema\/logo\/image\/","url":"https:\/\/www.chiavariturismo.it\/wp-content\/uploads\/2018\/10\/Chiavari-Stemma-logo.jpg","contentUrl":"https:\/\/www.chiavariturismo.it\/wp-content\/uploads\/2018\/10\/Chiavari-Stemma-logo.jpg","width":100,"height":96,"caption":"Comune di Chiavari"},"image":{"@id":"https:\/\/www.chiavariturismo.it\/fr\/#\/schema\/logo\/image\/"},"sameAs":["https:\/\/www.facebook.com\/comune.chiavari\/"]}]}},"_links":{"self":[{"href":"https:\/\/www.chiavariturismo.it\/fr\/wp-json\/wp\/v2\/pages\/31574","targetHints":{"allow":["GET"]}}],"collection":[{"href":"https:\/\/www.chiavariturismo.it\/fr\/wp-json\/wp\/v2\/pages"}],"about":[{"href":"https:\/\/www.chiavariturismo.it\/fr\/wp-json\/wp\/v2\/types\/page"}],"author":[{"embeddable":true,"href":"https:\/\/www.chiavariturismo.it\/fr\/wp-json\/wp\/v2\/users\/2"}],"replies":[{"embeddable":true,"href":"https:\/\/www.chiavariturismo.it\/fr\/wp-json\/wp\/v2\/comments?post=31574"}],"version-history":[{"count":3,"href":"https:\/\/www.chiavariturismo.it\/fr\/wp-json\/wp\/v2\/pages\/31574\/revisions"}],"predecessor-version":[{"id":32198,"href":"https:\/\/www.chiavariturismo.it\/fr\/wp-json\/wp\/v2\/pages\/31574\/revisions\/32198"}],"wp:attachment":[{"href":"https:\/\/www.chiavariturismo.it\/fr\/wp-json\/wp\/v2\/media?parent=31574"}],"curies":[{"name":"wp","href":"https:\/\/api.w.org\/{rel}","templated":true}]}}