{"id":31759,"date":"2024-05-22T15:19:42","date_gmt":"2024-05-22T13:19:42","guid":{"rendered":"https:\/\/www.chiavariturismo.it\/?page_id=31759"},"modified":"2024-05-22T15:19:42","modified_gmt":"2024-05-22T13:19:42","slug":"economic-forum-giannini","status":"publish","type":"page","link":"https:\/\/www.chiavariturismo.it\/fr\/economic-forum-giannini\/","title":{"rendered":"L\u2019economic Forum Giannini"},"content":{"rendered":"<div class=\"wpb-content-wrapper\">[vc_row][vc_column css_animation=&#8221;none&#8221;][vc_empty_space height=&#8221;20px&#8221; el_class=&#8221;none&#8221;][vc_row_inner][vc_column_inner width=&#8221;1\/4&#8243;][\/vc_column_inner][vc_column_inner width=&#8221;1\/2&#8243;][vc_single_image image=&#8221;31756&#8243; img_size=&#8221;full&#8221; alignment=&#8221;center&#8221; css=&#8221;&#8221;][\/vc_column_inner][vc_column_inner width=&#8221;1\/4&#8243;][\/vc_column_inner][\/vc_row_inner][vc_column_text css=&#8221;&#8221; css_animation=&#8221;none&#8221;]L\u2019<strong>Economic Forum Giannini<\/strong>, n\u00e9 en 2020, aborde et interpr\u00e8te les sc\u00e9narios \u00e9conomiques, les r\u00e9alit\u00e9s, les tendances et les perspectives d\u2019avenir du territoire, c\u2019est consid\u00e9r\u00e9 comme le plus important sommet du Tigullio dans l\u2019\u00e9conomie. Le prestige de cet \u00e9v\u00e9nement, d\u00e9di\u00e9 au banquier et entrepreneur Amedeo Peter Giannini originaire de Favale di Malvaro qui fonde la Bank of America, est li\u00e9 \u00e0 l\u2019importance des questions aussi bien qu\u2019au parterre d\u2019intervenants qui participent, comme par exemple experts du secteur, repr\u00e9sentants des institutions politiques et locales mais aussi les organisations professionnelles. Parmi les invit\u00e9s illustres Oscar Farinetti, Carlo Petrini, Bartolomeo Salomone, Mario Deaglio, Alessandro Cannav\u00f2 et Marino Bartoletti qui se sont relay\u00e9s au cours des diff\u00e9rentes \u00e9ditions. Au cours des ann\u00e9es l\u2019EFG, avec son caract\u00e8re interactif, a donn\u00e9 de l\u2019espace \u00e0 un plus vaste d\u00e9bat et dans le m\u00eame temps il a lanc\u00e9 nouveaux projets pour la croissance du territoire, comme par exemple la participation du Tigullio aux s\u00e9lections pour \u00ab\u00a0<em>La Capitale de la Culture\u00a02024<\/em>\u00bb\r\n\r\nL\u2019\u00e9v\u00e8nement est organis\u00e9 par l\u2019Assessorat au Tourisme et se tient \u00e0 Chiavari tous les ans au printemps.[\/vc_column_text][vc_empty_space height=&#8221;20px&#8221; el_class=&#8221;none&#8221;][\/vc_column][\/vc_row]<\/div>","protected":false},"excerpt":{"rendered":"<p>[vc_row][vc_column css_animation=&#8221;none&#8221;][vc_empty_space height=&#8221;20px&#8221; el_class=&#8221;none&#8221;][vc_row_inner][vc_column_inner width=&#8221;1\/4&#8243;][\/vc_column_inner][vc_column_inner width=&#8221;1\/2&#8243;][vc_single_image image=&#8221;31756&#8243; img_size=&#8221;full&#8221; alignment=&#8221;center&#8221; css=&#8221;&#8221;][\/vc_column_inner][vc_column_inner width=&#8221;1\/4&#8243;][\/vc_column_inner][\/vc_row_inner][vc_column_text css=&#8221;&#8221; css_animation=&#8221;none&#8221;]L\u2019Economic Forum Giannini, n\u00e9 en 2020, aborde et&#8230;<\/p>\n","protected":false},"author":2,"featured_media":0,"parent":0,"menu_order":0,"comment_status":"closed","ping_status":"closed","template":"","meta":{"footnotes":""},"class_list":["post-31759","page","type-page","status-publish"],"yoast_head":"<!-- This site is optimized with the Yoast SEO plugin v25.6 - https:\/\/yoast.com\/wordpress\/plugins\/seo\/ -->\n<title>L\u2019economic Forum Giannini | Portale Ufficiale del Turismo Comune di Chiavari<\/title>\n<meta name=\"description\" content=\"L\u2019Economic Forum Giannini, n\u00e9 en 2020, aborde et interpr\u00e8te les sc\u00e9narios \u00e9conomiques, les r\u00e9alit\u00e9s, les tendances et les perspectives d\u2019avenir du territoire, c\u2019est consid\u00e9r\u00e9 comme le plus important sommet du Tigullio dans l\u2019\u00e9conomie.\" \/>\n<meta name=\"robots\" content=\"index, follow, max-snippet:-1, max-image-preview:large, max-video-preview:-1\" \/>\n<link rel=\"canonical\" href=\"https:\/\/www.chiavariturismo.it\/fr\/economic-forum-giannini\/\" \/>\n<meta property=\"og:locale\" content=\"fr_FR\" \/>\n<meta property=\"og:type\" content=\"article\" \/>\n<meta property=\"og:title\" content=\"L\u2019economic Forum Giannini | Portale Ufficiale del Turismo Comune di Chiavari\" \/>\n<meta property=\"og:description\" content=\"L\u2019Economic Forum Giannini, n\u00e9 en 2020, aborde et interpr\u00e8te les sc\u00e9narios \u00e9conomiques, les r\u00e9alit\u00e9s, les tendances et les perspectives d\u2019avenir du territoire, c\u2019est consid\u00e9r\u00e9 comme le plus important sommet du Tigullio dans l\u2019\u00e9conomie.\" \/>\n<meta property=\"og:url\" content=\"https:\/\/www.chiavariturismo.it\/fr\/economic-forum-giannini\/\" \/>\n<meta property=\"og:site_name\" content=\"Portale Ufficiale del Turismo Comune di Chiavari\" \/>\n<meta property=\"article:publisher\" content=\"https:\/\/www.facebook.com\/comune.chiavari\/\" \/>\n<meta name=\"twitter:card\" content=\"summary_large_image\" \/>\n<meta name=\"twitter:label1\" content=\"Dur\u00e9e de lecture estim\u00e9e\" \/>\n\t<meta name=\"twitter:data1\" content=\"2 minutes\" \/>\n<script type=\"application\/ld+json\" class=\"yoast-schema-graph\">{\"@context\":\"https:\/\/schema.org\",\"@graph\":[{\"@type\":\"WebPage\",\"@id\":\"https:\/\/www.chiavariturismo.it\/fr\/economic-forum-giannini\/\",\"url\":\"https:\/\/www.chiavariturismo.it\/fr\/economic-forum-giannini\/\",\"name\":\"L\u2019economic Forum Giannini | Portale Ufficiale del Turismo Comune di Chiavari\",\"isPartOf\":{\"@id\":\"https:\/\/www.chiavariturismo.it\/fr\/#website\"},\"datePublished\":\"2024-05-22T13:19:42+00:00\",\"description\":\"L\u2019Economic Forum Giannini, n\u00e9 en 2020, aborde et interpr\u00e8te les sc\u00e9narios \u00e9conomiques, les r\u00e9alit\u00e9s, les tendances et les perspectives d\u2019avenir du territoire, c\u2019est consid\u00e9r\u00e9 comme le plus important sommet du Tigullio dans l\u2019\u00e9conomie.\",\"breadcrumb\":{\"@id\":\"https:\/\/www.chiavariturismo.it\/fr\/economic-forum-giannini\/#breadcrumb\"},\"inLanguage\":\"fr-FR\",\"potentialAction\":[{\"@type\":\"ReadAction\",\"target\":[\"https:\/\/www.chiavariturismo.it\/fr\/economic-forum-giannini\/\"]}]},{\"@type\":\"BreadcrumbList\",\"@id\":\"https:\/\/www.chiavariturismo.it\/fr\/economic-forum-giannini\/#breadcrumb\",\"itemListElement\":[{\"@type\":\"ListItem\",\"position\":1,\"name\":\"Home\",\"item\":\"https:\/\/www.chiavariturismo.it\/fr\/\"},{\"@type\":\"ListItem\",\"position\":2,\"name\":\"L\u2019economic Forum Giannini\"}]},{\"@type\":\"WebSite\",\"@id\":\"https:\/\/www.chiavariturismo.it\/fr\/#website\",\"url\":\"https:\/\/www.chiavariturismo.it\/fr\/\",\"name\":\"Portale Ufficiale del Turismo Comune di Chiavari\",\"description\":\"Chiavari Turismo: scopri la nostra citt\u00e0\",\"publisher\":{\"@id\":\"https:\/\/www.chiavariturismo.it\/fr\/#organization\"},\"potentialAction\":[{\"@type\":\"SearchAction\",\"target\":{\"@type\":\"EntryPoint\",\"urlTemplate\":\"https:\/\/www.chiavariturismo.it\/fr\/?s={search_term_string}\"},\"query-input\":{\"@type\":\"PropertyValueSpecification\",\"valueRequired\":true,\"valueName\":\"search_term_string\"}}],\"inLanguage\":\"fr-FR\"},{\"@type\":\"Organization\",\"@id\":\"https:\/\/www.chiavariturismo.it\/fr\/#organization\",\"name\":\"Comune di Chiavari\",\"url\":\"https:\/\/www.chiavariturismo.it\/fr\/\",\"logo\":{\"@type\":\"ImageObject\",\"inLanguage\":\"fr-FR\",\"@id\":\"https:\/\/www.chiavariturismo.it\/fr\/#\/schema\/logo\/image\/\",\"url\":\"https:\/\/www.chiavariturismo.it\/wp-content\/uploads\/2018\/10\/Chiavari-Stemma-logo.jpg\",\"contentUrl\":\"https:\/\/www.chiavariturismo.it\/wp-content\/uploads\/2018\/10\/Chiavari-Stemma-logo.jpg\",\"width\":100,\"height\":96,\"caption\":\"Comune di Chiavari\"},\"image\":{\"@id\":\"https:\/\/www.chiavariturismo.it\/fr\/#\/schema\/logo\/image\/\"},\"sameAs\":[\"https:\/\/www.facebook.com\/comune.chiavari\/\"]}]}<\/script>\n<!-- \/ Yoast SEO plugin. -->","yoast_head_json":{"title":"L\u2019economic Forum Giannini | Portale Ufficiale del Turismo Comune di Chiavari","description":"L\u2019Economic Forum Giannini, n\u00e9 en 2020, aborde et interpr\u00e8te les sc\u00e9narios \u00e9conomiques, les r\u00e9alit\u00e9s, les tendances et les perspectives d\u2019avenir du territoire, c\u2019est consid\u00e9r\u00e9 comme le plus important sommet du Tigullio dans l\u2019\u00e9conomie.","robots":{"index":"index","follow":"follow","max-snippet":"max-snippet:-1","max-image-preview":"max-image-preview:large","max-video-preview":"max-video-preview:-1"},"canonical":"https:\/\/www.chiavariturismo.it\/fr\/economic-forum-giannini\/","og_locale":"fr_FR","og_type":"article","og_title":"L\u2019economic Forum Giannini | Portale Ufficiale del Turismo Comune di Chiavari","og_description":"L\u2019Economic Forum Giannini, n\u00e9 en 2020, aborde et interpr\u00e8te les sc\u00e9narios \u00e9conomiques, les r\u00e9alit\u00e9s, les tendances et les perspectives d\u2019avenir du territoire, c\u2019est consid\u00e9r\u00e9 comme le plus important sommet du Tigullio dans l\u2019\u00e9conomie.","og_url":"https:\/\/www.chiavariturismo.it\/fr\/economic-forum-giannini\/","og_site_name":"Portale Ufficiale del Turismo Comune di Chiavari","article_publisher":"https:\/\/www.facebook.com\/comune.chiavari\/","twitter_card":"summary_large_image","twitter_misc":{"Dur\u00e9e de lecture estim\u00e9e":"2 minutes"},"schema":{"@context":"https:\/\/schema.org","@graph":[{"@type":"WebPage","@id":"https:\/\/www.chiavariturismo.it\/fr\/economic-forum-giannini\/","url":"https:\/\/www.chiavariturismo.it\/fr\/economic-forum-giannini\/","name":"L\u2019economic Forum Giannini | Portale Ufficiale del Turismo Comune di Chiavari","isPartOf":{"@id":"https:\/\/www.chiavariturismo.it\/fr\/#website"},"datePublished":"2024-05-22T13:19:42+00:00","description":"L\u2019Economic Forum Giannini, n\u00e9 en 2020, aborde et interpr\u00e8te les sc\u00e9narios \u00e9conomiques, les r\u00e9alit\u00e9s, les tendances et les perspectives d\u2019avenir du territoire, c\u2019est consid\u00e9r\u00e9 comme le plus important sommet du Tigullio dans l\u2019\u00e9conomie.","breadcrumb":{"@id":"https:\/\/www.chiavariturismo.it\/fr\/economic-forum-giannini\/#breadcrumb"},"inLanguage":"fr-FR","potentialAction":[{"@type":"ReadAction","target":["https:\/\/www.chiavariturismo.it\/fr\/economic-forum-giannini\/"]}]},{"@type":"BreadcrumbList","@id":"https:\/\/www.chiavariturismo.it\/fr\/economic-forum-giannini\/#breadcrumb","itemListElement":[{"@type":"ListItem","position":1,"name":"Home","item":"https:\/\/www.chiavariturismo.it\/fr\/"},{"@type":"ListItem","position":2,"name":"L\u2019economic Forum Giannini"}]},{"@type":"WebSite","@id":"https:\/\/www.chiavariturismo.it\/fr\/#website","url":"https:\/\/www.chiavariturismo.it\/fr\/","name":"Portale Ufficiale del Turismo Comune di Chiavari","description":"Chiavari Turismo: scopri la nostra citt\u00e0","publisher":{"@id":"https:\/\/www.chiavariturismo.it\/fr\/#organization"},"potentialAction":[{"@type":"SearchAction","target":{"@type":"EntryPoint","urlTemplate":"https:\/\/www.chiavariturismo.it\/fr\/?s={search_term_string}"},"query-input":{"@type":"PropertyValueSpecification","valueRequired":true,"valueName":"search_term_string"}}],"inLanguage":"fr-FR"},{"@type":"Organization","@id":"https:\/\/www.chiavariturismo.it\/fr\/#organization","name":"Comune di Chiavari","url":"https:\/\/www.chiavariturismo.it\/fr\/","logo":{"@type":"ImageObject","inLanguage":"fr-FR","@id":"https:\/\/www.chiavariturismo.it\/fr\/#\/schema\/logo\/image\/","url":"https:\/\/www.chiavariturismo.it\/wp-content\/uploads\/2018\/10\/Chiavari-Stemma-logo.jpg","contentUrl":"https:\/\/www.chiavariturismo.it\/wp-content\/uploads\/2018\/10\/Chiavari-Stemma-logo.jpg","width":100,"height":96,"caption":"Comune di Chiavari"},"image":{"@id":"https:\/\/www.chiavariturismo.it\/fr\/#\/schema\/logo\/image\/"},"sameAs":["https:\/\/www.facebook.com\/comune.chiavari\/"]}]}},"_links":{"self":[{"href":"https:\/\/www.chiavariturismo.it\/fr\/wp-json\/wp\/v2\/pages\/31759","targetHints":{"allow":["GET"]}}],"collection":[{"href":"https:\/\/www.chiavariturismo.it\/fr\/wp-json\/wp\/v2\/pages"}],"about":[{"href":"https:\/\/www.chiavariturismo.it\/fr\/wp-json\/wp\/v2\/types\/page"}],"author":[{"embeddable":true,"href":"https:\/\/www.chiavariturismo.it\/fr\/wp-json\/wp\/v2\/users\/2"}],"replies":[{"embeddable":true,"href":"https:\/\/www.chiavariturismo.it\/fr\/wp-json\/wp\/v2\/comments?post=31759"}],"version-history":[{"count":3,"href":"https:\/\/www.chiavariturismo.it\/fr\/wp-json\/wp\/v2\/pages\/31759\/revisions"}],"predecessor-version":[{"id":32184,"href":"https:\/\/www.chiavariturismo.it\/fr\/wp-json\/wp\/v2\/pages\/31759\/revisions\/32184"}],"wp:attachment":[{"href":"https:\/\/www.chiavariturismo.it\/fr\/wp-json\/wp\/v2\/media?parent=31759"}],"curies":[{"name":"wp","href":"https:\/\/api.w.org\/{rel}","templated":true}]}}