{"id":31764,"date":"2024-05-22T15:30:25","date_gmt":"2024-05-22T13:30:25","guid":{"rendered":"https:\/\/www.chiavariturismo.it\/?page_id=31764"},"modified":"2024-05-22T15:30:26","modified_gmt":"2024-05-22T13:30:26","slug":"chiavari-in-jazz","status":"publish","type":"page","link":"https:\/\/www.chiavariturismo.it\/fr\/chiavari-in-jazz\/","title":{"rendered":"Chiavari in Jazz"},"content":{"rendered":"<div class=\"wpb-content-wrapper\">[vc_row][vc_column css_animation=&#8221;none&#8221;][vc_empty_space height=&#8221;20px&#8221; el_class=&#8221;none&#8221;][vc_row_inner][vc_column_inner width=&#8221;1\/4&#8243;][\/vc_column_inner][vc_column_inner width=&#8221;1\/2&#8243;][vc_single_image image=&#8221;31767&#8243; img_size=&#8221;full&#8221; alignment=&#8221;center&#8221; css=&#8221;&#8221;][\/vc_column_inner][vc_column_inner width=&#8221;1\/4&#8243;][\/vc_column_inner][\/vc_row_inner][vc_column_text css=&#8221;&#8221; css_animation=&#8221;none&#8221;]Le festival <em>\u201c<strong>Chiavari in jazz\u201d<\/strong>, <\/em>sur la place N.S. dell\u2019Orto, a attir\u00e9 les meilleurs artistes de la sc\u00e8ne internationale jazz. Illustres artistes de jazz de renomm\u00e9e nationale et internationale et enfant prodige se sont succ\u00e9d\u00e9 sur sc\u00e8ne au cours des \u00e9ditions, comme Paolo Fresu, Tosca et Enrico Rava.\r\n\r\nUn \u00e9t\u00e9, donc, (habituellement le festival a lieu au mois d\u2019ao\u00fbt) sous le signe de la musique de qualit\u00e9, avec concerts de grande valeur et charme incontest\u00e9 et un programme raffin\u00e9 qui place au centre la musique de jazz.\r\n\r\nL\u2019\u00e9v\u00e8nement est organis\u00e9 par l\u2019Assessorat au Tourisme.[\/vc_column_text][vc_empty_space height=&#8221;20px&#8221; el_class=&#8221;none&#8221;][\/vc_column][\/vc_row]<\/div>","protected":false},"excerpt":{"rendered":"<p>[vc_row][vc_column css_animation=&#8221;none&#8221;][vc_empty_space height=&#8221;20px&#8221; el_class=&#8221;none&#8221;][vc_row_inner][vc_column_inner width=&#8221;1\/4&#8243;][\/vc_column_inner][vc_column_inner width=&#8221;1\/2&#8243;][vc_single_image image=&#8221;31767&#8243; img_size=&#8221;full&#8221; alignment=&#8221;center&#8221; css=&#8221;&#8221;][\/vc_column_inner][vc_column_inner width=&#8221;1\/4&#8243;][\/vc_column_inner][\/vc_row_inner][vc_column_text css=&#8221;&#8221; css_animation=&#8221;none&#8221;]Le festival \u201cChiavari in jazz\u201d, sur la place&#8230;<\/p>\n","protected":false},"author":2,"featured_media":0,"parent":0,"menu_order":0,"comment_status":"closed","ping_status":"closed","template":"","meta":{"footnotes":""},"class_list":["post-31764","page","type-page","status-publish"],"yoast_head":"<!-- This site is optimized with the Yoast SEO plugin v25.6 - https:\/\/yoast.com\/wordpress\/plugins\/seo\/ -->\n<title>Chiavari in Jazz | Portale Ufficiale del Turismo Comune di Chiavari<\/title>\n<meta name=\"description\" content=\"Le festival \u201cChiavari in jazz\u201d, sur la place N.S. dell\u2019Orto, a attir\u00e9 les meilleurs artistes de la sc\u00e8ne internationale jazz. Illustres artistes de jazz de renomm\u00e9e nationale et internationale et enfant prodige se sont succ\u00e9d\u00e9 sur sc\u00e8ne au cours des \u00e9ditions, comme Paolo Fresu, Tosca et Enrico Rava.\" \/>\n<meta name=\"robots\" content=\"index, follow, max-snippet:-1, max-image-preview:large, max-video-preview:-1\" \/>\n<link rel=\"canonical\" href=\"https:\/\/www.chiavariturismo.it\/fr\/chiavari-in-jazz\/\" \/>\n<meta property=\"og:locale\" content=\"fr_FR\" \/>\n<meta property=\"og:type\" content=\"article\" \/>\n<meta property=\"og:title\" content=\"Chiavari in Jazz | Portale Ufficiale del Turismo Comune di Chiavari\" \/>\n<meta property=\"og:description\" content=\"Le festival \u201cChiavari in jazz\u201d, sur la place N.S. dell\u2019Orto, a attir\u00e9 les meilleurs artistes de la sc\u00e8ne internationale jazz. Illustres artistes de jazz de renomm\u00e9e nationale et internationale et enfant prodige se sont succ\u00e9d\u00e9 sur sc\u00e8ne au cours des \u00e9ditions, comme Paolo Fresu, Tosca et Enrico Rava.\" \/>\n<meta property=\"og:url\" content=\"https:\/\/www.chiavariturismo.it\/fr\/chiavari-in-jazz\/\" \/>\n<meta property=\"og:site_name\" content=\"Portale Ufficiale del Turismo Comune di Chiavari\" \/>\n<meta property=\"article:publisher\" content=\"https:\/\/www.facebook.com\/comune.chiavari\/\" \/>\n<meta property=\"article:modified_time\" content=\"2024-05-22T13:30:26+00:00\" \/>\n<meta name=\"twitter:card\" content=\"summary_large_image\" \/>\n<meta name=\"twitter:label1\" content=\"Dur\u00e9e de lecture estim\u00e9e\" \/>\n\t<meta name=\"twitter:data1\" content=\"1 minute\" \/>\n<script type=\"application\/ld+json\" class=\"yoast-schema-graph\">{\"@context\":\"https:\/\/schema.org\",\"@graph\":[{\"@type\":\"WebPage\",\"@id\":\"https:\/\/www.chiavariturismo.it\/fr\/chiavari-in-jazz\/\",\"url\":\"https:\/\/www.chiavariturismo.it\/fr\/chiavari-in-jazz\/\",\"name\":\"Chiavari in Jazz | Portale Ufficiale del Turismo Comune di Chiavari\",\"isPartOf\":{\"@id\":\"https:\/\/www.chiavariturismo.it\/fr\/#website\"},\"datePublished\":\"2024-05-22T13:30:25+00:00\",\"dateModified\":\"2024-05-22T13:30:26+00:00\",\"description\":\"Le festival \u201cChiavari in jazz\u201d, sur la place N.S. dell\u2019Orto, a attir\u00e9 les meilleurs artistes de la sc\u00e8ne internationale jazz. Illustres artistes de jazz de renomm\u00e9e nationale et internationale et enfant prodige se sont succ\u00e9d\u00e9 sur sc\u00e8ne au cours des \u00e9ditions, comme Paolo Fresu, Tosca et Enrico Rava.\",\"breadcrumb\":{\"@id\":\"https:\/\/www.chiavariturismo.it\/fr\/chiavari-in-jazz\/#breadcrumb\"},\"inLanguage\":\"fr-FR\",\"potentialAction\":[{\"@type\":\"ReadAction\",\"target\":[\"https:\/\/www.chiavariturismo.it\/fr\/chiavari-in-jazz\/\"]}]},{\"@type\":\"BreadcrumbList\",\"@id\":\"https:\/\/www.chiavariturismo.it\/fr\/chiavari-in-jazz\/#breadcrumb\",\"itemListElement\":[{\"@type\":\"ListItem\",\"position\":1,\"name\":\"Home\",\"item\":\"https:\/\/www.chiavariturismo.it\/fr\/\"},{\"@type\":\"ListItem\",\"position\":2,\"name\":\"Chiavari in Jazz\"}]},{\"@type\":\"WebSite\",\"@id\":\"https:\/\/www.chiavariturismo.it\/fr\/#website\",\"url\":\"https:\/\/www.chiavariturismo.it\/fr\/\",\"name\":\"Portale Ufficiale del Turismo Comune di Chiavari\",\"description\":\"Chiavari Turismo: scopri la nostra citt\u00e0\",\"publisher\":{\"@id\":\"https:\/\/www.chiavariturismo.it\/fr\/#organization\"},\"potentialAction\":[{\"@type\":\"SearchAction\",\"target\":{\"@type\":\"EntryPoint\",\"urlTemplate\":\"https:\/\/www.chiavariturismo.it\/fr\/?s={search_term_string}\"},\"query-input\":{\"@type\":\"PropertyValueSpecification\",\"valueRequired\":true,\"valueName\":\"search_term_string\"}}],\"inLanguage\":\"fr-FR\"},{\"@type\":\"Organization\",\"@id\":\"https:\/\/www.chiavariturismo.it\/fr\/#organization\",\"name\":\"Comune di Chiavari\",\"url\":\"https:\/\/www.chiavariturismo.it\/fr\/\",\"logo\":{\"@type\":\"ImageObject\",\"inLanguage\":\"fr-FR\",\"@id\":\"https:\/\/www.chiavariturismo.it\/fr\/#\/schema\/logo\/image\/\",\"url\":\"https:\/\/www.chiavariturismo.it\/wp-content\/uploads\/2018\/10\/Chiavari-Stemma-logo.jpg\",\"contentUrl\":\"https:\/\/www.chiavariturismo.it\/wp-content\/uploads\/2018\/10\/Chiavari-Stemma-logo.jpg\",\"width\":100,\"height\":96,\"caption\":\"Comune di Chiavari\"},\"image\":{\"@id\":\"https:\/\/www.chiavariturismo.it\/fr\/#\/schema\/logo\/image\/\"},\"sameAs\":[\"https:\/\/www.facebook.com\/comune.chiavari\/\"]}]}<\/script>\n<!-- \/ Yoast SEO plugin. -->","yoast_head_json":{"title":"Chiavari in Jazz | Portale Ufficiale del Turismo Comune di Chiavari","description":"Le festival \u201cChiavari in jazz\u201d, sur la place N.S. dell\u2019Orto, a attir\u00e9 les meilleurs artistes de la sc\u00e8ne internationale jazz. Illustres artistes de jazz de renomm\u00e9e nationale et internationale et enfant prodige se sont succ\u00e9d\u00e9 sur sc\u00e8ne au cours des \u00e9ditions, comme Paolo Fresu, Tosca et Enrico Rava.","robots":{"index":"index","follow":"follow","max-snippet":"max-snippet:-1","max-image-preview":"max-image-preview:large","max-video-preview":"max-video-preview:-1"},"canonical":"https:\/\/www.chiavariturismo.it\/fr\/chiavari-in-jazz\/","og_locale":"fr_FR","og_type":"article","og_title":"Chiavari in Jazz | Portale Ufficiale del Turismo Comune di Chiavari","og_description":"Le festival \u201cChiavari in jazz\u201d, sur la place N.S. dell\u2019Orto, a attir\u00e9 les meilleurs artistes de la sc\u00e8ne internationale jazz. Illustres artistes de jazz de renomm\u00e9e nationale et internationale et enfant prodige se sont succ\u00e9d\u00e9 sur sc\u00e8ne au cours des \u00e9ditions, comme Paolo Fresu, Tosca et Enrico Rava.","og_url":"https:\/\/www.chiavariturismo.it\/fr\/chiavari-in-jazz\/","og_site_name":"Portale Ufficiale del Turismo Comune di Chiavari","article_publisher":"https:\/\/www.facebook.com\/comune.chiavari\/","article_modified_time":"2024-05-22T13:30:26+00:00","twitter_card":"summary_large_image","twitter_misc":{"Dur\u00e9e de lecture estim\u00e9e":"1 minute"},"schema":{"@context":"https:\/\/schema.org","@graph":[{"@type":"WebPage","@id":"https:\/\/www.chiavariturismo.it\/fr\/chiavari-in-jazz\/","url":"https:\/\/www.chiavariturismo.it\/fr\/chiavari-in-jazz\/","name":"Chiavari in Jazz | Portale Ufficiale del Turismo Comune di Chiavari","isPartOf":{"@id":"https:\/\/www.chiavariturismo.it\/fr\/#website"},"datePublished":"2024-05-22T13:30:25+00:00","dateModified":"2024-05-22T13:30:26+00:00","description":"Le festival \u201cChiavari in jazz\u201d, sur la place N.S. dell\u2019Orto, a attir\u00e9 les meilleurs artistes de la sc\u00e8ne internationale jazz. Illustres artistes de jazz de renomm\u00e9e nationale et internationale et enfant prodige se sont succ\u00e9d\u00e9 sur sc\u00e8ne au cours des \u00e9ditions, comme Paolo Fresu, Tosca et Enrico Rava.","breadcrumb":{"@id":"https:\/\/www.chiavariturismo.it\/fr\/chiavari-in-jazz\/#breadcrumb"},"inLanguage":"fr-FR","potentialAction":[{"@type":"ReadAction","target":["https:\/\/www.chiavariturismo.it\/fr\/chiavari-in-jazz\/"]}]},{"@type":"BreadcrumbList","@id":"https:\/\/www.chiavariturismo.it\/fr\/chiavari-in-jazz\/#breadcrumb","itemListElement":[{"@type":"ListItem","position":1,"name":"Home","item":"https:\/\/www.chiavariturismo.it\/fr\/"},{"@type":"ListItem","position":2,"name":"Chiavari in Jazz"}]},{"@type":"WebSite","@id":"https:\/\/www.chiavariturismo.it\/fr\/#website","url":"https:\/\/www.chiavariturismo.it\/fr\/","name":"Portale Ufficiale del Turismo Comune di Chiavari","description":"Chiavari Turismo: scopri la nostra citt\u00e0","publisher":{"@id":"https:\/\/www.chiavariturismo.it\/fr\/#organization"},"potentialAction":[{"@type":"SearchAction","target":{"@type":"EntryPoint","urlTemplate":"https:\/\/www.chiavariturismo.it\/fr\/?s={search_term_string}"},"query-input":{"@type":"PropertyValueSpecification","valueRequired":true,"valueName":"search_term_string"}}],"inLanguage":"fr-FR"},{"@type":"Organization","@id":"https:\/\/www.chiavariturismo.it\/fr\/#organization","name":"Comune di Chiavari","url":"https:\/\/www.chiavariturismo.it\/fr\/","logo":{"@type":"ImageObject","inLanguage":"fr-FR","@id":"https:\/\/www.chiavariturismo.it\/fr\/#\/schema\/logo\/image\/","url":"https:\/\/www.chiavariturismo.it\/wp-content\/uploads\/2018\/10\/Chiavari-Stemma-logo.jpg","contentUrl":"https:\/\/www.chiavariturismo.it\/wp-content\/uploads\/2018\/10\/Chiavari-Stemma-logo.jpg","width":100,"height":96,"caption":"Comune di Chiavari"},"image":{"@id":"https:\/\/www.chiavariturismo.it\/fr\/#\/schema\/logo\/image\/"},"sameAs":["https:\/\/www.facebook.com\/comune.chiavari\/"]}]}},"_links":{"self":[{"href":"https:\/\/www.chiavariturismo.it\/fr\/wp-json\/wp\/v2\/pages\/31764","targetHints":{"allow":["GET"]}}],"collection":[{"href":"https:\/\/www.chiavariturismo.it\/fr\/wp-json\/wp\/v2\/pages"}],"about":[{"href":"https:\/\/www.chiavariturismo.it\/fr\/wp-json\/wp\/v2\/types\/page"}],"author":[{"embeddable":true,"href":"https:\/\/www.chiavariturismo.it\/fr\/wp-json\/wp\/v2\/users\/2"}],"replies":[{"embeddable":true,"href":"https:\/\/www.chiavariturismo.it\/fr\/wp-json\/wp\/v2\/comments?post=31764"}],"version-history":[{"count":3,"href":"https:\/\/www.chiavariturismo.it\/fr\/wp-json\/wp\/v2\/pages\/31764\/revisions"}],"predecessor-version":[{"id":32189,"href":"https:\/\/www.chiavariturismo.it\/fr\/wp-json\/wp\/v2\/pages\/31764\/revisions\/32189"}],"wp:attachment":[{"href":"https:\/\/www.chiavariturismo.it\/fr\/wp-json\/wp\/v2\/media?parent=31764"}],"curies":[{"name":"wp","href":"https:\/\/api.w.org\/{rel}","templated":true}]}}