{"id":31791,"date":"2024-05-22T15:31:46","date_gmt":"2024-05-22T13:31:46","guid":{"rendered":"https:\/\/www.chiavariturismo.it\/?page_id=31791"},"modified":"2024-05-22T15:31:46","modified_gmt":"2024-05-22T13:31:46","slug":"dionisio-festival","status":"publish","type":"page","link":"https:\/\/www.chiavariturismo.it\/fr\/dionisio-festival\/","title":{"rendered":"Dionisio Festival"},"content":{"rendered":"<div class=\"wpb-content-wrapper\">[vc_row][vc_column css_animation=&#8221;none&#8221;][vc_empty_space height=&#8221;20px&#8221; el_class=&#8221;none&#8221;][vc_row_inner][vc_column_inner width=&#8221;1\/4&#8243;][\/vc_column_inner][vc_column_inner width=&#8221;1\/2&#8243;][vc_single_image image=&#8221;31794&#8243; img_size=&#8221;full&#8221; alignment=&#8221;center&#8221; css=&#8221;&#8221;][\/vc_column_inner][vc_column_inner width=&#8221;1\/4&#8243;][\/vc_column_inner][\/vc_row_inner][vc_column_text css=&#8221;&#8221; css_animation=&#8221;none&#8221;]\u00c0 Chiavari, en juillet et ao\u00fbt, se tient le <strong>Dionisio Festival<\/strong>, un festival th\u00e9\u00e2tral organis\u00e9 par l\u2019Assessorat de la Culture et la Municipalit\u00e9 de Chiavari. Une kermesse qui met en sc\u00e8ne des pi\u00e8ces de th\u00e9\u00e2tre inspir\u00e9es du monde de la litt\u00e9rature, de la com\u00e9die et de la musique, dans le cadre magnifique de la Place Nostra Signora dell\u2019Orto. Chaque \u00e9dition le Dionisio Festival a connu un r\u00e9el succ\u00e8s aupr\u00e8s du public et des critiques, en remportant le Prix Festivalmare en 2019.\r\n\r\nParmi les invit\u00e9s Paola Minaccioni, Francesco Baccini, Enzo Paci, Monica Guerritore, Lello Arena et Alessandro Preziosi.\r\n\r\nSpectacles dynamiques et modernes, con\u00e7us pour surprendre et impliquer le public et qui accueillent l\u2019art sous ses diff\u00e9rentes formes et sous ses diff\u00e9rentes langages.[\/vc_column_text][vc_empty_space height=&#8221;20px&#8221; el_class=&#8221;none&#8221;][\/vc_column][\/vc_row]<\/div>","protected":false},"excerpt":{"rendered":"<p>[vc_row][vc_column css_animation=&#8221;none&#8221;][vc_empty_space height=&#8221;20px&#8221; el_class=&#8221;none&#8221;][vc_row_inner][vc_column_inner width=&#8221;1\/4&#8243;][\/vc_column_inner][vc_column_inner width=&#8221;1\/2&#8243;][vc_single_image image=&#8221;31794&#8243; img_size=&#8221;full&#8221; alignment=&#8221;center&#8221; css=&#8221;&#8221;][\/vc_column_inner][vc_column_inner width=&#8221;1\/4&#8243;][\/vc_column_inner][\/vc_row_inner][vc_column_text css=&#8221;&#8221; css_animation=&#8221;none&#8221;]\u00c0 Chiavari, en juillet et ao\u00fbt, se tient&#8230;<\/p>\n","protected":false},"author":2,"featured_media":0,"parent":0,"menu_order":0,"comment_status":"closed","ping_status":"closed","template":"","meta":{"footnotes":""},"class_list":["post-31791","page","type-page","status-publish"],"yoast_head":"<!-- This site is optimized with the Yoast SEO plugin v25.6 - https:\/\/yoast.com\/wordpress\/plugins\/seo\/ -->\n<title>Dionisio Festival | Portale Ufficiale del Turismo Comune di Chiavari<\/title>\n<meta name=\"description\" content=\"\u00c0 Chiavari, en juillet et ao\u00fbt, se tient le Dionisio Festival, un festival th\u00e9\u00e2tral organis\u00e9 par l\u2019Assessorat de la Culture et la Municipalit\u00e9 de Chiavari.\" \/>\n<meta name=\"robots\" content=\"index, follow, max-snippet:-1, max-image-preview:large, max-video-preview:-1\" \/>\n<link rel=\"canonical\" href=\"https:\/\/www.chiavariturismo.it\/fr\/dionisio-festival\/\" \/>\n<meta property=\"og:locale\" content=\"fr_FR\" \/>\n<meta property=\"og:type\" content=\"article\" \/>\n<meta property=\"og:title\" content=\"Dionisio Festival | Portale Ufficiale del Turismo Comune di Chiavari\" \/>\n<meta property=\"og:description\" content=\"\u00c0 Chiavari, en juillet et ao\u00fbt, se tient le Dionisio Festival, un festival th\u00e9\u00e2tral organis\u00e9 par l\u2019Assessorat de la Culture et la Municipalit\u00e9 de Chiavari.\" \/>\n<meta property=\"og:url\" content=\"https:\/\/www.chiavariturismo.it\/fr\/dionisio-festival\/\" \/>\n<meta property=\"og:site_name\" content=\"Portale Ufficiale del Turismo Comune di Chiavari\" \/>\n<meta property=\"article:publisher\" content=\"https:\/\/www.facebook.com\/comune.chiavari\/\" \/>\n<meta name=\"twitter:card\" content=\"summary_large_image\" \/>\n<meta name=\"twitter:label1\" content=\"Dur\u00e9e de lecture estim\u00e9e\" \/>\n\t<meta name=\"twitter:data1\" content=\"1 minute\" \/>\n<script type=\"application\/ld+json\" class=\"yoast-schema-graph\">{\"@context\":\"https:\/\/schema.org\",\"@graph\":[{\"@type\":\"WebPage\",\"@id\":\"https:\/\/www.chiavariturismo.it\/fr\/dionisio-festival\/\",\"url\":\"https:\/\/www.chiavariturismo.it\/fr\/dionisio-festival\/\",\"name\":\"Dionisio Festival | Portale Ufficiale del Turismo Comune di Chiavari\",\"isPartOf\":{\"@id\":\"https:\/\/www.chiavariturismo.it\/fr\/#website\"},\"datePublished\":\"2024-05-22T13:31:46+00:00\",\"description\":\"\u00c0 Chiavari, en juillet et ao\u00fbt, se tient le Dionisio Festival, un festival th\u00e9\u00e2tral organis\u00e9 par l\u2019Assessorat de la Culture et la Municipalit\u00e9 de Chiavari.\",\"breadcrumb\":{\"@id\":\"https:\/\/www.chiavariturismo.it\/fr\/dionisio-festival\/#breadcrumb\"},\"inLanguage\":\"fr-FR\",\"potentialAction\":[{\"@type\":\"ReadAction\",\"target\":[\"https:\/\/www.chiavariturismo.it\/fr\/dionisio-festival\/\"]}]},{\"@type\":\"BreadcrumbList\",\"@id\":\"https:\/\/www.chiavariturismo.it\/fr\/dionisio-festival\/#breadcrumb\",\"itemListElement\":[{\"@type\":\"ListItem\",\"position\":1,\"name\":\"Home\",\"item\":\"https:\/\/www.chiavariturismo.it\/fr\/\"},{\"@type\":\"ListItem\",\"position\":2,\"name\":\"Dionisio Festival\"}]},{\"@type\":\"WebSite\",\"@id\":\"https:\/\/www.chiavariturismo.it\/fr\/#website\",\"url\":\"https:\/\/www.chiavariturismo.it\/fr\/\",\"name\":\"Portale Ufficiale del Turismo Comune di Chiavari\",\"description\":\"Chiavari Turismo: scopri la nostra citt\u00e0\",\"publisher\":{\"@id\":\"https:\/\/www.chiavariturismo.it\/fr\/#organization\"},\"potentialAction\":[{\"@type\":\"SearchAction\",\"target\":{\"@type\":\"EntryPoint\",\"urlTemplate\":\"https:\/\/www.chiavariturismo.it\/fr\/?s={search_term_string}\"},\"query-input\":{\"@type\":\"PropertyValueSpecification\",\"valueRequired\":true,\"valueName\":\"search_term_string\"}}],\"inLanguage\":\"fr-FR\"},{\"@type\":\"Organization\",\"@id\":\"https:\/\/www.chiavariturismo.it\/fr\/#organization\",\"name\":\"Comune di Chiavari\",\"url\":\"https:\/\/www.chiavariturismo.it\/fr\/\",\"logo\":{\"@type\":\"ImageObject\",\"inLanguage\":\"fr-FR\",\"@id\":\"https:\/\/www.chiavariturismo.it\/fr\/#\/schema\/logo\/image\/\",\"url\":\"https:\/\/www.chiavariturismo.it\/wp-content\/uploads\/2018\/10\/Chiavari-Stemma-logo.jpg\",\"contentUrl\":\"https:\/\/www.chiavariturismo.it\/wp-content\/uploads\/2018\/10\/Chiavari-Stemma-logo.jpg\",\"width\":100,\"height\":96,\"caption\":\"Comune di Chiavari\"},\"image\":{\"@id\":\"https:\/\/www.chiavariturismo.it\/fr\/#\/schema\/logo\/image\/\"},\"sameAs\":[\"https:\/\/www.facebook.com\/comune.chiavari\/\"]}]}<\/script>\n<!-- \/ Yoast SEO plugin. -->","yoast_head_json":{"title":"Dionisio Festival | Portale Ufficiale del Turismo Comune di Chiavari","description":"\u00c0 Chiavari, en juillet et ao\u00fbt, se tient le Dionisio Festival, un festival th\u00e9\u00e2tral organis\u00e9 par l\u2019Assessorat de la Culture et la Municipalit\u00e9 de Chiavari.","robots":{"index":"index","follow":"follow","max-snippet":"max-snippet:-1","max-image-preview":"max-image-preview:large","max-video-preview":"max-video-preview:-1"},"canonical":"https:\/\/www.chiavariturismo.it\/fr\/dionisio-festival\/","og_locale":"fr_FR","og_type":"article","og_title":"Dionisio Festival | Portale Ufficiale del Turismo Comune di Chiavari","og_description":"\u00c0 Chiavari, en juillet et ao\u00fbt, se tient le Dionisio Festival, un festival th\u00e9\u00e2tral organis\u00e9 par l\u2019Assessorat de la Culture et la Municipalit\u00e9 de Chiavari.","og_url":"https:\/\/www.chiavariturismo.it\/fr\/dionisio-festival\/","og_site_name":"Portale Ufficiale del Turismo Comune di Chiavari","article_publisher":"https:\/\/www.facebook.com\/comune.chiavari\/","twitter_card":"summary_large_image","twitter_misc":{"Dur\u00e9e de lecture estim\u00e9e":"1 minute"},"schema":{"@context":"https:\/\/schema.org","@graph":[{"@type":"WebPage","@id":"https:\/\/www.chiavariturismo.it\/fr\/dionisio-festival\/","url":"https:\/\/www.chiavariturismo.it\/fr\/dionisio-festival\/","name":"Dionisio Festival | Portale Ufficiale del Turismo Comune di Chiavari","isPartOf":{"@id":"https:\/\/www.chiavariturismo.it\/fr\/#website"},"datePublished":"2024-05-22T13:31:46+00:00","description":"\u00c0 Chiavari, en juillet et ao\u00fbt, se tient le Dionisio Festival, un festival th\u00e9\u00e2tral organis\u00e9 par l\u2019Assessorat de la Culture et la Municipalit\u00e9 de Chiavari.","breadcrumb":{"@id":"https:\/\/www.chiavariturismo.it\/fr\/dionisio-festival\/#breadcrumb"},"inLanguage":"fr-FR","potentialAction":[{"@type":"ReadAction","target":["https:\/\/www.chiavariturismo.it\/fr\/dionisio-festival\/"]}]},{"@type":"BreadcrumbList","@id":"https:\/\/www.chiavariturismo.it\/fr\/dionisio-festival\/#breadcrumb","itemListElement":[{"@type":"ListItem","position":1,"name":"Home","item":"https:\/\/www.chiavariturismo.it\/fr\/"},{"@type":"ListItem","position":2,"name":"Dionisio Festival"}]},{"@type":"WebSite","@id":"https:\/\/www.chiavariturismo.it\/fr\/#website","url":"https:\/\/www.chiavariturismo.it\/fr\/","name":"Portale Ufficiale del Turismo Comune di Chiavari","description":"Chiavari Turismo: scopri la nostra citt\u00e0","publisher":{"@id":"https:\/\/www.chiavariturismo.it\/fr\/#organization"},"potentialAction":[{"@type":"SearchAction","target":{"@type":"EntryPoint","urlTemplate":"https:\/\/www.chiavariturismo.it\/fr\/?s={search_term_string}"},"query-input":{"@type":"PropertyValueSpecification","valueRequired":true,"valueName":"search_term_string"}}],"inLanguage":"fr-FR"},{"@type":"Organization","@id":"https:\/\/www.chiavariturismo.it\/fr\/#organization","name":"Comune di Chiavari","url":"https:\/\/www.chiavariturismo.it\/fr\/","logo":{"@type":"ImageObject","inLanguage":"fr-FR","@id":"https:\/\/www.chiavariturismo.it\/fr\/#\/schema\/logo\/image\/","url":"https:\/\/www.chiavariturismo.it\/wp-content\/uploads\/2018\/10\/Chiavari-Stemma-logo.jpg","contentUrl":"https:\/\/www.chiavariturismo.it\/wp-content\/uploads\/2018\/10\/Chiavari-Stemma-logo.jpg","width":100,"height":96,"caption":"Comune di Chiavari"},"image":{"@id":"https:\/\/www.chiavariturismo.it\/fr\/#\/schema\/logo\/image\/"},"sameAs":["https:\/\/www.facebook.com\/comune.chiavari\/"]}]}},"_links":{"self":[{"href":"https:\/\/www.chiavariturismo.it\/fr\/wp-json\/wp\/v2\/pages\/31791","targetHints":{"allow":["GET"]}}],"collection":[{"href":"https:\/\/www.chiavariturismo.it\/fr\/wp-json\/wp\/v2\/pages"}],"about":[{"href":"https:\/\/www.chiavariturismo.it\/fr\/wp-json\/wp\/v2\/types\/page"}],"author":[{"embeddable":true,"href":"https:\/\/www.chiavariturismo.it\/fr\/wp-json\/wp\/v2\/users\/2"}],"replies":[{"embeddable":true,"href":"https:\/\/www.chiavariturismo.it\/fr\/wp-json\/wp\/v2\/comments?post=31791"}],"version-history":[{"count":3,"href":"https:\/\/www.chiavariturismo.it\/fr\/wp-json\/wp\/v2\/pages\/31791\/revisions"}],"predecessor-version":[{"id":32195,"href":"https:\/\/www.chiavariturismo.it\/fr\/wp-json\/wp\/v2\/pages\/31791\/revisions\/32195"}],"wp:attachment":[{"href":"https:\/\/www.chiavariturismo.it\/fr\/wp-json\/wp\/v2\/media?parent=31791"}],"curies":[{"name":"wp","href":"https:\/\/api.w.org\/{rel}","templated":true}]}}