{"id":32229,"date":"2024-05-24T15:00:44","date_gmt":"2024-05-24T13:00:44","guid":{"rendered":"https:\/\/www.chiavariturismo.it\/festa-dello-sport\/"},"modified":"2024-05-28T09:10:49","modified_gmt":"2024-05-28T07:10:49","slug":"fete-du-sport","status":"publish","type":"page","link":"https:\/\/www.chiavariturismo.it\/fr\/fete-du-sport\/","title":{"rendered":"F\u00eate du Sport"},"content":{"rendered":"<div class=\"wpb-content-wrapper\"><p>[vc_row][vc_column css_animation=&#8221;none&#8221;][vc_empty_space height=&#8221;20px&#8221; el_class=&#8221;none&#8221;][vc_row_inner][vc_column_inner width=&#8221;1\/4&#8243;][\/vc_column_inner][vc_column_inner width=&#8221;1\/2&#8243;][vc_single_image image=&#8221;32223&#8243; img_size=&#8221;full&#8221; alignment=&#8221;center&#8221; css=&#8221;&#8221;][\/vc_column_inner][vc_column_inner width=&#8221;1\/4&#8243;][\/vc_column_inner][\/vc_row_inner][vc_column_text css=&#8221;&#8221; css_animation=&#8221;none&#8221;]<\/p>\n<div>La<strong> F\u00eate du Sport<\/strong>, \u00e0 sa sixi\u00e8me \u00e9dition, inaugure, comme tous les ans, la saison automnale avec une journ\u00e9e portes ouvertes pendant laquelle les associations sportives de la ville deviennent protagonistes. Cet \u00e9v\u00e9nement vise \u00e0 promouvoir le sport et \u00e0 transmettre les valeurs de la solidarit\u00e9, de la loyaut\u00e9 et du respect des r\u00e8gles qui sont les valeurs fondamentales de la pratique sportive.<\/div>\n<div>\u00c0 animer la ville nombreuses performances des athl\u00e8tes, cours d\u2019essai, une conf\u00e9rence et beaucoup d\u2019amusement.<\/div>\n<p>[\/vc_column_text][vc_empty_space height=&#8221;20px&#8221; el_class=&#8221;none&#8221;][\/vc_column][\/vc_row]<\/p>\n<\/div>","protected":false},"excerpt":{"rendered":"<p>[vc_row][vc_column css_animation=&#8221;none&#8221;][vc_empty_space height=&#8221;20px&#8221; el_class=&#8221;none&#8221;][vc_row_inner][vc_column_inner width=&#8221;1\/4&#8243;][\/vc_column_inner][vc_column_inner width=&#8221;1\/2&#8243;][vc_single_image image=&#8221;32223&#8243; img_size=&#8221;full&#8221; alignment=&#8221;center&#8221; css=&#8221;&#8221;][\/vc_column_inner][vc_column_inner width=&#8221;1\/4&#8243;][\/vc_column_inner][\/vc_row_inner][vc_column_text css=&#8221;&#8221; css_animation=&#8221;none&#8221;] La F\u00eate du Sport, \u00e0 sa sixi\u00e8me&#8230;<\/p>\n","protected":false},"author":2,"featured_media":0,"parent":0,"menu_order":0,"comment_status":"closed","ping_status":"closed","template":"","meta":{"footnotes":""},"class_list":["post-32229","page","type-page","status-publish"],"yoast_head":"<!-- This site is optimized with the Yoast SEO plugin v25.6 - https:\/\/yoast.com\/wordpress\/plugins\/seo\/ -->\n<title>F\u00eate du Sport | Portale Ufficiale del Turismo Comune di Chiavari<\/title>\n<meta name=\"description\" content=\"\u00c0 animer la ville nombreuses performances des athl\u00e8tes, cours d\u2019essai, une conf\u00e9rence et beaucoup d\u2019amusement.\" \/>\n<meta name=\"robots\" content=\"index, follow, max-snippet:-1, max-image-preview:large, max-video-preview:-1\" \/>\n<link rel=\"canonical\" href=\"https:\/\/www.chiavariturismo.it\/fr\/fete-du-sport\/\" \/>\n<meta property=\"og:locale\" content=\"fr_FR\" \/>\n<meta property=\"og:type\" content=\"article\" \/>\n<meta property=\"og:title\" content=\"F\u00eate du Sport | Portale Ufficiale del Turismo Comune di Chiavari\" \/>\n<meta property=\"og:description\" content=\"\u00c0 animer la ville nombreuses performances des athl\u00e8tes, cours d\u2019essai, une conf\u00e9rence et beaucoup d\u2019amusement.\" \/>\n<meta property=\"og:url\" content=\"https:\/\/www.chiavariturismo.it\/fr\/fete-du-sport\/\" \/>\n<meta property=\"og:site_name\" content=\"Portale Ufficiale del Turismo Comune di Chiavari\" \/>\n<meta property=\"article:publisher\" content=\"https:\/\/www.facebook.com\/comune.chiavari\/\" \/>\n<meta property=\"article:modified_time\" content=\"2024-05-28T07:10:49+00:00\" \/>\n<meta name=\"twitter:card\" content=\"summary_large_image\" \/>\n<meta name=\"twitter:label1\" content=\"Dur\u00e9e de lecture estim\u00e9e\" \/>\n\t<meta name=\"twitter:data1\" content=\"1 minute\" \/>\n<script type=\"application\/ld+json\" class=\"yoast-schema-graph\">{\"@context\":\"https:\/\/schema.org\",\"@graph\":[{\"@type\":\"WebPage\",\"@id\":\"https:\/\/www.chiavariturismo.it\/fr\/fete-du-sport\/\",\"url\":\"https:\/\/www.chiavariturismo.it\/fr\/fete-du-sport\/\",\"name\":\"F\u00eate du Sport | Portale Ufficiale del Turismo Comune di Chiavari\",\"isPartOf\":{\"@id\":\"https:\/\/www.chiavariturismo.it\/fr\/#website\"},\"datePublished\":\"2024-05-24T13:00:44+00:00\",\"dateModified\":\"2024-05-28T07:10:49+00:00\",\"description\":\"\u00c0 animer la ville nombreuses performances des athl\u00e8tes, cours d\u2019essai, une conf\u00e9rence et beaucoup d\u2019amusement.\",\"breadcrumb\":{\"@id\":\"https:\/\/www.chiavariturismo.it\/fr\/fete-du-sport\/#breadcrumb\"},\"inLanguage\":\"fr-FR\",\"potentialAction\":[{\"@type\":\"ReadAction\",\"target\":[\"https:\/\/www.chiavariturismo.it\/fr\/fete-du-sport\/\"]}]},{\"@type\":\"BreadcrumbList\",\"@id\":\"https:\/\/www.chiavariturismo.it\/fr\/fete-du-sport\/#breadcrumb\",\"itemListElement\":[{\"@type\":\"ListItem\",\"position\":1,\"name\":\"Home\",\"item\":\"https:\/\/www.chiavariturismo.it\/fr\/\"},{\"@type\":\"ListItem\",\"position\":2,\"name\":\"F\u00eate du Sport\"}]},{\"@type\":\"WebSite\",\"@id\":\"https:\/\/www.chiavariturismo.it\/fr\/#website\",\"url\":\"https:\/\/www.chiavariturismo.it\/fr\/\",\"name\":\"Portale Ufficiale del Turismo Comune di Chiavari\",\"description\":\"Chiavari Turismo: scopri la nostra citt\u00e0\",\"publisher\":{\"@id\":\"https:\/\/www.chiavariturismo.it\/fr\/#organization\"},\"potentialAction\":[{\"@type\":\"SearchAction\",\"target\":{\"@type\":\"EntryPoint\",\"urlTemplate\":\"https:\/\/www.chiavariturismo.it\/fr\/?s={search_term_string}\"},\"query-input\":{\"@type\":\"PropertyValueSpecification\",\"valueRequired\":true,\"valueName\":\"search_term_string\"}}],\"inLanguage\":\"fr-FR\"},{\"@type\":\"Organization\",\"@id\":\"https:\/\/www.chiavariturismo.it\/fr\/#organization\",\"name\":\"Comune di Chiavari\",\"url\":\"https:\/\/www.chiavariturismo.it\/fr\/\",\"logo\":{\"@type\":\"ImageObject\",\"inLanguage\":\"fr-FR\",\"@id\":\"https:\/\/www.chiavariturismo.it\/fr\/#\/schema\/logo\/image\/\",\"url\":\"https:\/\/www.chiavariturismo.it\/wp-content\/uploads\/2018\/10\/Chiavari-Stemma-logo.jpg\",\"contentUrl\":\"https:\/\/www.chiavariturismo.it\/wp-content\/uploads\/2018\/10\/Chiavari-Stemma-logo.jpg\",\"width\":100,\"height\":96,\"caption\":\"Comune di Chiavari\"},\"image\":{\"@id\":\"https:\/\/www.chiavariturismo.it\/fr\/#\/schema\/logo\/image\/\"},\"sameAs\":[\"https:\/\/www.facebook.com\/comune.chiavari\/\"]}]}<\/script>\n<!-- \/ Yoast SEO plugin. -->","yoast_head_json":{"title":"F\u00eate du Sport | Portale Ufficiale del Turismo Comune di Chiavari","description":"\u00c0 animer la ville nombreuses performances des athl\u00e8tes, cours d\u2019essai, une conf\u00e9rence et beaucoup d\u2019amusement.","robots":{"index":"index","follow":"follow","max-snippet":"max-snippet:-1","max-image-preview":"max-image-preview:large","max-video-preview":"max-video-preview:-1"},"canonical":"https:\/\/www.chiavariturismo.it\/fr\/fete-du-sport\/","og_locale":"fr_FR","og_type":"article","og_title":"F\u00eate du Sport | Portale Ufficiale del Turismo Comune di Chiavari","og_description":"\u00c0 animer la ville nombreuses performances des athl\u00e8tes, cours d\u2019essai, une conf\u00e9rence et beaucoup d\u2019amusement.","og_url":"https:\/\/www.chiavariturismo.it\/fr\/fete-du-sport\/","og_site_name":"Portale Ufficiale del Turismo Comune di Chiavari","article_publisher":"https:\/\/www.facebook.com\/comune.chiavari\/","article_modified_time":"2024-05-28T07:10:49+00:00","twitter_card":"summary_large_image","twitter_misc":{"Dur\u00e9e de lecture estim\u00e9e":"1 minute"},"schema":{"@context":"https:\/\/schema.org","@graph":[{"@type":"WebPage","@id":"https:\/\/www.chiavariturismo.it\/fr\/fete-du-sport\/","url":"https:\/\/www.chiavariturismo.it\/fr\/fete-du-sport\/","name":"F\u00eate du Sport | Portale Ufficiale del Turismo Comune di Chiavari","isPartOf":{"@id":"https:\/\/www.chiavariturismo.it\/fr\/#website"},"datePublished":"2024-05-24T13:00:44+00:00","dateModified":"2024-05-28T07:10:49+00:00","description":"\u00c0 animer la ville nombreuses performances des athl\u00e8tes, cours d\u2019essai, une conf\u00e9rence et beaucoup d\u2019amusement.","breadcrumb":{"@id":"https:\/\/www.chiavariturismo.it\/fr\/fete-du-sport\/#breadcrumb"},"inLanguage":"fr-FR","potentialAction":[{"@type":"ReadAction","target":["https:\/\/www.chiavariturismo.it\/fr\/fete-du-sport\/"]}]},{"@type":"BreadcrumbList","@id":"https:\/\/www.chiavariturismo.it\/fr\/fete-du-sport\/#breadcrumb","itemListElement":[{"@type":"ListItem","position":1,"name":"Home","item":"https:\/\/www.chiavariturismo.it\/fr\/"},{"@type":"ListItem","position":2,"name":"F\u00eate du Sport"}]},{"@type":"WebSite","@id":"https:\/\/www.chiavariturismo.it\/fr\/#website","url":"https:\/\/www.chiavariturismo.it\/fr\/","name":"Portale Ufficiale del Turismo Comune di Chiavari","description":"Chiavari Turismo: scopri la nostra citt\u00e0","publisher":{"@id":"https:\/\/www.chiavariturismo.it\/fr\/#organization"},"potentialAction":[{"@type":"SearchAction","target":{"@type":"EntryPoint","urlTemplate":"https:\/\/www.chiavariturismo.it\/fr\/?s={search_term_string}"},"query-input":{"@type":"PropertyValueSpecification","valueRequired":true,"valueName":"search_term_string"}}],"inLanguage":"fr-FR"},{"@type":"Organization","@id":"https:\/\/www.chiavariturismo.it\/fr\/#organization","name":"Comune di Chiavari","url":"https:\/\/www.chiavariturismo.it\/fr\/","logo":{"@type":"ImageObject","inLanguage":"fr-FR","@id":"https:\/\/www.chiavariturismo.it\/fr\/#\/schema\/logo\/image\/","url":"https:\/\/www.chiavariturismo.it\/wp-content\/uploads\/2018\/10\/Chiavari-Stemma-logo.jpg","contentUrl":"https:\/\/www.chiavariturismo.it\/wp-content\/uploads\/2018\/10\/Chiavari-Stemma-logo.jpg","width":100,"height":96,"caption":"Comune di Chiavari"},"image":{"@id":"https:\/\/www.chiavariturismo.it\/fr\/#\/schema\/logo\/image\/"},"sameAs":["https:\/\/www.facebook.com\/comune.chiavari\/"]}]}},"_links":{"self":[{"href":"https:\/\/www.chiavariturismo.it\/fr\/wp-json\/wp\/v2\/pages\/32229","targetHints":{"allow":["GET"]}}],"collection":[{"href":"https:\/\/www.chiavariturismo.it\/fr\/wp-json\/wp\/v2\/pages"}],"about":[{"href":"https:\/\/www.chiavariturismo.it\/fr\/wp-json\/wp\/v2\/types\/page"}],"author":[{"embeddable":true,"href":"https:\/\/www.chiavariturismo.it\/fr\/wp-json\/wp\/v2\/users\/2"}],"replies":[{"embeddable":true,"href":"https:\/\/www.chiavariturismo.it\/fr\/wp-json\/wp\/v2\/comments?post=32229"}],"version-history":[{"count":5,"href":"https:\/\/www.chiavariturismo.it\/fr\/wp-json\/wp\/v2\/pages\/32229\/revisions"}],"predecessor-version":[{"id":32273,"href":"https:\/\/www.chiavariturismo.it\/fr\/wp-json\/wp\/v2\/pages\/32229\/revisions\/32273"}],"wp:attachment":[{"href":"https:\/\/www.chiavariturismo.it\/fr\/wp-json\/wp\/v2\/media?parent=32229"}],"curies":[{"name":"wp","href":"https:\/\/api.w.org\/{rel}","templated":true}]}}