{"id":32236,"date":"2024-05-24T15:03:26","date_gmt":"2024-05-24T13:03:26","guid":{"rendered":"https:\/\/www.chiavariturismo.it\/chiavari-vintage\/"},"modified":"2025-06-06T14:23:39","modified_gmt":"2025-06-06T12:23:39","slug":"chiavari-vintage","status":"publish","type":"page","link":"https:\/\/www.chiavariturismo.it\/fr\/chiavari-vintage\/","title":{"rendered":"Chiavari Vintage"},"content":{"rendered":"<div class=\"wpb-content-wrapper\">[vc_row][vc_column css_animation=&#8221;none&#8221;][vc_empty_space height=&#8221;20px&#8221; el_class=&#8221;none&#8221;][vc_row_inner][vc_column_inner width=&#8221;1\/4&#8243;][\/vc_column_inner][vc_column_inner width=&#8221;1\/2&#8243;][vc_single_image image=&#8221;35504&#8243; img_size=&#8221;full&#8221; alignment=&#8221;center&#8221; css=&#8221;&#8221;][\/vc_column_inner][vc_column_inner width=&#8221;1\/4&#8243;][\/vc_column_inner][\/vc_row_inner][vc_column_text css=&#8221;&#8221; css_animation=&#8221;none&#8221;]\r\n<div><strong>Chiavari Vintage<\/strong> ouvre la saison estivale de la ville. Un \u00e9v\u00e9nement qui ram\u00e8ne la ville dans le temps, dans l\u2019atmosph\u00e8re magique des ann\u00e9es \u201960, \u201970, \u201980, avec de la musique, animation, look \u00e0 th\u00e8me et une f\u00eate foraine.<\/div>\r\n<div>La manifestation, con\u00e7ue pour petits et grands, impliquera tout le centre historique pour le transformer en un grand spectacle au go\u00fbt vintage.<\/div>\r\n[\/vc_column_text][vc_empty_space height=&#8221;20px&#8221; el_class=&#8221;none&#8221;][\/vc_column][\/vc_row]<\/div>","protected":false},"excerpt":{"rendered":"<p>[vc_row][vc_column css_animation=&#8221;none&#8221;][vc_empty_space height=&#8221;20px&#8221; el_class=&#8221;none&#8221;][vc_row_inner][vc_column_inner width=&#8221;1\/4&#8243;][\/vc_column_inner][vc_column_inner width=&#8221;1\/2&#8243;][vc_single_image image=&#8221;35504&#8243; img_size=&#8221;full&#8221; alignment=&#8221;center&#8221; css=&#8221;&#8221;][\/vc_column_inner][vc_column_inner width=&#8221;1\/4&#8243;][\/vc_column_inner][\/vc_row_inner][vc_column_text css=&#8221;&#8221; css_animation=&#8221;none&#8221;] Chiavari Vintage ouvre la saison estivale de&#8230;<\/p>\n","protected":false},"author":2,"featured_media":35434,"parent":0,"menu_order":0,"comment_status":"closed","ping_status":"closed","template":"","meta":{"footnotes":""},"class_list":["post-32236","page","type-page","status-publish","has-post-thumbnail"],"yoast_head":"<!-- This site is optimized with the Yoast SEO plugin v25.6 - https:\/\/yoast.com\/wordpress\/plugins\/seo\/ -->\n<title>Chiavari Vintage | Portale Ufficiale del Turismo Comune di Chiavari<\/title>\n<meta name=\"description\" content=\"La manifestation, con\u00e7ue pour petits et grands, impliquera tout le centre historique pour le transformer en un grand spectacle au go\u00fbt vintage.\" \/>\n<meta name=\"robots\" content=\"index, follow, max-snippet:-1, max-image-preview:large, max-video-preview:-1\" \/>\n<link rel=\"canonical\" href=\"https:\/\/www.chiavariturismo.it\/fr\/chiavari-vintage\/\" \/>\n<meta property=\"og:locale\" content=\"fr_FR\" \/>\n<meta property=\"og:type\" content=\"article\" \/>\n<meta property=\"og:title\" content=\"Chiavari Vintage | Portale Ufficiale del Turismo Comune di Chiavari\" \/>\n<meta property=\"og:description\" content=\"La manifestation, con\u00e7ue pour petits et grands, impliquera tout le centre historique pour le transformer en un grand spectacle au go\u00fbt vintage.\" \/>\n<meta property=\"og:url\" content=\"https:\/\/www.chiavariturismo.it\/fr\/chiavari-vintage\/\" \/>\n<meta property=\"og:site_name\" content=\"Portale Ufficiale del Turismo Comune di Chiavari\" \/>\n<meta property=\"article:publisher\" content=\"https:\/\/www.facebook.com\/comune.chiavari\/\" \/>\n<meta property=\"article:modified_time\" content=\"2025-06-06T12:23:39+00:00\" \/>\n<meta property=\"og:image\" content=\"https:\/\/www.chiavariturismo.it\/wp-content\/uploads\/2025\/06\/banner-piccolo-per-il-sito-comune-Chiavari-Vintage@3x.jpeg\" \/>\n\t<meta property=\"og:image:width\" content=\"640\" \/>\n\t<meta property=\"og:image:height\" content=\"339\" \/>\n\t<meta property=\"og:image:type\" content=\"image\/jpeg\" \/>\n<meta name=\"twitter:card\" content=\"summary_large_image\" \/>\n<meta name=\"twitter:label1\" content=\"Dur\u00e9e de lecture estim\u00e9e\" \/>\n\t<meta name=\"twitter:data1\" content=\"1 minute\" \/>\n<script type=\"application\/ld+json\" class=\"yoast-schema-graph\">{\"@context\":\"https:\/\/schema.org\",\"@graph\":[{\"@type\":\"WebPage\",\"@id\":\"https:\/\/www.chiavariturismo.it\/fr\/chiavari-vintage\/\",\"url\":\"https:\/\/www.chiavariturismo.it\/fr\/chiavari-vintage\/\",\"name\":\"Chiavari Vintage | Portale Ufficiale del Turismo Comune di Chiavari\",\"isPartOf\":{\"@id\":\"https:\/\/www.chiavariturismo.it\/fr\/#website\"},\"primaryImageOfPage\":{\"@id\":\"https:\/\/www.chiavariturismo.it\/fr\/chiavari-vintage\/#primaryimage\"},\"image\":{\"@id\":\"https:\/\/www.chiavariturismo.it\/fr\/chiavari-vintage\/#primaryimage\"},\"thumbnailUrl\":\"https:\/\/www.chiavariturismo.it\/wp-content\/uploads\/2025\/06\/banner-piccolo-per-il-sito-comune-Chiavari-Vintage@3x.jpeg\",\"datePublished\":\"2024-05-24T13:03:26+00:00\",\"dateModified\":\"2025-06-06T12:23:39+00:00\",\"description\":\"La manifestation, con\u00e7ue pour petits et grands, impliquera tout le centre historique pour le transformer en un grand spectacle au go\u00fbt vintage.\",\"breadcrumb\":{\"@id\":\"https:\/\/www.chiavariturismo.it\/fr\/chiavari-vintage\/#breadcrumb\"},\"inLanguage\":\"fr-FR\",\"potentialAction\":[{\"@type\":\"ReadAction\",\"target\":[\"https:\/\/www.chiavariturismo.it\/fr\/chiavari-vintage\/\"]}]},{\"@type\":\"ImageObject\",\"inLanguage\":\"fr-FR\",\"@id\":\"https:\/\/www.chiavariturismo.it\/fr\/chiavari-vintage\/#primaryimage\",\"url\":\"https:\/\/www.chiavariturismo.it\/wp-content\/uploads\/2025\/06\/banner-piccolo-per-il-sito-comune-Chiavari-Vintage@3x.jpeg\",\"contentUrl\":\"https:\/\/www.chiavariturismo.it\/wp-content\/uploads\/2025\/06\/banner-piccolo-per-il-sito-comune-Chiavari-Vintage@3x.jpeg\",\"width\":640,\"height\":339,\"caption\":\"chiavari vintage\"},{\"@type\":\"BreadcrumbList\",\"@id\":\"https:\/\/www.chiavariturismo.it\/fr\/chiavari-vintage\/#breadcrumb\",\"itemListElement\":[{\"@type\":\"ListItem\",\"position\":1,\"name\":\"Home\",\"item\":\"https:\/\/www.chiavariturismo.it\/fr\/\"},{\"@type\":\"ListItem\",\"position\":2,\"name\":\"Chiavari Vintage\"}]},{\"@type\":\"WebSite\",\"@id\":\"https:\/\/www.chiavariturismo.it\/fr\/#website\",\"url\":\"https:\/\/www.chiavariturismo.it\/fr\/\",\"name\":\"Portale Ufficiale del Turismo Comune di Chiavari\",\"description\":\"Chiavari Turismo: scopri la nostra citt\u00e0\",\"publisher\":{\"@id\":\"https:\/\/www.chiavariturismo.it\/fr\/#organization\"},\"potentialAction\":[{\"@type\":\"SearchAction\",\"target\":{\"@type\":\"EntryPoint\",\"urlTemplate\":\"https:\/\/www.chiavariturismo.it\/fr\/?s={search_term_string}\"},\"query-input\":{\"@type\":\"PropertyValueSpecification\",\"valueRequired\":true,\"valueName\":\"search_term_string\"}}],\"inLanguage\":\"fr-FR\"},{\"@type\":\"Organization\",\"@id\":\"https:\/\/www.chiavariturismo.it\/fr\/#organization\",\"name\":\"Comune di Chiavari\",\"url\":\"https:\/\/www.chiavariturismo.it\/fr\/\",\"logo\":{\"@type\":\"ImageObject\",\"inLanguage\":\"fr-FR\",\"@id\":\"https:\/\/www.chiavariturismo.it\/fr\/#\/schema\/logo\/image\/\",\"url\":\"https:\/\/www.chiavariturismo.it\/wp-content\/uploads\/2018\/10\/Chiavari-Stemma-logo.jpg\",\"contentUrl\":\"https:\/\/www.chiavariturismo.it\/wp-content\/uploads\/2018\/10\/Chiavari-Stemma-logo.jpg\",\"width\":100,\"height\":96,\"caption\":\"Comune di Chiavari\"},\"image\":{\"@id\":\"https:\/\/www.chiavariturismo.it\/fr\/#\/schema\/logo\/image\/\"},\"sameAs\":[\"https:\/\/www.facebook.com\/comune.chiavari\/\"]}]}<\/script>\n<!-- \/ Yoast SEO plugin. -->","yoast_head_json":{"title":"Chiavari Vintage | Portale Ufficiale del Turismo Comune di Chiavari","description":"La manifestation, con\u00e7ue pour petits et grands, impliquera tout le centre historique pour le transformer en un grand spectacle au go\u00fbt vintage.","robots":{"index":"index","follow":"follow","max-snippet":"max-snippet:-1","max-image-preview":"max-image-preview:large","max-video-preview":"max-video-preview:-1"},"canonical":"https:\/\/www.chiavariturismo.it\/fr\/chiavari-vintage\/","og_locale":"fr_FR","og_type":"article","og_title":"Chiavari Vintage | Portale Ufficiale del Turismo Comune di Chiavari","og_description":"La manifestation, con\u00e7ue pour petits et grands, impliquera tout le centre historique pour le transformer en un grand spectacle au go\u00fbt vintage.","og_url":"https:\/\/www.chiavariturismo.it\/fr\/chiavari-vintage\/","og_site_name":"Portale Ufficiale del Turismo Comune di Chiavari","article_publisher":"https:\/\/www.facebook.com\/comune.chiavari\/","article_modified_time":"2025-06-06T12:23:39+00:00","og_image":[{"width":640,"height":339,"url":"https:\/\/www.chiavariturismo.it\/wp-content\/uploads\/2025\/06\/banner-piccolo-per-il-sito-comune-Chiavari-Vintage@3x.jpeg","type":"image\/jpeg"}],"twitter_card":"summary_large_image","twitter_misc":{"Dur\u00e9e de lecture estim\u00e9e":"1 minute"},"schema":{"@context":"https:\/\/schema.org","@graph":[{"@type":"WebPage","@id":"https:\/\/www.chiavariturismo.it\/fr\/chiavari-vintage\/","url":"https:\/\/www.chiavariturismo.it\/fr\/chiavari-vintage\/","name":"Chiavari Vintage | Portale Ufficiale del Turismo Comune di Chiavari","isPartOf":{"@id":"https:\/\/www.chiavariturismo.it\/fr\/#website"},"primaryImageOfPage":{"@id":"https:\/\/www.chiavariturismo.it\/fr\/chiavari-vintage\/#primaryimage"},"image":{"@id":"https:\/\/www.chiavariturismo.it\/fr\/chiavari-vintage\/#primaryimage"},"thumbnailUrl":"https:\/\/www.chiavariturismo.it\/wp-content\/uploads\/2025\/06\/banner-piccolo-per-il-sito-comune-Chiavari-Vintage@3x.jpeg","datePublished":"2024-05-24T13:03:26+00:00","dateModified":"2025-06-06T12:23:39+00:00","description":"La manifestation, con\u00e7ue pour petits et grands, impliquera tout le centre historique pour le transformer en un grand spectacle au go\u00fbt vintage.","breadcrumb":{"@id":"https:\/\/www.chiavariturismo.it\/fr\/chiavari-vintage\/#breadcrumb"},"inLanguage":"fr-FR","potentialAction":[{"@type":"ReadAction","target":["https:\/\/www.chiavariturismo.it\/fr\/chiavari-vintage\/"]}]},{"@type":"ImageObject","inLanguage":"fr-FR","@id":"https:\/\/www.chiavariturismo.it\/fr\/chiavari-vintage\/#primaryimage","url":"https:\/\/www.chiavariturismo.it\/wp-content\/uploads\/2025\/06\/banner-piccolo-per-il-sito-comune-Chiavari-Vintage@3x.jpeg","contentUrl":"https:\/\/www.chiavariturismo.it\/wp-content\/uploads\/2025\/06\/banner-piccolo-per-il-sito-comune-Chiavari-Vintage@3x.jpeg","width":640,"height":339,"caption":"chiavari vintage"},{"@type":"BreadcrumbList","@id":"https:\/\/www.chiavariturismo.it\/fr\/chiavari-vintage\/#breadcrumb","itemListElement":[{"@type":"ListItem","position":1,"name":"Home","item":"https:\/\/www.chiavariturismo.it\/fr\/"},{"@type":"ListItem","position":2,"name":"Chiavari Vintage"}]},{"@type":"WebSite","@id":"https:\/\/www.chiavariturismo.it\/fr\/#website","url":"https:\/\/www.chiavariturismo.it\/fr\/","name":"Portale Ufficiale del Turismo Comune di Chiavari","description":"Chiavari Turismo: scopri la nostra citt\u00e0","publisher":{"@id":"https:\/\/www.chiavariturismo.it\/fr\/#organization"},"potentialAction":[{"@type":"SearchAction","target":{"@type":"EntryPoint","urlTemplate":"https:\/\/www.chiavariturismo.it\/fr\/?s={search_term_string}"},"query-input":{"@type":"PropertyValueSpecification","valueRequired":true,"valueName":"search_term_string"}}],"inLanguage":"fr-FR"},{"@type":"Organization","@id":"https:\/\/www.chiavariturismo.it\/fr\/#organization","name":"Comune di Chiavari","url":"https:\/\/www.chiavariturismo.it\/fr\/","logo":{"@type":"ImageObject","inLanguage":"fr-FR","@id":"https:\/\/www.chiavariturismo.it\/fr\/#\/schema\/logo\/image\/","url":"https:\/\/www.chiavariturismo.it\/wp-content\/uploads\/2018\/10\/Chiavari-Stemma-logo.jpg","contentUrl":"https:\/\/www.chiavariturismo.it\/wp-content\/uploads\/2018\/10\/Chiavari-Stemma-logo.jpg","width":100,"height":96,"caption":"Comune di Chiavari"},"image":{"@id":"https:\/\/www.chiavariturismo.it\/fr\/#\/schema\/logo\/image\/"},"sameAs":["https:\/\/www.facebook.com\/comune.chiavari\/"]}]}},"_links":{"self":[{"href":"https:\/\/www.chiavariturismo.it\/fr\/wp-json\/wp\/v2\/pages\/32236","targetHints":{"allow":["GET"]}}],"collection":[{"href":"https:\/\/www.chiavariturismo.it\/fr\/wp-json\/wp\/v2\/pages"}],"about":[{"href":"https:\/\/www.chiavariturismo.it\/fr\/wp-json\/wp\/v2\/types\/page"}],"author":[{"embeddable":true,"href":"https:\/\/www.chiavariturismo.it\/fr\/wp-json\/wp\/v2\/users\/2"}],"replies":[{"embeddable":true,"href":"https:\/\/www.chiavariturismo.it\/fr\/wp-json\/wp\/v2\/comments?post=32236"}],"version-history":[{"count":4,"href":"https:\/\/www.chiavariturismo.it\/fr\/wp-json\/wp\/v2\/pages\/32236\/revisions"}],"predecessor-version":[{"id":35507,"href":"https:\/\/www.chiavariturismo.it\/fr\/wp-json\/wp\/v2\/pages\/32236\/revisions\/35507"}],"wp:featuredmedia":[{"embeddable":true,"href":"https:\/\/www.chiavariturismo.it\/fr\/wp-json\/wp\/v2\/media\/35434"}],"wp:attachment":[{"href":"https:\/\/www.chiavariturismo.it\/fr\/wp-json\/wp\/v2\/media?parent=32236"}],"curies":[{"name":"wp","href":"https:\/\/api.w.org\/{rel}","templated":true}]}}