{"id":33760,"date":"2024-10-17T12:21:03","date_gmt":"2024-10-17T10:21:03","guid":{"rendered":"https:\/\/www.chiavariturismo.it\/sport-and-leisure\/"},"modified":"2025-05-09T11:42:30","modified_gmt":"2025-05-09T09:42:30","slug":"sport-et-loisirs","status":"publish","type":"page","link":"https:\/\/www.chiavariturismo.it\/fr\/sport-et-loisirs\/","title":{"rendered":"Sport et Loisirs"},"content":{"rendered":"<div class=\"wpb-content-wrapper\"><p>[vc_row full_width=&#8221;stretch_row_content_no_spaces&#8221;][vc_column]\n\t\t\t<!-- START Sport REVOLUTION SLIDER 6.7.35 --><p class=\"rs-p-wp-fix\"><\/p>\n\t\t\t<rs-module-wrap id=\"rev_slider_50_1_wrapper\" data-source=\"gallery\" style=\"visibility:hidden;background:#ffffff;padding:0;margin:0px auto;margin-top:0;margin-bottom:0;\">\n\t\t\t\t<rs-module id=\"rev_slider_50_1\" style=\"\" data-version=\"6.7.35\">\n\t\t\t\t\t<rs-slides style=\"overflow: hidden; position: absolute;\">\n\t\t\t\t\t\t<rs-slide style=\"position: absolute;\" data-key=\"rs-77\" data-title=\"Slide\" data-duration=\"9000\" data-anim=\"ms:10;\" data-in=\"o:1;\" data-out=\"a:false;\" data-hal=\"500\">\n\t\t\t\t\t\t\t<img src=\"\/\/www.chiavariturismo.it\/wp-content\/plugins\/revslider\/sr6\/assets\/assets\/dummy.png\" alt=\"\" title=\"SPORT\" width=\"2200\" height=\"1103\" class=\"rev-slidebg tp-rs-img rs-lazyload\" data-lazyload=\"\/\/www.chiavariturismo.it\/wp-content\/uploads\/2024\/10\/SPORT.jpg\" data-parallax=\"15\" data-no-retina>\n<!--\n\t\t\t\t\t\t\t--><h1\n\t\t\t\t\t\t\t\tid=\"slider-50-slide-77-layer-1\" \n\t\t\t\t\t\t\t\tclass=\"rs-layer text-shadow\"\n\t\t\t\t\t\t\t\tdata-type=\"text\"\n\t\t\t\t\t\t\t\tdata-rsp_ch=\"on\"\n\t\t\t\t\t\t\t\ttitle=\"Eventi e Manifestazioni\"\n\t\t\t\t\t\t\t\tdata-xy=\"x:c;y:m;\"\n\t\t\t\t\t\t\t\tdata-text=\"s:80,66,51,33;l:85,79,55,44;a:center;\"\n\t\t\t\t\t\t\t\tdata-frame_1=\"x:0,0px,0px,0px;y:0,0px,0px,0px;\"\n\t\t\t\t\t\t\t\tdata-frame_999=\"o:0;st:w;sR:8700;\"\n\t\t\t\t\t\t\t\tstyle=\"z-index:5;font-family:'Georgia', 'serif';\"\n\t\t\t\t\t\t\t>SPORT ET LOISIRS \n\t\t\t\t\t\t\t<\/h1><!--\n-->\t\t\t\t\t<\/rs-slide>\n\t\t\t\t\t<\/rs-slides>\n\t\t\t\t<\/rs-module>\n\t\t\t\t<script>\n\t\t\t\t\tsetREVStartSize({c: 'rev_slider_50_1',rl:[1240,1024,778,480],el:[950,767,960,720],gw:[1920,1024,778,480],gh:[950,768,960,720],type:'hero',justify:'',layout:'fullwidth',mh:\"0\"});if (window.RS_MODULES!==undefined && window.RS_MODULES.modules!==undefined && window.RS_MODULES.modules[\"revslider501\"]!==undefined) {window.RS_MODULES.modules[\"revslider501\"].once = false;window.revapi50 = undefined;if (window.RS_MODULES.checkMinimal!==undefined) window.RS_MODULES.checkMinimal()}\n\t\t\t\t<\/script>\n\t\t\t<\/rs-module-wrap>\n\t\t\t<!-- END REVOLUTION SLIDER -->\n[vc_empty_space height=&#8221;20px&#8221;][\/vc_column][\/vc_row][vc_row][vc_column width=&#8221;3\/4&#8243;][vc_column_text css=&#8221;&#8221; css_animation=&#8221;none&#8221;]Chiavari dispose de\u00a0<strong>10 installations sportives<\/strong>, utilis\u00e9es par les \u00e9coles et d\u2019associations sportives, environ une centaine, qui repr\u00e9sentent multiples disciplines, d\u00e9veloppant leurs activit\u00e9s \u00e0 niveau comp\u00e9titif et amateur.<\/p>\n<p>En outre, les touristes ont la possibilit\u00e9 de:<\/p>\n<ul>\n<li><strong>Faire de la randonn\u00e9e<\/strong>\u00a0\u00e0 travers les\u00a0<a href=\"https:\/\/www.chiavariturismo.it\/fr\/creuze-of-chiavari\/\"><strong><em>CREUZE<\/em><\/strong><\/a>, des sentiers traditionnels menant de la mer \u00e0 la colline. Sur les collines on trouve des rues qui peut \u00eatre parcouru en VTT ou \u00e0 v\u00e9lo.<\/li>\n<li><strong>Profiter du terrain public de basket<\/strong>\u00a0situ\u00e9 sur la\u00a0<strong>Piazza del Buono<\/strong>.<\/li>\n<li><strong>Utiliser les appareils d\u2019exercice<\/strong>\u00a0de la salle de sport en plein air sur la promenade.<\/li>\n<li><strong>S\u2019entra\u00eener en toute s\u00e9curit\u00e9<\/strong>\u00a0gr\u00e2ce aux espaces \u00e9quip\u00e9s d\u2019appareils sp\u00e9cifiques, accompagn\u00e9 de panneaux d\u2019information et des code QR. Ces installations se trouvent dans le quartier de\u00a0<strong>Caperana<\/strong>, sur la promenade juste\u00a0<strong>\u00e0 c\u00f4t\u00e9 du port<\/strong>, et sur la\u00a0<strong>Piazza Salvo D\u2019Acquisto<\/strong>.<\/li>\n<li><strong>Faire du v\u00e9lo<\/strong>\u00a0sur les diff\u00e9rentes pistes cyclables de la ville.<\/li>\n<\/ul>\n<p>[\/vc_column_text][vc_single_image image=&#8221;33314&#8243; img_size=&#8221;full&#8221; alignment=&#8221;center&#8221; onclick=&#8221;custom_link&#8221; img_link_target=&#8221;_blank&#8221; css=&#8221;&#8221; link=&#8221;https:\/\/www.chiavariturismo.it\/wp-content\/uploads\/2024\/10\/BICIPOLITANA-MAPPA.jpg&#8221;][vc_column_text css=&#8221;&#8221; css_animation=&#8221;none&#8221;]<\/p>\n<h5 style=\"text-align: center;\"><strong>Cliquez sur la carte pour la t\u00e9l\u00e9charger<\/strong><\/h5>\n<p>[\/vc_column_text][vc_empty_space height=&#8221;40px&#8221;][vc_single_image image=&#8221;29709&#8243; img_size=&#8221;full&#8221; alignment=&#8221;center&#8221; onclick=&#8221;custom_link&#8221; img_link_target=&#8221;_blank&#8221; css=&#8221;&#8221; link=&#8221;https:\/\/www.chiavariturismo.it\/fr\/creuze-of-chiavari\/&#8221;][vc_empty_space height=&#8221;20px&#8221;][vc_column_text css=&#8221;&#8221; css_animation=&#8221;none&#8221;]<\/p>\n<div style=\"padding: 56.25% 0 0 0; position: relative;\"><iframe style=\"position: absolute; top: 0; left: 0; width: 100%; height: 100%;\" src=\"https:\/\/player.vimeo.com\/video\/301821875\" frameborder=\"0\" allowfullscreen=\"allowfullscreen\"><\/iframe><\/div>\n<p><script src=\"https:\/\/player.vimeo.com\/api\/player.js\"><\/script><\/p>\n<p style=\"text-align: right;\">Vid\u00e9o sign\u00e9e Levante Drones<\/p>\n<p>[\/vc_column_text][\/vc_column][vc_column width=&#8221;1\/4&#8243; css_animation=&#8221;none&#8221; css=&#8221;.vc_custom_1729160234476{margin-top: 0px !important;margin-bottom: 0px !important;border-top-width: 0px !important;border-bottom-width: 0px !important;padding-top: 0px !important;padding-bottom: 0px !important;}&#8221;][vc_row_inner css=&#8221;.vc_custom_1729160250652{margin-top: 0px !important;margin-bottom: 0px !important;border-top-width: 0px !important;border-bottom-width: 0px !important;padding-top: 0px !important;padding-bottom: 0px !important;background-color: #F4F4F4 !important;}&#8221;][vc_column_inner][vc_empty_space height=&#8221;5px&#8221;][vc_single_image image=&#8221;33656&#8243; img_size=&#8221;full&#8221; alignment=&#8221;center&#8221; onclick=&#8221;custom_link&#8221; css=&#8221;.vc_custom_1732641817491{margin-top: 0px !important;margin-bottom: 0px !important;border-top-width: 0px !important;border-bottom-width: 0px !important;padding-top: 0px !important;padding-bottom: 0px !important;}&#8221; link=&#8221;https:\/\/www.chiavariturismo.it\/fr\/gallery\/&#8221;][vc_column_text css=&#8221;&#8221;]<\/p>\n<h2 style=\"text-align: center; color: #0c4858; text-transform: none; letter-spacing: -0.5px; line-height: 15px;\"><a href=\"https:\/\/www.chiavariturismo.it\/fr\/gallery\/\"><strong><em>Gallery<\/em><\/strong><\/a><\/h2>\n<p style=\"text-align: center;\"><a href=\"https:\/\/www.chiavariturismo.it\/fr\/gallery\/\">Feuilletez notre album pour d\u00e9couvrir Chiavari et faites le tour de la ville<\/a><\/p>\n<p>[\/vc_column_text][\/vc_column_inner][\/vc_row_inner][vc_row_inner css=&#8221;.vc_custom_1729870468133{margin-top: 0px !important;border-top-width: 0px !important;padding-top: 0px !important;background-color: #F4F4F4 !important;}&#8221;][vc_column_inner][vc_empty_space height=&#8221;5px&#8221;][vc_single_image image=&#8221;33659&#8243; img_size=&#8221;full&#8221; alignment=&#8221;center&#8221; onclick=&#8221;custom_link&#8221; css=&#8221;.vc_custom_1732641839263{margin-top: 0px !important;margin-bottom: 0px !important;border-top-width: 0px !important;border-bottom-width: 0px !important;padding-top: 0px !important;padding-bottom: 0px !important;}&#8221; link=&#8221;https:\/\/www.chiavariturismo.it\/fr\/services\/&#8221;][vc_column_text css=&#8221;&#8221;]<\/p>\n<h2 style=\"text-align: center; color: #0c4858; text-transform: none; letter-spacing: -0.5px; line-height: 15px;\"><a href=\"https:\/\/www.chiavariturismo.it\/fr\/services\/\"><strong><em>Services<\/em><\/strong><\/a><\/h2>\n<p style=\"text-align: center;\"><a href=\"https:\/\/www.chiavariturismo.it\/fr\/services\/\">D\u00e9couvrez tous les services mis \u00e0 la disposition des citoyens et o\u00f9 les trouver<\/a><\/p>\n<p>[\/vc_column_text][\/vc_column_inner][\/vc_row_inner][vc_row_inner css=&#8221;.vc_custom_1729160250652{margin-top: 0px !important;margin-bottom: 0px !important;border-top-width: 0px !important;border-bottom-width: 0px !important;padding-top: 0px !important;padding-bottom: 0px !important;background-color: #F4F4F4 !important;}&#8221;][vc_column_inner][vc_empty_space height=&#8221;5px&#8221;][vc_single_image image=&#8221;33653&#8243; img_size=&#8221;full&#8221; alignment=&#8221;center&#8221; onclick=&#8221;custom_link&#8221; css=&#8221;.vc_custom_1732641857599{margin-top: 0px !important;margin-bottom: 0px !important;border-top-width: 0px !important;border-bottom-width: 0px !important;padding-top: 0px !important;padding-bottom: 0px !important;}&#8221; link=&#8221;https:\/\/www.chiavariturismo.it\/fr\/a-deux-pas-de\/&#8221;][vc_column_text css=&#8221;&#8221;]<\/p>\n<h2 style=\"text-align: center; color: #0c4858; text-transform: none; letter-spacing: -0.5px; line-height: 35px;\"><a href=\"https:\/\/www.chiavariturismo.it\/fr\/a-deux-pas-de\/\"><strong><em>Comment s&#8217;y rendre<\/em><\/strong><\/a><\/h2>\n<p style=\"text-align: center;\"><a href=\"https:\/\/www.chiavariturismo.it\/fr\/a-deux-pas-de\/\">Chiavari, perle du Tigullio est au centre d\u2019une grande baie o\u00f9 l\u2019on retrouve Portofino, Santa Margherita Ligure, Rapallo, et un peu plus \u00e0 l\u2019est Sestri Levante. Et non seulement\u2026<\/a><\/p>\n<p>[\/vc_column_text][\/vc_column_inner][\/vc_row_inner][vc_empty_space][\/vc_column][\/vc_row]<\/p>\n<\/div>","protected":false},"excerpt":{"rendered":"<p>[vc_row full_width=&#8221;stretch_row_content_no_spaces&#8221;][vc_column][vc_empty_space height=&#8221;20px&#8221;][\/vc_column][\/vc_row][vc_row][vc_column width=&#8221;3\/4&#8243;][vc_column_text css=&#8221;&#8221; css_animation=&#8221;none&#8221;]Chiavari dispose de\u00a010 installations sportives, utilis\u00e9es par les \u00e9coles et d\u2019associations sportives, environ une centaine,&#8230;<\/p>\n","protected":false},"author":2,"featured_media":0,"parent":0,"menu_order":0,"comment_status":"closed","ping_status":"closed","template":"","meta":{"footnotes":""},"class_list":["post-33760","page","type-page","status-publish"],"yoast_head":"<!-- This site is optimized with the Yoast SEO plugin v25.6 - https:\/\/yoast.com\/wordpress\/plugins\/seo\/ -->\n<title>Sport et Loisirs | Portale Ufficiale del Turismo Comune di Chiavari<\/title>\n<meta name=\"description\" content=\"Chiavari a depuis toujours valoris\u00e9 les traditions maritimes liguriennes, en synergie avec les associations culturelles, touristiques, et sportives du territoire.\" \/>\n<meta name=\"robots\" content=\"index, follow, max-snippet:-1, max-image-preview:large, max-video-preview:-1\" \/>\n<link rel=\"canonical\" href=\"https:\/\/www.chiavariturismo.it\/fr\/sport-et-loisirs\/\" \/>\n<meta property=\"og:locale\" content=\"fr_FR\" \/>\n<meta property=\"og:type\" content=\"article\" \/>\n<meta property=\"og:title\" content=\"Sport et Loisirs | Portale Ufficiale del Turismo Comune di Chiavari\" \/>\n<meta property=\"og:description\" content=\"Chiavari a depuis toujours valoris\u00e9 les traditions maritimes liguriennes, en synergie avec les associations culturelles, touristiques, et sportives du territoire.\" \/>\n<meta property=\"og:url\" content=\"https:\/\/www.chiavariturismo.it\/fr\/sport-et-loisirs\/\" \/>\n<meta property=\"og:site_name\" content=\"Portale Ufficiale del Turismo Comune di Chiavari\" \/>\n<meta property=\"article:publisher\" content=\"https:\/\/www.facebook.com\/comune.chiavari\/\" \/>\n<meta property=\"article:modified_time\" content=\"2025-05-09T09:42:30+00:00\" \/>\n<meta name=\"twitter:card\" content=\"summary_large_image\" \/>\n<meta name=\"twitter:label1\" content=\"Dur\u00e9e de lecture estim\u00e9e\" \/>\n\t<meta name=\"twitter:data1\" content=\"3 minutes\" \/>\n<script type=\"application\/ld+json\" class=\"yoast-schema-graph\">{\"@context\":\"https:\/\/schema.org\",\"@graph\":[{\"@type\":\"WebPage\",\"@id\":\"https:\/\/www.chiavariturismo.it\/fr\/sport-et-loisirs\/\",\"url\":\"https:\/\/www.chiavariturismo.it\/fr\/sport-et-loisirs\/\",\"name\":\"Sport et Loisirs | Portale Ufficiale del Turismo Comune di Chiavari\",\"isPartOf\":{\"@id\":\"https:\/\/www.chiavariturismo.it\/fr\/#website\"},\"datePublished\":\"2024-10-17T10:21:03+00:00\",\"dateModified\":\"2025-05-09T09:42:30+00:00\",\"description\":\"Chiavari a depuis toujours valoris\u00e9 les traditions maritimes liguriennes, en synergie avec les associations culturelles, touristiques, et sportives du territoire.\",\"breadcrumb\":{\"@id\":\"https:\/\/www.chiavariturismo.it\/fr\/sport-et-loisirs\/#breadcrumb\"},\"inLanguage\":\"fr-FR\",\"potentialAction\":[{\"@type\":\"ReadAction\",\"target\":[\"https:\/\/www.chiavariturismo.it\/fr\/sport-et-loisirs\/\"]}]},{\"@type\":\"BreadcrumbList\",\"@id\":\"https:\/\/www.chiavariturismo.it\/fr\/sport-et-loisirs\/#breadcrumb\",\"itemListElement\":[{\"@type\":\"ListItem\",\"position\":1,\"name\":\"Home\",\"item\":\"https:\/\/www.chiavariturismo.it\/fr\/\"},{\"@type\":\"ListItem\",\"position\":2,\"name\":\"Sport et Loisirs\"}]},{\"@type\":\"WebSite\",\"@id\":\"https:\/\/www.chiavariturismo.it\/fr\/#website\",\"url\":\"https:\/\/www.chiavariturismo.it\/fr\/\",\"name\":\"Portale Ufficiale del Turismo Comune di Chiavari\",\"description\":\"Chiavari Turismo: scopri la nostra citt\u00e0\",\"publisher\":{\"@id\":\"https:\/\/www.chiavariturismo.it\/fr\/#organization\"},\"potentialAction\":[{\"@type\":\"SearchAction\",\"target\":{\"@type\":\"EntryPoint\",\"urlTemplate\":\"https:\/\/www.chiavariturismo.it\/fr\/?s={search_term_string}\"},\"query-input\":{\"@type\":\"PropertyValueSpecification\",\"valueRequired\":true,\"valueName\":\"search_term_string\"}}],\"inLanguage\":\"fr-FR\"},{\"@type\":\"Organization\",\"@id\":\"https:\/\/www.chiavariturismo.it\/fr\/#organization\",\"name\":\"Comune di Chiavari\",\"url\":\"https:\/\/www.chiavariturismo.it\/fr\/\",\"logo\":{\"@type\":\"ImageObject\",\"inLanguage\":\"fr-FR\",\"@id\":\"https:\/\/www.chiavariturismo.it\/fr\/#\/schema\/logo\/image\/\",\"url\":\"https:\/\/www.chiavariturismo.it\/wp-content\/uploads\/2018\/10\/Chiavari-Stemma-logo.jpg\",\"contentUrl\":\"https:\/\/www.chiavariturismo.it\/wp-content\/uploads\/2018\/10\/Chiavari-Stemma-logo.jpg\",\"width\":100,\"height\":96,\"caption\":\"Comune di Chiavari\"},\"image\":{\"@id\":\"https:\/\/www.chiavariturismo.it\/fr\/#\/schema\/logo\/image\/\"},\"sameAs\":[\"https:\/\/www.facebook.com\/comune.chiavari\/\"]}]}<\/script>\n<!-- \/ Yoast SEO plugin. -->","yoast_head_json":{"title":"Sport et Loisirs | Portale Ufficiale del Turismo Comune di Chiavari","description":"Chiavari a depuis toujours valoris\u00e9 les traditions maritimes liguriennes, en synergie avec les associations culturelles, touristiques, et sportives du territoire.","robots":{"index":"index","follow":"follow","max-snippet":"max-snippet:-1","max-image-preview":"max-image-preview:large","max-video-preview":"max-video-preview:-1"},"canonical":"https:\/\/www.chiavariturismo.it\/fr\/sport-et-loisirs\/","og_locale":"fr_FR","og_type":"article","og_title":"Sport et Loisirs | Portale Ufficiale del Turismo Comune di Chiavari","og_description":"Chiavari a depuis toujours valoris\u00e9 les traditions maritimes liguriennes, en synergie avec les associations culturelles, touristiques, et sportives du territoire.","og_url":"https:\/\/www.chiavariturismo.it\/fr\/sport-et-loisirs\/","og_site_name":"Portale Ufficiale del Turismo Comune di Chiavari","article_publisher":"https:\/\/www.facebook.com\/comune.chiavari\/","article_modified_time":"2025-05-09T09:42:30+00:00","twitter_card":"summary_large_image","twitter_misc":{"Dur\u00e9e de lecture estim\u00e9e":"3 minutes"},"schema":{"@context":"https:\/\/schema.org","@graph":[{"@type":"WebPage","@id":"https:\/\/www.chiavariturismo.it\/fr\/sport-et-loisirs\/","url":"https:\/\/www.chiavariturismo.it\/fr\/sport-et-loisirs\/","name":"Sport et Loisirs | Portale Ufficiale del Turismo Comune di Chiavari","isPartOf":{"@id":"https:\/\/www.chiavariturismo.it\/fr\/#website"},"datePublished":"2024-10-17T10:21:03+00:00","dateModified":"2025-05-09T09:42:30+00:00","description":"Chiavari a depuis toujours valoris\u00e9 les traditions maritimes liguriennes, en synergie avec les associations culturelles, touristiques, et sportives du territoire.","breadcrumb":{"@id":"https:\/\/www.chiavariturismo.it\/fr\/sport-et-loisirs\/#breadcrumb"},"inLanguage":"fr-FR","potentialAction":[{"@type":"ReadAction","target":["https:\/\/www.chiavariturismo.it\/fr\/sport-et-loisirs\/"]}]},{"@type":"BreadcrumbList","@id":"https:\/\/www.chiavariturismo.it\/fr\/sport-et-loisirs\/#breadcrumb","itemListElement":[{"@type":"ListItem","position":1,"name":"Home","item":"https:\/\/www.chiavariturismo.it\/fr\/"},{"@type":"ListItem","position":2,"name":"Sport et Loisirs"}]},{"@type":"WebSite","@id":"https:\/\/www.chiavariturismo.it\/fr\/#website","url":"https:\/\/www.chiavariturismo.it\/fr\/","name":"Portale Ufficiale del Turismo Comune di Chiavari","description":"Chiavari Turismo: scopri la nostra citt\u00e0","publisher":{"@id":"https:\/\/www.chiavariturismo.it\/fr\/#organization"},"potentialAction":[{"@type":"SearchAction","target":{"@type":"EntryPoint","urlTemplate":"https:\/\/www.chiavariturismo.it\/fr\/?s={search_term_string}"},"query-input":{"@type":"PropertyValueSpecification","valueRequired":true,"valueName":"search_term_string"}}],"inLanguage":"fr-FR"},{"@type":"Organization","@id":"https:\/\/www.chiavariturismo.it\/fr\/#organization","name":"Comune di Chiavari","url":"https:\/\/www.chiavariturismo.it\/fr\/","logo":{"@type":"ImageObject","inLanguage":"fr-FR","@id":"https:\/\/www.chiavariturismo.it\/fr\/#\/schema\/logo\/image\/","url":"https:\/\/www.chiavariturismo.it\/wp-content\/uploads\/2018\/10\/Chiavari-Stemma-logo.jpg","contentUrl":"https:\/\/www.chiavariturismo.it\/wp-content\/uploads\/2018\/10\/Chiavari-Stemma-logo.jpg","width":100,"height":96,"caption":"Comune di Chiavari"},"image":{"@id":"https:\/\/www.chiavariturismo.it\/fr\/#\/schema\/logo\/image\/"},"sameAs":["https:\/\/www.facebook.com\/comune.chiavari\/"]}]}},"_links":{"self":[{"href":"https:\/\/www.chiavariturismo.it\/fr\/wp-json\/wp\/v2\/pages\/33760","targetHints":{"allow":["GET"]}}],"collection":[{"href":"https:\/\/www.chiavariturismo.it\/fr\/wp-json\/wp\/v2\/pages"}],"about":[{"href":"https:\/\/www.chiavariturismo.it\/fr\/wp-json\/wp\/v2\/types\/page"}],"author":[{"embeddable":true,"href":"https:\/\/www.chiavariturismo.it\/fr\/wp-json\/wp\/v2\/users\/2"}],"replies":[{"embeddable":true,"href":"https:\/\/www.chiavariturismo.it\/fr\/wp-json\/wp\/v2\/comments?post=33760"}],"version-history":[{"count":7,"href":"https:\/\/www.chiavariturismo.it\/fr\/wp-json\/wp\/v2\/pages\/33760\/revisions"}],"predecessor-version":[{"id":35140,"href":"https:\/\/www.chiavariturismo.it\/fr\/wp-json\/wp\/v2\/pages\/33760\/revisions\/35140"}],"wp:attachment":[{"href":"https:\/\/www.chiavariturismo.it\/fr\/wp-json\/wp\/v2\/media?parent=33760"}],"curies":[{"name":"wp","href":"https:\/\/api.w.org\/{rel}","templated":true}]}}