{"id":33807,"date":"2024-11-27T09:52:16","date_gmt":"2024-11-27T08:52:16","guid":{"rendered":"https:\/\/www.chiavariturismo.it\/?page_id=33807"},"modified":"2025-05-12T17:57:37","modified_gmt":"2025-05-12T15:57:37","slug":"les-palais-litteraires","status":"publish","type":"page","link":"https:\/\/www.chiavariturismo.it\/fr\/les-palais-litteraires\/","title":{"rendered":"Les palais litt\u00e9raires"},"content":{"rendered":"<div class=\"wpb-content-wrapper\"><p>[vc_row full_width=&#8221;stretch_row_content_no_spaces&#8221;][vc_column]\n\t\t\t<!-- START palazzi letterari REVOLUTION SLIDER 6.7.35 --><p class=\"rs-p-wp-fix\"><\/p>\n\t\t\t<rs-module-wrap id=\"rev_slider_55_1_wrapper\" data-source=\"gallery\" style=\"visibility:hidden;background:#ffffff;padding:0;margin:0px auto;margin-top:0;margin-bottom:0;\">\n\t\t\t\t<rs-module id=\"rev_slider_55_1\" style=\"\" data-version=\"6.7.35\">\n\t\t\t\t\t<rs-slides style=\"overflow: hidden; position: absolute;\">\n\t\t\t\t\t\t<rs-slide style=\"position: absolute;\" data-key=\"rs-85\" data-title=\"Slide\" data-duration=\"9000\" data-anim=\"ms:10;\" data-in=\"o:1;\" data-out=\"a:false;\" data-hal=\"500\">\n\t\t\t\t\t\t\t<img src=\"\/\/www.chiavariturismo.it\/wp-content\/plugins\/revslider\/sr6\/assets\/assets\/dummy.png\" alt=\"\" title=\"CHIAVARI 61\" width=\"2560\" height=\"2337\" class=\"rev-slidebg tp-rs-img rs-lazyload\" data-lazyload=\"\/\/www.chiavariturismo.it\/wp-content\/uploads\/2024\/02\/CHIAVARI-61-scaled.jpg\" data-bg=\"p:center bottom;\" data-parallax=\"15\" data-no-retina>\n<!--\n\t\t\t\t\t\t\t--><h1\n\t\t\t\t\t\t\t\tid=\"slider-55-slide-85-layer-1\" \n\t\t\t\t\t\t\t\tclass=\"rs-layer text-shadow\"\n\t\t\t\t\t\t\t\tdata-type=\"text\"\n\t\t\t\t\t\t\t\tdata-rsp_ch=\"on\"\n\t\t\t\t\t\t\t\ttitle=\"Eventi e Manifestazioni\"\n\t\t\t\t\t\t\t\tdata-xy=\"x:c;y:m;\"\n\t\t\t\t\t\t\t\tdata-text=\"s:80,66,51,39;l:85,79,55,52;a:center;\"\n\t\t\t\t\t\t\t\tdata-frame_1=\"x:0,0px,0px,0px;y:0,0px,0px,0px;\"\n\t\t\t\t\t\t\t\tdata-frame_999=\"o:0;st:w;sR:8700;\"\n\t\t\t\t\t\t\t\tstyle=\"z-index:5;font-family:'Georgia', 'serif';\"\n\t\t\t\t\t\t\t>PALAIS LITT\u00c9RAIRES \n\t\t\t\t\t\t\t<\/h1><!--\n-->\t\t\t\t\t<\/rs-slide>\n\t\t\t\t\t<\/rs-slides>\n\t\t\t\t<\/rs-module>\n\t\t\t\t<script>\n\t\t\t\t\tsetREVStartSize({c: 'rev_slider_55_1',rl:[1240,1024,778,480],el:[950,767.986,960,720],gw:[1920,1024,778,480],gh:[950,768,960,720],type:'hero',justify:'',layout:'fullwidth',mh:\"0\"});if (window.RS_MODULES!==undefined && window.RS_MODULES.modules!==undefined && window.RS_MODULES.modules[\"revslider551\"]!==undefined) {window.RS_MODULES.modules[\"revslider551\"].once = false;window.revapi55 = undefined;if (window.RS_MODULES.checkMinimal!==undefined) window.RS_MODULES.checkMinimal()}\n\t\t\t\t<\/script>\n\t\t\t<\/rs-module-wrap>\n\t\t\t<!-- END REVOLUTION SLIDER -->\n[vc_empty_space height=&#8221;20px&#8221;][\/vc_column][\/vc_row][vc_row][vc_column width=&#8221;3\/4&#8243;][vc_column_text css=&#8221;&#8221; css_animation=&#8221;none&#8221;]L\u2019identification de la Rue des \u201cpalais litt\u00e9raires\u201d d\u00e9coule des recherches men\u00e9es ces derni\u00e8res ann\u00e9es par Barbara Bernab\u00f2 et publi\u00e9es en grande partie dans les <em>Quaderni del Centro di Cultura \u201cL\u2019Agave\u201d<\/em>.<\/p>\n<p>De ces \u00e9tudes est n\u00e9 un projet, con\u00e7u et offert par \u201cL\u2019Agave\u201d \u00e0 la Commune de Chiavari, qui vise \u00e0 attirer l\u2019attention sur une rue de l\u2019ancien quartier de Chiavari, la rue actuelle Via Ravaschieri \u2013 Via Raggio, le long de laquelle sont align\u00e9s d\u2019importants palais li\u00e9s de diff\u00e9rentes mani\u00e8res \u00e0 des chefs-d\u2019\u0153uvre de la litt\u00e9rature italienne : le Palazzo dei Portici Neri \u00e0 <em>l\u2019Orlando Furioso<\/em> de Ludovico Ariosto, le Palazzo Ravaschieri aux <em>Novelle<\/em> de Matteo Bandello, le Palazzo Cesena \u00e0 l\u2019une des dames g\u00e9noises aim\u00e9es par Foscolo.<\/p>\n<p>Il s\u2019agit d\u2019un parcours chronologique dans la litt\u00e9rature italienne qui se refl\u00e8te et se concr\u00e9tise visuellement dans un parcours \u201cphysique\u201d le long des principales \u00e9mergences monumentales du centre historique de Chiavari.<\/p>\n<p><strong>Palazzo \u201cdei portici neri\u201d (Piazza Fenice).<\/strong> Construit au XIIIe si\u00e8cle juste en dessous du ch\u00e2teau et pr\u00e8s des murs m\u00e9di\u00e9vaux, il appartenait \u00e0 Opizzo Fieschi, fr\u00e8re du pape Innocent IV (Sinibaldo Fieschi) et oncle paternel de certains personnages mentionn\u00e9s par Dante Alighieri dans la <em>Divine Com\u00e9die<\/em> :<\/p>\n<ul>\n<li>Bonifacio Fieschi, archev\u00eaque de Ravenne (1275-1294), parmi les Gourmands (<em>Purgatoire<\/em>, XXIV, 28-30)<\/li>\n<li>Adriano V (Ottobuono Fieschi), pape pendant un mois en 1276, parmi les Avaricieux (<em>Purgatoire<\/em>, XIX, 88-145). En s\u2019adressant \u00e0 Dante, il \u00e9voque affectueusement sa ni\u00e8ce Alagia, femme vertueuse de Moroello Malaspina de Giovagallo.<\/li>\n<\/ul>\n<p>Au XVIe si\u00e8cle, les descendants d\u2019un fr\u00e8re d\u2019Opizzo sont cit\u00e9s parmi les grands seigneurs italiens dans <em>l\u2019Orlando Furioso<\/em> de Ludovico Ariosto (chant XXVI) :<\/p>\n<ul>\n<li>Sinibaldo Fieschi, p\u00e8re du c\u00e9l\u00e8bre Gianluigi (auteur du complot de 1547 contre Andrea Doria)<\/li>\n<li>Ottobuono Fieschi, fr\u00e8re de Sinibaldo, \u00e9v\u00eaque de Mondov\u00ec (1519-1522)<\/li>\n<li>Luigi Gonzaga, seigneur de Gazzuolo, surnomm\u00e9 Rodomonte pour sa force physique extraordinaire, capitaine imp\u00e9rial de Charles Quint, mais aussi po\u00e8te et amateur de lettres. Il \u00e9tait fils d\u2019une s\u0153ur de Sinibaldo et Ottobuono et \u00e0 son tour p\u00e8re de Vespasiano Gonzaga, duc de Sabbioneta.<\/li>\n<\/ul>\n<p>Une fille naturelle de Sinibaldo, Claudia Fieschi, est la protagoniste d&#8217;une savoureuse nouvelle de Matteo Bandello, une histoire d&#8217;amour et de mort situ\u00e9e dans la Chiavari du XVIe si\u00e8cle, \u00e0 l&#8217;int\u00e9rieur du Palazzo Ravaschieri (Via Ravaschieri 19).<br \/>\nAvec un saut de deux si\u00e8cles, le Palazzo Cesena (Via Raggio 2) nous ram\u00e8ne \u00e0 G\u00eanes \u00e0 la fin du XVIIIe si\u00e8cle, une ville culturellement vivante, o\u00f9 ce sont les femmes qui animaient les salons les plus en vogue, fr\u00e9quent\u00e9s par des artistes et des intellectuels progressistes et philofran\u00e7ais, ainsi que par des po\u00e8tes qui rev\u00eataient temporairement l&#8217;uniforme, comme Ugo Foscolo, Giovanni Fantuzzi, Giuseppe Giulio Ceroni, Antonio Gasparinetti, tous officiers de la division Gazan et auteurs de l&#8217;hommage po\u00e9tique offert \u00e0 Luigia Ferrari Pallavicini apr\u00e8s sa chute catastrophique de cheval, une collection de vers qui comprend \u00e9galement la c\u00e9l\u00e8bre ode de Foscolo.<br \/>\nEn d\u00e9cembre 1799, l&#8217;officier-litt\u00e9rateur Angelo Petracchi publiait la <em>Galleria ligure<\/em>, dans laquelle il c\u00e9l\u00e9brait en vers les plus belles dames de G\u00eanes, parmi lesquelles la brune et fascinante Annetta (Anna Viani Cesena). Peu apr\u00e8s, le po\u00e8te jacobin v\u00e9nitien Giuseppe Giulio Ceroni rendit hommage aux belles dames de la ville dans l&#8217;apologue en octosyllabes <em>Il Pappagalletto<\/em>, o\u00f9 il \u00e9voque une capinera (la m\u00eame Anna Viani) recherch\u00e9e en vain par le serin de l&#8217;Adria (Ugo Foscolo).<br \/>\nLa Viani, originaire de G\u00eanes et mari\u00e9e au noble Camillo Cesena, r\u00e9sida longtemps dans le palais de Chiavari appartenant \u00e0 la famille de son mari, et c&#8217;est ici que naquirent ses deux enfants avant leur transfert dans sa ville natale.[\/vc_column_text][\/vc_column][vc_column width=&#8221;1\/4&#8243; css_animation=&#8221;none&#8221; css=&#8221;.vc_custom_1729160234476{margin-top: 0px !important;margin-bottom: 0px !important;border-top-width: 0px !important;border-bottom-width: 0px !important;padding-top: 0px !important;padding-bottom: 0px !important;}&#8221;][vc_row_inner css=&#8221;.vc_custom_1729160250652{margin-top: 0px !important;margin-bottom: 0px !important;border-top-width: 0px !important;border-bottom-width: 0px !important;padding-top: 0px !important;padding-bottom: 0px !important;background-color: #F4F4F4 !important;}&#8221;][vc_column_inner][vc_empty_space height=&#8221;5px&#8221;][vc_single_image image=&#8221;33656&#8243; img_size=&#8221;full&#8221; alignment=&#8221;center&#8221; onclick=&#8221;custom_link&#8221; css=&#8221;.vc_custom_1732641817491{margin-top: 0px !important;margin-bottom: 0px !important;border-top-width: 0px !important;border-bottom-width: 0px !important;padding-top: 0px !important;padding-bottom: 0px !important;}&#8221; link=&#8221;https:\/\/www.chiavariturismo.it\/fr\/gallery\/&#8221;][vc_column_text css=&#8221;&#8221;]<\/p>\n<h2 style=\"text-align: center; color: #0c4858; text-transform: none; letter-spacing: -0.5px; line-height: 15px;\"><a href=\"https:\/\/www.chiavariturismo.it\/fr\/gallery\/\"><strong><em>Gallery<\/em><\/strong><\/a><\/h2>\n<p style=\"text-align: center;\"><a href=\"https:\/\/www.chiavariturismo.it\/fr\/gallery\/\">Feuilletez notre album pour d\u00e9couvrir Chiavari et faites le tour de la ville<\/a><\/p>\n<p>[\/vc_column_text][\/vc_column_inner][\/vc_row_inner][vc_row_inner css=&#8221;.vc_custom_1729870468133{margin-top: 0px !important;border-top-width: 0px !important;padding-top: 0px !important;background-color: #F4F4F4 !important;}&#8221;][vc_column_inner][vc_empty_space height=&#8221;5px&#8221;][vc_single_image image=&#8221;33659&#8243; img_size=&#8221;full&#8221; alignment=&#8221;center&#8221; onclick=&#8221;custom_link&#8221; css=&#8221;.vc_custom_1732641839263{margin-top: 0px !important;margin-bottom: 0px !important;border-top-width: 0px !important;border-bottom-width: 0px !important;padding-top: 0px !important;padding-bottom: 0px !important;}&#8221; link=&#8221;https:\/\/www.chiavariturismo.it\/fr\/services\/&#8221;][vc_column_text css=&#8221;&#8221;]<\/p>\n<h2 style=\"text-align: center; color: #0c4858; text-transform: none; letter-spacing: -0.5px; line-height: 15px;\"><a href=\"https:\/\/www.chiavariturismo.it\/fr\/services\/\"><strong><em>Services<\/em><\/strong><\/a><\/h2>\n<p style=\"text-align: center;\"><a href=\"https:\/\/www.chiavariturismo.it\/fr\/services\/\">D\u00e9couvrez tous les services mis \u00e0 la disposition des citoyens et o\u00f9 les trouver<\/a><\/p>\n<p>[\/vc_column_text][\/vc_column_inner][\/vc_row_inner][vc_row_inner css=&#8221;.vc_custom_1729160250652{margin-top: 0px !important;margin-bottom: 0px !important;border-top-width: 0px !important;border-bottom-width: 0px !important;padding-top: 0px !important;padding-bottom: 0px !important;background-color: #F4F4F4 !important;}&#8221;][vc_column_inner][vc_empty_space height=&#8221;5px&#8221;][vc_single_image image=&#8221;33653&#8243; img_size=&#8221;full&#8221; alignment=&#8221;center&#8221; onclick=&#8221;custom_link&#8221; css=&#8221;.vc_custom_1732641857599{margin-top: 0px !important;margin-bottom: 0px !important;border-top-width: 0px !important;border-bottom-width: 0px !important;padding-top: 0px !important;padding-bottom: 0px !important;}&#8221; link=&#8221;https:\/\/www.chiavariturismo.it\/fr\/a-deux-pas-de\/&#8221;][vc_column_text css=&#8221;&#8221;]<\/p>\n<h2 style=\"text-align: center; color: #0c4858; text-transform: none; letter-spacing: -0.5px; line-height: 35px;\"><a href=\"https:\/\/www.chiavariturismo.it\/fr\/a-deux-pas-de\/\"><strong><em>Comment s&#8217;y rendre<\/em><\/strong><\/a><\/h2>\n<p style=\"text-align: center;\"><a href=\"https:\/\/www.chiavariturismo.it\/fr\/a-deux-pas-de\/\">Chiavari, perle du Tigullio est au centre d\u2019une grande baie o\u00f9 l\u2019on retrouve Portofino, Santa Margherita Ligure, Rapallo, et un peu plus \u00e0 l\u2019est Sestri Levante. Et non seulement\u2026<\/a><\/p>\n<p>[\/vc_column_text][\/vc_column_inner][\/vc_row_inner][vc_empty_space][\/vc_column][\/vc_row]<\/p>\n<\/div>","protected":false},"excerpt":{"rendered":"<p>[vc_row full_width=&#8221;stretch_row_content_no_spaces&#8221;][vc_column][vc_empty_space height=&#8221;20px&#8221;][\/vc_column][\/vc_row][vc_row][vc_column width=&#8221;3\/4&#8243;][vc_column_text css=&#8221;&#8221; css_animation=&#8221;none&#8221;]L\u2019identification de la Rue des \u201cpalais litt\u00e9raires\u201d d\u00e9coule des recherches men\u00e9es ces derni\u00e8res ann\u00e9es par&#8230;<\/p>\n","protected":false},"author":2,"featured_media":0,"parent":0,"menu_order":0,"comment_status":"closed","ping_status":"closed","template":"","meta":{"footnotes":""},"class_list":["post-33807","page","type-page","status-publish"],"yoast_head":"<!-- This site is optimized with the Yoast SEO plugin v25.6 - https:\/\/yoast.com\/wordpress\/plugins\/seo\/ -->\n<title>Les palais litt\u00e9raires | Portale Ufficiale del Turismo Comune di Chiavari<\/title>\n<meta name=\"description\" content=\"Chiavari a depuis toujours valoris\u00e9 les traditions maritimes liguriennes, en synergie avec les associations culturelles, touristiques, et sportives du territoire.\" \/>\n<meta name=\"robots\" content=\"index, follow, max-snippet:-1, max-image-preview:large, max-video-preview:-1\" \/>\n<link rel=\"canonical\" href=\"https:\/\/www.chiavariturismo.it\/fr\/les-palais-litteraires\/\" \/>\n<meta property=\"og:locale\" content=\"fr_FR\" \/>\n<meta property=\"og:type\" content=\"article\" \/>\n<meta property=\"og:title\" content=\"Les palais litt\u00e9raires | Portale Ufficiale del Turismo Comune di Chiavari\" \/>\n<meta property=\"og:description\" content=\"Chiavari a depuis toujours valoris\u00e9 les traditions maritimes liguriennes, en synergie avec les associations culturelles, touristiques, et sportives du territoire.\" \/>\n<meta property=\"og:url\" content=\"https:\/\/www.chiavariturismo.it\/fr\/les-palais-litteraires\/\" \/>\n<meta property=\"og:site_name\" content=\"Portale Ufficiale del Turismo Comune di Chiavari\" \/>\n<meta property=\"article:publisher\" content=\"https:\/\/www.facebook.com\/comune.chiavari\/\" \/>\n<meta property=\"article:modified_time\" content=\"2025-05-12T15:57:37+00:00\" \/>\n<meta name=\"twitter:card\" content=\"summary_large_image\" \/>\n<meta name=\"twitter:label1\" content=\"Dur\u00e9e de lecture estim\u00e9e\" \/>\n\t<meta name=\"twitter:data1\" content=\"5 minutes\" \/>\n<script type=\"application\/ld+json\" class=\"yoast-schema-graph\">{\"@context\":\"https:\/\/schema.org\",\"@graph\":[{\"@type\":\"WebPage\",\"@id\":\"https:\/\/www.chiavariturismo.it\/fr\/les-palais-litteraires\/\",\"url\":\"https:\/\/www.chiavariturismo.it\/fr\/les-palais-litteraires\/\",\"name\":\"Les palais litt\u00e9raires | Portale Ufficiale del Turismo Comune di Chiavari\",\"isPartOf\":{\"@id\":\"https:\/\/www.chiavariturismo.it\/fr\/#website\"},\"datePublished\":\"2024-11-27T08:52:16+00:00\",\"dateModified\":\"2025-05-12T15:57:37+00:00\",\"description\":\"Chiavari a depuis toujours valoris\u00e9 les traditions maritimes liguriennes, en synergie avec les associations culturelles, touristiques, et sportives du territoire.\",\"breadcrumb\":{\"@id\":\"https:\/\/www.chiavariturismo.it\/fr\/les-palais-litteraires\/#breadcrumb\"},\"inLanguage\":\"fr-FR\",\"potentialAction\":[{\"@type\":\"ReadAction\",\"target\":[\"https:\/\/www.chiavariturismo.it\/fr\/les-palais-litteraires\/\"]}]},{\"@type\":\"BreadcrumbList\",\"@id\":\"https:\/\/www.chiavariturismo.it\/fr\/les-palais-litteraires\/#breadcrumb\",\"itemListElement\":[{\"@type\":\"ListItem\",\"position\":1,\"name\":\"Home\",\"item\":\"https:\/\/www.chiavariturismo.it\/fr\/\"},{\"@type\":\"ListItem\",\"position\":2,\"name\":\"Les palais litt\u00e9raires\"}]},{\"@type\":\"WebSite\",\"@id\":\"https:\/\/www.chiavariturismo.it\/fr\/#website\",\"url\":\"https:\/\/www.chiavariturismo.it\/fr\/\",\"name\":\"Portale Ufficiale del Turismo Comune di Chiavari\",\"description\":\"Chiavari Turismo: scopri la nostra citt\u00e0\",\"publisher\":{\"@id\":\"https:\/\/www.chiavariturismo.it\/fr\/#organization\"},\"potentialAction\":[{\"@type\":\"SearchAction\",\"target\":{\"@type\":\"EntryPoint\",\"urlTemplate\":\"https:\/\/www.chiavariturismo.it\/fr\/?s={search_term_string}\"},\"query-input\":{\"@type\":\"PropertyValueSpecification\",\"valueRequired\":true,\"valueName\":\"search_term_string\"}}],\"inLanguage\":\"fr-FR\"},{\"@type\":\"Organization\",\"@id\":\"https:\/\/www.chiavariturismo.it\/fr\/#organization\",\"name\":\"Comune di Chiavari\",\"url\":\"https:\/\/www.chiavariturismo.it\/fr\/\",\"logo\":{\"@type\":\"ImageObject\",\"inLanguage\":\"fr-FR\",\"@id\":\"https:\/\/www.chiavariturismo.it\/fr\/#\/schema\/logo\/image\/\",\"url\":\"https:\/\/www.chiavariturismo.it\/wp-content\/uploads\/2018\/10\/Chiavari-Stemma-logo.jpg\",\"contentUrl\":\"https:\/\/www.chiavariturismo.it\/wp-content\/uploads\/2018\/10\/Chiavari-Stemma-logo.jpg\",\"width\":100,\"height\":96,\"caption\":\"Comune di Chiavari\"},\"image\":{\"@id\":\"https:\/\/www.chiavariturismo.it\/fr\/#\/schema\/logo\/image\/\"},\"sameAs\":[\"https:\/\/www.facebook.com\/comune.chiavari\/\"]}]}<\/script>\n<!-- \/ Yoast SEO plugin. -->","yoast_head_json":{"title":"Les palais litt\u00e9raires | Portale Ufficiale del Turismo Comune di Chiavari","description":"Chiavari a depuis toujours valoris\u00e9 les traditions maritimes liguriennes, en synergie avec les associations culturelles, touristiques, et sportives du territoire.","robots":{"index":"index","follow":"follow","max-snippet":"max-snippet:-1","max-image-preview":"max-image-preview:large","max-video-preview":"max-video-preview:-1"},"canonical":"https:\/\/www.chiavariturismo.it\/fr\/les-palais-litteraires\/","og_locale":"fr_FR","og_type":"article","og_title":"Les palais litt\u00e9raires | Portale Ufficiale del Turismo Comune di Chiavari","og_description":"Chiavari a depuis toujours valoris\u00e9 les traditions maritimes liguriennes, en synergie avec les associations culturelles, touristiques, et sportives du territoire.","og_url":"https:\/\/www.chiavariturismo.it\/fr\/les-palais-litteraires\/","og_site_name":"Portale Ufficiale del Turismo Comune di Chiavari","article_publisher":"https:\/\/www.facebook.com\/comune.chiavari\/","article_modified_time":"2025-05-12T15:57:37+00:00","twitter_card":"summary_large_image","twitter_misc":{"Dur\u00e9e de lecture estim\u00e9e":"5 minutes"},"schema":{"@context":"https:\/\/schema.org","@graph":[{"@type":"WebPage","@id":"https:\/\/www.chiavariturismo.it\/fr\/les-palais-litteraires\/","url":"https:\/\/www.chiavariturismo.it\/fr\/les-palais-litteraires\/","name":"Les palais litt\u00e9raires | Portale Ufficiale del Turismo Comune di Chiavari","isPartOf":{"@id":"https:\/\/www.chiavariturismo.it\/fr\/#website"},"datePublished":"2024-11-27T08:52:16+00:00","dateModified":"2025-05-12T15:57:37+00:00","description":"Chiavari a depuis toujours valoris\u00e9 les traditions maritimes liguriennes, en synergie avec les associations culturelles, touristiques, et sportives du territoire.","breadcrumb":{"@id":"https:\/\/www.chiavariturismo.it\/fr\/les-palais-litteraires\/#breadcrumb"},"inLanguage":"fr-FR","potentialAction":[{"@type":"ReadAction","target":["https:\/\/www.chiavariturismo.it\/fr\/les-palais-litteraires\/"]}]},{"@type":"BreadcrumbList","@id":"https:\/\/www.chiavariturismo.it\/fr\/les-palais-litteraires\/#breadcrumb","itemListElement":[{"@type":"ListItem","position":1,"name":"Home","item":"https:\/\/www.chiavariturismo.it\/fr\/"},{"@type":"ListItem","position":2,"name":"Les palais litt\u00e9raires"}]},{"@type":"WebSite","@id":"https:\/\/www.chiavariturismo.it\/fr\/#website","url":"https:\/\/www.chiavariturismo.it\/fr\/","name":"Portale Ufficiale del Turismo Comune di Chiavari","description":"Chiavari Turismo: scopri la nostra citt\u00e0","publisher":{"@id":"https:\/\/www.chiavariturismo.it\/fr\/#organization"},"potentialAction":[{"@type":"SearchAction","target":{"@type":"EntryPoint","urlTemplate":"https:\/\/www.chiavariturismo.it\/fr\/?s={search_term_string}"},"query-input":{"@type":"PropertyValueSpecification","valueRequired":true,"valueName":"search_term_string"}}],"inLanguage":"fr-FR"},{"@type":"Organization","@id":"https:\/\/www.chiavariturismo.it\/fr\/#organization","name":"Comune di Chiavari","url":"https:\/\/www.chiavariturismo.it\/fr\/","logo":{"@type":"ImageObject","inLanguage":"fr-FR","@id":"https:\/\/www.chiavariturismo.it\/fr\/#\/schema\/logo\/image\/","url":"https:\/\/www.chiavariturismo.it\/wp-content\/uploads\/2018\/10\/Chiavari-Stemma-logo.jpg","contentUrl":"https:\/\/www.chiavariturismo.it\/wp-content\/uploads\/2018\/10\/Chiavari-Stemma-logo.jpg","width":100,"height":96,"caption":"Comune di Chiavari"},"image":{"@id":"https:\/\/www.chiavariturismo.it\/fr\/#\/schema\/logo\/image\/"},"sameAs":["https:\/\/www.facebook.com\/comune.chiavari\/"]}]}},"_links":{"self":[{"href":"https:\/\/www.chiavariturismo.it\/fr\/wp-json\/wp\/v2\/pages\/33807","targetHints":{"allow":["GET"]}}],"collection":[{"href":"https:\/\/www.chiavariturismo.it\/fr\/wp-json\/wp\/v2\/pages"}],"about":[{"href":"https:\/\/www.chiavariturismo.it\/fr\/wp-json\/wp\/v2\/types\/page"}],"author":[{"embeddable":true,"href":"https:\/\/www.chiavariturismo.it\/fr\/wp-json\/wp\/v2\/users\/2"}],"replies":[{"embeddable":true,"href":"https:\/\/www.chiavariturismo.it\/fr\/wp-json\/wp\/v2\/comments?post=33807"}],"version-history":[{"count":3,"href":"https:\/\/www.chiavariturismo.it\/fr\/wp-json\/wp\/v2\/pages\/33807\/revisions"}],"predecessor-version":[{"id":35165,"href":"https:\/\/www.chiavariturismo.it\/fr\/wp-json\/wp\/v2\/pages\/33807\/revisions\/35165"}],"wp:attachment":[{"href":"https:\/\/www.chiavariturismo.it\/fr\/wp-json\/wp\/v2\/media?parent=33807"}],"curies":[{"name":"wp","href":"https:\/\/api.w.org\/{rel}","templated":true}]}}